{"id":5614,"date":"2026-01-08T05:15:29","date_gmt":"2026-01-08T05:15:29","guid":{"rendered":"https:\/\/veneludica.com\/?post_type=product&#038;p=5614"},"modified":"2026-01-08T05:15:29","modified_gmt":"2026-01-08T05:15:29","slug":"colt-express-bandits-expansion-django","status":"publish","type":"product","link":"https:\/\/veneludica.com\/?product=colt-express-bandits-expansion-django","title":{"rendered":"Colt Express: Bandits Expansion &#8211; Django"},"content":{"rendered":"<p data-start=\"154\" data-end=\"726\">Cada una de las <strong data-start=\"170\" data-end=\"215\">seis expansiones de Colt Express: Bandits<\/strong> permite a los jugadores <strong data-start=\"240\" data-end=\"275\">competir contra el propio juego<\/strong>, que act\u00faa seg\u00fan las reglas espec\u00edficas de cada expansi\u00f3n. En cada una se narra una <strong data-start=\"360\" data-end=\"382\">historia diferente<\/strong>, ya que cada expansi\u00f3n introduce un <strong data-start=\"419\" data-end=\"440\">objetivo concreto<\/strong> y <strong data-start=\"443\" data-end=\"462\">nuevas acciones<\/strong> para el bandido controlado por el juego.<br data-start=\"503\" data-end=\"506\" \/>Este bandido puede <strong data-start=\"525\" data-end=\"545\">ganar la partida<\/strong>, y si eso sucede, <strong data-start=\"564\" data-end=\"595\" data-is-only-node=\"\">todos los jugadores pierden<\/strong>. Por ello, deber\u00e9is <strong data-start=\"616\" data-end=\"646\">cooperar contra este \u201cbot\u201d<\/strong>, sin olvidar que al final <strong data-start=\"673\" data-end=\"704\">solo puede haber un ganador<\/strong>: el bandido m\u00e1s rico.<\/p>\n<h3 data-start=\"728\" data-end=\"748\">Expansi\u00f3n Django<\/h3>\n<p data-start=\"750\" data-end=\"864\">En la expansi\u00f3n <strong data-start=\"766\" data-end=\"776\">Django<\/strong>, Django tiene una aut\u00e9ntica <strong data-start=\"805\" data-end=\"833\">obsesi\u00f3n con la dinamita<\/strong>. Mejor no acercarse demasiado\u2026<\/p>\n<p data-start=\"866\" data-end=\"1296\">Al comienzo de cada ronda, Django <strong data-start=\"900\" data-end=\"932\">deja un cartucho de dinamita<\/strong> en el lugar donde se encuentra. Django dispone de una acci\u00f3n de <strong data-start=\"997\" data-end=\"1010\">explosi\u00f3n<\/strong> que hace detonar <strong data-start=\"1028\" data-end=\"1057\">toda la dinamita del tren<\/strong>. Cualquier bandido que se encuentre <strong data-start=\"1094\" data-end=\"1121\">dentro o sobre el techo<\/strong> de un vag\u00f3n que explote es <strong data-start=\"1149\" data-end=\"1162\">expulsado<\/strong> del tren. Estos bandidos entregan a Django su <strong data-start=\"1209\" data-end=\"1230\">ficha de Se busca<\/strong> y deben usar su <strong data-start=\"1247\" data-end=\"1267\">siguiente acci\u00f3n<\/strong> para volver a subir al tren.<\/p>\n<p data-start=\"1298\" data-end=\"1395\">Django gana la partida si consigue <strong data-start=\"1333\" data-end=\"1372\">reunir todas las fichas de Se busca<\/strong> de los dem\u00e1s bandidos.<\/p>\n<p data-start=\"1298\" data-end=\"1395\"><a href=\"https:\/\/boardgamegeek.com\/boardgameexpansion\/255349\/colt-express-bandits-django\">PAGINA BGG<\/a><\/p>\n<p><iframe title=\"Colt Express Bandits: Django y Ghost- Unboxing Espa\u00f1ol- Tu Turno\" width=\"640\" height=\"360\" src=\"https:\/\/www.youtube.com\/embed\/xR6vUL7GdBA?feature=oembed\" frameborder=\"0\" allow=\"accelerometer; autoplay; clipboard-write; encrypted-media; gyroscope; picture-in-picture; web-share\" referrerpolicy=\"strict-origin-when-cross-origin\" allowfullscreen><\/iframe><\/p>\n","protected":false},"excerpt":{"rendered":"<p>Cada una de las seis expansiones de Colt Express: Bandits permite a los jugadores competir contra el propio juego, que act\u00faa seg\u00fan las reglas espec\u00edficas de cada expansi\u00f3n. En cada una se narra una historia diferente, ya que cada expansi\u00f3n introduce un objetivo concreto y nuevas acciones para el bandido controlado por el juego.Este bandido puede ganar la partida, y si eso sucede, todos los jugadores pierden. Por ello, deber\u00e9is&hellip;<\/p>\n","protected":false},"featured_media":5615,"comment_status":"open","ping_status":"closed","template":"","meta":[],"product_brand":[],"product_cat":[141,88],"product_tag":[144],"class_list":{"0":"post-5614","1":"product","2":"type-product","3":"status-publish","4":"has-post-thumbnail","6":"product_cat-expansion","7":"product_cat-familiar","8":"product_tag-expansion","10":"first","11":"instock","12":"taxable","13":"shipping-taxable","14":"purchasable","15":"product-type-simple"},"jetpack_sharing_enabled":true,"_links":{"self":[{"href":"https:\/\/veneludica.com\/index.php?rest_route=\/wp\/v2\/product\/5614","targetHints":{"allow":["GET"]}}],"collection":[{"href":"https:\/\/veneludica.com\/index.php?rest_route=\/wp\/v2\/product"}],"about":[{"href":"https:\/\/veneludica.com\/index.php?rest_route=\/wp\/v2\/types\/product"}],"replies":[{"embeddable":true,"href":"https:\/\/veneludica.com\/index.php?rest_route=%2Fwp%2Fv2%2Fcomments&post=5614"}],"version-history":[{"count":1,"href":"https:\/\/veneludica.com\/index.php?rest_route=\/wp\/v2\/product\/5614\/revisions"}],"predecessor-version":[{"id":5616,"href":"https:\/\/veneludica.com\/index.php?rest_route=\/wp\/v2\/product\/5614\/revisions\/5616"}],"wp:featuredmedia":[{"embeddable":true,"href":"https:\/\/veneludica.com\/index.php?rest_route=\/wp\/v2\/media\/5615"}],"wp:attachment":[{"href":"https:\/\/veneludica.com\/index.php?rest_route=%2Fwp%2Fv2%2Fmedia&parent=5614"}],"wp:term":[{"taxonomy":"product_brand","embeddable":true,"href":"https:\/\/veneludica.com\/index.php?rest_route=%2Fwp%2Fv2%2Fproduct_brand&post=5614"},{"taxonomy":"product_cat","embeddable":true,"href":"https:\/\/veneludica.com\/index.php?rest_route=%2Fwp%2Fv2%2Fproduct_cat&post=5614"},{"taxonomy":"product_tag","embeddable":true,"href":"https:\/\/veneludica.com\/index.php?rest_route=%2Fwp%2Fv2%2Fproduct_tag&post=5614"}],"curies":[{"name":"wp","href":"https:\/\/api.w.org\/{rel}","templated":true}]}}