{"id":5617,"date":"2026-01-08T05:18:59","date_gmt":"2026-01-08T05:18:59","guid":{"rendered":"https:\/\/veneludica.com\/?post_type=product&#038;p=5617"},"modified":"2026-01-08T05:20:47","modified_gmt":"2026-01-08T05:20:47","slug":"colt-express-bandits-expansion-doc","status":"publish","type":"product","link":"https:\/\/veneludica.com\/?product=colt-express-bandits-expansion-doc","title":{"rendered":"Colt Express: Bandits Expansion &#8211; Doc"},"content":{"rendered":"<p data-start=\"124\" data-end=\"705\">Cada una de las <strong data-start=\"140\" data-end=\"185\">seis expansiones de Colt Express: Bandits<\/strong> permite a los jugadores <strong data-start=\"210\" data-end=\"241\">enfrentarse al propio juego<\/strong>, que act\u00faa seg\u00fan las reglas espec\u00edficas de cada expansi\u00f3n. En cada una se desarrolla una <strong data-start=\"331\" data-end=\"352\">historia distinta<\/strong>, ya que cada expansi\u00f3n establece un <strong data-start=\"389\" data-end=\"410\">objetivo concreto<\/strong> y <strong data-start=\"413\" data-end=\"432\">nuevas acciones<\/strong> para el bandido controlado por el juego.<br data-start=\"473\" data-end=\"476\" \/>Este bandido puede <strong data-start=\"495\" data-end=\"515\">ganar la partida<\/strong>, y si eso ocurre, <strong data-start=\"534\" data-end=\"565\" data-is-only-node=\"\">todos los jugadores pierden<\/strong>. Por lo tanto, es necesario <strong data-start=\"594\" data-end=\"625\">colaborar contra este \u201cbot\u201d<\/strong>, sin olvidar que al final <strong data-start=\"652\" data-end=\"683\">solo puede haber un ganador<\/strong>: el bandido m\u00e1s rico.<\/p>\n<h3 data-start=\"707\" data-end=\"724\">Expansi\u00f3n Doc<\/h3>\n<p data-start=\"726\" data-end=\"1020\">En la expansi\u00f3n <strong data-start=\"742\" data-end=\"749\">Doc<\/strong>, los jugadores compiten por ganarse el <strong data-start=\"789\" data-end=\"807\">respeto de Doc<\/strong>, aunque no precisamente de forma amistosa. Cuando un bandido <strong data-start=\"869\" data-end=\"895\">dispara o golpea a Doc<\/strong>, se queda con la <strong data-start=\"913\" data-end=\"940\">carta de respeto de Doc<\/strong>. El bandido que posea esta carta <strong data-start=\"974\" data-end=\"1019\">toma todas las decisiones en lugar de Doc<\/strong>.<\/p>\n<p data-start=\"1022\" data-end=\"1472\">Doc dispara con <strong data-start=\"1038\" data-end=\"1058\">balas especiales<\/strong>, cada una de las cuales provoca un <strong data-start=\"1094\" data-end=\"1137\">efecto distinto durante la ronda actual<\/strong>. Doc tambi\u00e9n tiene otra acci\u00f3n espec\u00edfica: <strong data-start=\"1181\" data-end=\"1204\">la partida de p\u00f3ker<\/strong>. Cuando se juega esta carta de acci\u00f3n, <strong data-start=\"1244\" data-end=\"1283\">todos los bandidos deben participar<\/strong> y entregar <strong data-start=\"1295\" data-end=\"1325\">una de sus piezas de bot\u00edn<\/strong>. El jugador que tenga la <strong data-start=\"1351\" data-end=\"1378\">carta de respeto de Doc<\/strong> reparte <strong data-start=\"1387\" data-end=\"1408\">dos botines a Doc<\/strong> y <strong data-start=\"1411\" data-end=\"1456\">un bot\u00edn a cada uno de los dem\u00e1s bandidos<\/strong>, excepto a uno.<\/p>\n<p data-start=\"1474\" data-end=\"1536\">Doc gana la partida si termina siendo <strong data-start=\"1512\" data-end=\"1535\">el bandido m\u00e1s rico<\/strong>.<\/p>\n<p data-start=\"1474\" data-end=\"1536\"><a href=\"https:\/\/boardgamegeek.com\/boardgameexpansion\/255350\/colt-express-bandits-doc\">PAGINA BGG<\/a><\/p>\n<p><iframe title=\"Colt Express Bandits: Belle Y Doc- Unboxing Espa\u00f1ol- Tu Turno\" width=\"640\" height=\"360\" src=\"https:\/\/www.youtube.com\/embed\/ZHfOsLN1GOQ?feature=oembed\" frameborder=\"0\" allow=\"accelerometer; autoplay; clipboard-write; encrypted-media; gyroscope; picture-in-picture; web-share\" referrerpolicy=\"strict-origin-when-cross-origin\" allowfullscreen><\/iframe><\/p>\n","protected":false},"excerpt":{"rendered":"<p>Cada una de las seis expansiones de Colt Express: Bandits permite a los jugadores enfrentarse al propio juego, que act\u00faa seg\u00fan las reglas espec\u00edficas de cada expansi\u00f3n. En cada una se desarrolla una historia distinta, ya que cada expansi\u00f3n establece un objetivo concreto y nuevas acciones para el bandido controlado por el juego.Este bandido puede ganar la partida, y si eso ocurre, todos los jugadores pierden. Por lo tanto, es&hellip;<\/p>\n","protected":false},"featured_media":5619,"comment_status":"open","ping_status":"closed","template":"","meta":[],"product_brand":[],"product_cat":[141,88],"product_tag":[144],"class_list":{"0":"post-5617","1":"product","2":"type-product","3":"status-publish","4":"has-post-thumbnail","6":"product_cat-expansion","7":"product_cat-familiar","8":"product_tag-expansion","10":"first","11":"instock","12":"taxable","13":"shipping-taxable","14":"purchasable","15":"product-type-simple"},"jetpack_sharing_enabled":true,"_links":{"self":[{"href":"https:\/\/veneludica.com\/index.php?rest_route=\/wp\/v2\/product\/5617","targetHints":{"allow":["GET"]}}],"collection":[{"href":"https:\/\/veneludica.com\/index.php?rest_route=\/wp\/v2\/product"}],"about":[{"href":"https:\/\/veneludica.com\/index.php?rest_route=\/wp\/v2\/types\/product"}],"replies":[{"embeddable":true,"href":"https:\/\/veneludica.com\/index.php?rest_route=%2Fwp%2Fv2%2Fcomments&post=5617"}],"version-history":[{"count":3,"href":"https:\/\/veneludica.com\/index.php?rest_route=\/wp\/v2\/product\/5617\/revisions"}],"predecessor-version":[{"id":5622,"href":"https:\/\/veneludica.com\/index.php?rest_route=\/wp\/v2\/product\/5617\/revisions\/5622"}],"wp:featuredmedia":[{"embeddable":true,"href":"https:\/\/veneludica.com\/index.php?rest_route=\/wp\/v2\/media\/5619"}],"wp:attachment":[{"href":"https:\/\/veneludica.com\/index.php?rest_route=%2Fwp%2Fv2%2Fmedia&parent=5617"}],"wp:term":[{"taxonomy":"product_brand","embeddable":true,"href":"https:\/\/veneludica.com\/index.php?rest_route=%2Fwp%2Fv2%2Fproduct_brand&post=5617"},{"taxonomy":"product_cat","embeddable":true,"href":"https:\/\/veneludica.com\/index.php?rest_route=%2Fwp%2Fv2%2Fproduct_cat&post=5617"},{"taxonomy":"product_tag","embeddable":true,"href":"https:\/\/veneludica.com\/index.php?rest_route=%2Fwp%2Fv2%2Fproduct_tag&post=5617"}],"curies":[{"name":"wp","href":"https:\/\/api.w.org\/{rel}","templated":true}]}}