{"id":5623,"date":"2026-01-08T05:24:29","date_gmt":"2026-01-08T05:24:29","guid":{"rendered":"https:\/\/veneludica.com\/?post_type=product&#038;p=5623"},"modified":"2026-01-08T05:24:29","modified_gmt":"2026-01-08T05:24:29","slug":"colt-express-bandits-expansion-ghost","status":"publish","type":"product","link":"https:\/\/veneludica.com\/?product=colt-express-bandits-expansion-ghost","title":{"rendered":"Colt Express: Bandits Expansion &#8211; Ghost"},"content":{"rendered":"<p data-start=\"139\" data-end=\"712\">Cada una de las <strong data-start=\"155\" data-end=\"200\">seis expansiones de Colt Express: Bandits<\/strong> permite a los jugadores <strong data-start=\"225\" data-end=\"260\">competir contra el propio juego<\/strong>, que act\u00faa seg\u00fan las reglas espec\u00edficas de cada expansi\u00f3n. En cada una se cuenta una <strong data-start=\"346\" data-end=\"368\">historia diferente<\/strong>, ya que cada expansi\u00f3n crea un <strong data-start=\"400\" data-end=\"421\">objetivo concreto<\/strong> y <strong data-start=\"424\" data-end=\"443\">nuevas acciones<\/strong> para el bandido controlado por el juego.<br data-start=\"484\" data-end=\"487\" \/>Este bandido puede <strong data-start=\"506\" data-end=\"526\">ganar la partida<\/strong>, y si eso ocurre, <strong data-start=\"545\" data-end=\"576\" data-is-only-node=\"\">todos los jugadores pierden<\/strong>. Por ello, es necesario <strong data-start=\"601\" data-end=\"632\">colaborar contra este \u201cbot\u201d<\/strong>, sin olvidar que al final <strong data-start=\"659\" data-end=\"690\">solo puede haber un ganador<\/strong>: el bandido m\u00e1s rico.<\/p>\n<h3 data-start=\"714\" data-end=\"733\">Expansi\u00f3n Ghost<\/h3>\n<p data-start=\"735\" data-end=\"1002\">En la expansi\u00f3n <strong data-start=\"751\" data-end=\"760\">Ghost<\/strong>, Ghost siempre ha so\u00f1ado con hacerse con la <strong data-start=\"805\" data-end=\"824\">maleta especial<\/strong>. Su movimiento siempre lo acerca a la ubicaci\u00f3n de dicha maleta. Los ataques de <strong data-start=\"905\" data-end=\"916\">disparo<\/strong> y <strong data-start=\"919\" data-end=\"928\">golpe<\/strong> de Ghost alcanzan a <strong data-start=\"949\" data-end=\"981\">todos los objetivos posibles<\/strong>, incluida <strong data-start=\"992\" data-end=\"1001\">Belle<\/strong>.<\/p>\n<p data-start=\"1004\" data-end=\"1076\">La acci\u00f3n <strong data-start=\"1014\" data-end=\"1024\">Atraco<\/strong> permite a Ghost <strong data-start=\"1041\" data-end=\"1075\">hacerse con la maleta especial<\/strong>.<\/p>\n<p data-start=\"1078\" data-end=\"1212\">Si Ghost posee la maleta al final de la partida, <strong data-start=\"1127\" data-end=\"1151\">gana autom\u00e1ticamente<\/strong>, independientemente del bot\u00edn que tengan los dem\u00e1s bandidos.<\/p>\n<p data-start=\"1078\" data-end=\"1212\"><a href=\"https:\/\/boardgamegeek.com\/boardgameexpansion\/255351\/colt-express-bandits-ghost\">PAGINA BGG<\/a><\/p>\n<p><iframe title=\"Colt Express Bandits: Django y Ghost- Unboxing Espa\u00f1ol- Tu Turno\" width=\"640\" height=\"360\" src=\"https:\/\/www.youtube.com\/embed\/xR6vUL7GdBA?feature=oembed\" frameborder=\"0\" allow=\"accelerometer; autoplay; clipboard-write; encrypted-media; gyroscope; picture-in-picture; web-share\" referrerpolicy=\"strict-origin-when-cross-origin\" allowfullscreen><\/iframe><\/p>\n","protected":false},"excerpt":{"rendered":"<p>Cada una de las seis expansiones de Colt Express: Bandits permite a los jugadores competir contra el propio juego, que act\u00faa seg\u00fan las reglas espec\u00edficas de cada expansi\u00f3n. En cada una se cuenta una historia diferente, ya que cada expansi\u00f3n crea un objetivo concreto y nuevas acciones para el bandido controlado por el juego.Este bandido puede ganar la partida, y si eso ocurre, todos los jugadores pierden. Por ello, es&hellip;<\/p>\n","protected":false},"featured_media":5625,"comment_status":"open","ping_status":"closed","template":"","meta":[],"product_brand":[],"product_cat":[141,88],"product_tag":[144],"class_list":{"0":"post-5623","1":"product","2":"type-product","3":"status-publish","4":"has-post-thumbnail","6":"product_cat-expansion","7":"product_cat-familiar","8":"product_tag-expansion","10":"first","11":"instock","12":"taxable","13":"shipping-taxable","14":"purchasable","15":"product-type-simple"},"jetpack_sharing_enabled":true,"_links":{"self":[{"href":"https:\/\/veneludica.com\/index.php?rest_route=\/wp\/v2\/product\/5623","targetHints":{"allow":["GET"]}}],"collection":[{"href":"https:\/\/veneludica.com\/index.php?rest_route=\/wp\/v2\/product"}],"about":[{"href":"https:\/\/veneludica.com\/index.php?rest_route=\/wp\/v2\/types\/product"}],"replies":[{"embeddable":true,"href":"https:\/\/veneludica.com\/index.php?rest_route=%2Fwp%2Fv2%2Fcomments&post=5623"}],"version-history":[{"count":1,"href":"https:\/\/veneludica.com\/index.php?rest_route=\/wp\/v2\/product\/5623\/revisions"}],"predecessor-version":[{"id":5626,"href":"https:\/\/veneludica.com\/index.php?rest_route=\/wp\/v2\/product\/5623\/revisions\/5626"}],"wp:featuredmedia":[{"embeddable":true,"href":"https:\/\/veneludica.com\/index.php?rest_route=\/wp\/v2\/media\/5625"}],"wp:attachment":[{"href":"https:\/\/veneludica.com\/index.php?rest_route=%2Fwp%2Fv2%2Fmedia&parent=5623"}],"wp:term":[{"taxonomy":"product_brand","embeddable":true,"href":"https:\/\/veneludica.com\/index.php?rest_route=%2Fwp%2Fv2%2Fproduct_brand&post=5623"},{"taxonomy":"product_cat","embeddable":true,"href":"https:\/\/veneludica.com\/index.php?rest_route=%2Fwp%2Fv2%2Fproduct_cat&post=5623"},{"taxonomy":"product_tag","embeddable":true,"href":"https:\/\/veneludica.com\/index.php?rest_route=%2Fwp%2Fv2%2Fproduct_tag&post=5623"}],"curies":[{"name":"wp","href":"https:\/\/api.w.org\/{rel}","templated":true}]}}