{"id":5627,"date":"2026-01-08T05:27:14","date_gmt":"2026-01-08T05:27:14","guid":{"rendered":"https:\/\/veneludica.com\/?post_type=product&#038;p=5627"},"modified":"2026-01-08T05:27:14","modified_gmt":"2026-01-08T05:27:14","slug":"colt-express-bandits-expansion-tuco","status":"publish","type":"product","link":"https:\/\/veneludica.com\/?product=colt-express-bandits-expansion-tuco","title":{"rendered":"Colt Express: Bandits Expansion &#8211; Tuco"},"content":{"rendered":"<p data-start=\"146\" data-end=\"719\">Cada una de las <strong data-start=\"162\" data-end=\"207\">seis expansiones de Colt Express: Bandits<\/strong> permite a los jugadores <strong data-start=\"232\" data-end=\"267\">competir contra el propio juego<\/strong>, que act\u00faa seg\u00fan las reglas espec\u00edficas de cada expansi\u00f3n. En cada una se cuenta una <strong data-start=\"353\" data-end=\"375\">historia diferente<\/strong>, ya que cada expansi\u00f3n crea un <strong data-start=\"407\" data-end=\"428\">objetivo concreto<\/strong> y <strong data-start=\"431\" data-end=\"450\">nuevas acciones<\/strong> para el bandido controlado por el juego.<br data-start=\"491\" data-end=\"494\" \/>Este bandido puede <strong data-start=\"513\" data-end=\"533\">ganar la partida<\/strong>, y si eso ocurre, <strong data-start=\"552\" data-end=\"583\">todos los jugadores pierden<\/strong>. Por ello, es necesario <strong data-start=\"608\" data-end=\"639\" data-is-only-node=\"\">colaborar contra este \u201cbot\u201d<\/strong>, sin olvidar que al final <strong data-start=\"666\" data-end=\"697\">solo puede haber un ganador<\/strong>: el bandido m\u00e1s rico.<\/p>\n<h3 data-start=\"721\" data-end=\"739\">Expansi\u00f3n Tuco<\/h3>\n<p data-start=\"741\" data-end=\"860\">En la expansi\u00f3n <strong data-start=\"757\" data-end=\"765\">Tuco<\/strong>, Tuco no quiere encontrarse con el <strong data-start=\"801\" data-end=\"812\">Marshal<\/strong>, su antiguo amigo, contra el que guarda rencor.<\/p>\n<p data-start=\"862\" data-end=\"1114\">Las acciones de <strong data-start=\"878\" data-end=\"889\">disparo<\/strong> y <strong data-start=\"892\" data-end=\"901\">golpe<\/strong> de Tuco afectan a <strong data-start=\"920\" data-end=\"952\">todos los objetivos posibles<\/strong>, incluida <strong data-start=\"963\" data-end=\"972\">Belle<\/strong>.<br data-start=\"973\" data-end=\"976\" \/>La acci\u00f3n <strong data-start=\"986\" data-end=\"1001\">Intercambio<\/strong> cambia de lugar a Tuco y al Marshal, mientras que la acci\u00f3n <strong data-start=\"1062\" data-end=\"1073\">Marshal<\/strong> de Tuco aleja al Marshal de su posici\u00f3n.<\/p>\n<p data-start=\"1116\" data-end=\"1302\">Si un jugador ejecuta una acci\u00f3n que hace que el Marshal termine en la <strong data-start=\"1187\" data-end=\"1218\">misma localizaci\u00f3n que Tuco<\/strong>, ese jugador recibe una <strong data-start=\"1243\" data-end=\"1264\">ficha de B\u00fasqueda<\/strong> (<em data-start=\"1266\" data-end=\"1274\">Wanted<\/em>) con un valor de <strong data-start=\"1292\" data-end=\"1301\">500 $<\/strong>.<\/p>\n<p data-start=\"1304\" data-end=\"1393\">Al final de la partida, el bot\u00edn de Tuco vale <strong data-start=\"1350\" data-end=\"1392\">250 $ por cada bala que haya disparado<\/strong>.<\/p>\n<p data-start=\"1304\" data-end=\"1393\"><a href=\"https:\/\/boardgamegeek.com\/boardgame\/255352\/colt-express-bandits-tuco\">PAGINA BGG<\/a><\/p>\n<p><iframe title=\"Colt Express Bandits: Tuco y Cheyenne- Unboxing Espa\u00f1ol- Tu Turno\" width=\"640\" height=\"360\" src=\"https:\/\/www.youtube.com\/embed\/358xQeXYOqs?feature=oembed\" frameborder=\"0\" allow=\"accelerometer; autoplay; clipboard-write; encrypted-media; gyroscope; picture-in-picture; web-share\" referrerpolicy=\"strict-origin-when-cross-origin\" allowfullscreen><\/iframe><\/p>\n","protected":false},"excerpt":{"rendered":"<p>Cada una de las seis expansiones de Colt Express: Bandits permite a los jugadores competir contra el propio juego, que act\u00faa seg\u00fan las reglas espec\u00edficas de cada expansi\u00f3n. En cada una se cuenta una historia diferente, ya que cada expansi\u00f3n crea un objetivo concreto y nuevas acciones para el bandido controlado por el juego.Este bandido puede ganar la partida, y si eso ocurre, todos los jugadores pierden. Por ello, es&hellip;<\/p>\n","protected":false},"featured_media":5628,"comment_status":"open","ping_status":"closed","template":"","meta":[],"product_brand":[],"product_cat":[141,88],"product_tag":[144],"class_list":{"0":"post-5627","1":"product","2":"type-product","3":"status-publish","4":"has-post-thumbnail","6":"product_cat-expansion","7":"product_cat-familiar","8":"product_tag-expansion","10":"first","11":"instock","12":"taxable","13":"shipping-taxable","14":"purchasable","15":"product-type-simple"},"jetpack_sharing_enabled":true,"_links":{"self":[{"href":"https:\/\/veneludica.com\/index.php?rest_route=\/wp\/v2\/product\/5627","targetHints":{"allow":["GET"]}}],"collection":[{"href":"https:\/\/veneludica.com\/index.php?rest_route=\/wp\/v2\/product"}],"about":[{"href":"https:\/\/veneludica.com\/index.php?rest_route=\/wp\/v2\/types\/product"}],"replies":[{"embeddable":true,"href":"https:\/\/veneludica.com\/index.php?rest_route=%2Fwp%2Fv2%2Fcomments&post=5627"}],"version-history":[{"count":1,"href":"https:\/\/veneludica.com\/index.php?rest_route=\/wp\/v2\/product\/5627\/revisions"}],"predecessor-version":[{"id":5629,"href":"https:\/\/veneludica.com\/index.php?rest_route=\/wp\/v2\/product\/5627\/revisions\/5629"}],"wp:featuredmedia":[{"embeddable":true,"href":"https:\/\/veneludica.com\/index.php?rest_route=\/wp\/v2\/media\/5628"}],"wp:attachment":[{"href":"https:\/\/veneludica.com\/index.php?rest_route=%2Fwp%2Fv2%2Fmedia&parent=5627"}],"wp:term":[{"taxonomy":"product_brand","embeddable":true,"href":"https:\/\/veneludica.com\/index.php?rest_route=%2Fwp%2Fv2%2Fproduct_brand&post=5627"},{"taxonomy":"product_cat","embeddable":true,"href":"https:\/\/veneludica.com\/index.php?rest_route=%2Fwp%2Fv2%2Fproduct_cat&post=5627"},{"taxonomy":"product_tag","embeddable":true,"href":"https:\/\/veneludica.com\/index.php?rest_route=%2Fwp%2Fv2%2Fproduct_tag&post=5627"}],"curies":[{"name":"wp","href":"https:\/\/api.w.org\/{rel}","templated":true}]}}