{"id":5630,"date":"2026-01-08T05:32:03","date_gmt":"2026-01-08T05:32:03","guid":{"rendered":"https:\/\/veneludica.com\/?post_type=product&#038;p=5630"},"modified":"2026-01-08T05:32:03","modified_gmt":"2026-01-08T05:32:03","slug":"conan-el-juego-de-cartas","status":"publish","type":"product","link":"https:\/\/veneludica.com\/?product=conan-el-juego-de-cartas","title":{"rendered":"Conan: el juego de cartas"},"content":{"rendered":"<p data-start=\"58\" data-end=\"335\"><strong data-start=\"58\" data-end=\"66\">Edge<\/strong> afirma que el objetivo del juego es <strong data-start=\"103\" data-end=\"165\">reflejar todos los aspectos y personajes de la Era Hiboria<\/strong>. El juego ser\u00e1 <strong data-start=\"181\" data-end=\"202\">f\u00e1cil de aprender<\/strong>, pero <strong data-start=\"209\" data-end=\"223\">desafiante<\/strong>, y estar\u00e1 repleto de detalles del fant\u00e1stico mundo de <strong data-start=\"278\" data-end=\"299\">espada y brujer\u00eda<\/strong> imaginado por <strong data-start=\"314\" data-end=\"334\" data-is-only-node=\"\">Robert E. Howard<\/strong>.<\/p>\n<p data-start=\"337\" data-end=\"682\">En el juego, encarnas a un <strong data-start=\"364\" data-end=\"403\">aventurero en busca de oro y gloria<\/strong>. Viajar\u00e1s por las distintas <strong data-start=\"432\" data-end=\"470\">ciudades y localizaciones hiborias<\/strong>, y es muy probable que te cruces con <strong data-start=\"508\" data-end=\"517\">Conan<\/strong>, que puede aparecer de muchas formas distintas, desde <strong data-start=\"572\" data-end=\"583\">b\u00e1rbaro<\/strong> hasta <strong data-start=\"590\" data-end=\"597\">rey<\/strong>. Procura ser siempre su aliado, ya que <strong data-start=\"637\" data-end=\"681\">tenerlo como amigo ser\u00e1 lo mejor para ti<\/strong>.<\/p>\n<p data-start=\"337\" data-end=\"682\"><a href=\"https:\/\/boardgamegeek.com\/boardgame\/70329\/conan-el-juego-de-cartas\">PAGINA BGG<\/a><\/p>\n<p><iframe title=\"TDSP - Conan, el juego de cartas\" width=\"640\" height=\"360\" src=\"https:\/\/www.youtube.com\/embed\/4e8U6DPfRp4?feature=oembed\" frameborder=\"0\" allow=\"accelerometer; autoplay; clipboard-write; encrypted-media; gyroscope; picture-in-picture; web-share\" referrerpolicy=\"strict-origin-when-cross-origin\" allowfullscreen><\/iframe><\/p>\n","protected":false},"excerpt":{"rendered":"<p>Edge afirma que el objetivo del juego es reflejar todos los aspectos y personajes de la Era Hiboria. El juego ser\u00e1 f\u00e1cil de aprender, pero desafiante, y estar\u00e1 repleto de detalles del fant\u00e1stico mundo de espada y brujer\u00eda imaginado por Robert E. Howard. En el juego, encarnas a un aventurero en busca de oro y gloria. Viajar\u00e1s por las distintas ciudades y localizaciones hiborias, y es muy probable que te&hellip;<\/p>\n","protected":false},"featured_media":5631,"comment_status":"open","ping_status":"closed","template":"","meta":[],"product_brand":[],"product_cat":[203],"product_tag":[155],"class_list":{"0":"post-5630","1":"product","2":"type-product","3":"status-publish","4":"has-post-thumbnail","6":"product_cat-tematico","7":"product_tag-cartas","9":"first","10":"instock","11":"taxable","12":"shipping-taxable","13":"purchasable","14":"product-type-simple"},"jetpack_sharing_enabled":true,"_links":{"self":[{"href":"https:\/\/veneludica.com\/index.php?rest_route=\/wp\/v2\/product\/5630","targetHints":{"allow":["GET"]}}],"collection":[{"href":"https:\/\/veneludica.com\/index.php?rest_route=\/wp\/v2\/product"}],"about":[{"href":"https:\/\/veneludica.com\/index.php?rest_route=\/wp\/v2\/types\/product"}],"replies":[{"embeddable":true,"href":"https:\/\/veneludica.com\/index.php?rest_route=%2Fwp%2Fv2%2Fcomments&post=5630"}],"version-history":[{"count":1,"href":"https:\/\/veneludica.com\/index.php?rest_route=\/wp\/v2\/product\/5630\/revisions"}],"predecessor-version":[{"id":5632,"href":"https:\/\/veneludica.com\/index.php?rest_route=\/wp\/v2\/product\/5630\/revisions\/5632"}],"wp:featuredmedia":[{"embeddable":true,"href":"https:\/\/veneludica.com\/index.php?rest_route=\/wp\/v2\/media\/5631"}],"wp:attachment":[{"href":"https:\/\/veneludica.com\/index.php?rest_route=%2Fwp%2Fv2%2Fmedia&parent=5630"}],"wp:term":[{"taxonomy":"product_brand","embeddable":true,"href":"https:\/\/veneludica.com\/index.php?rest_route=%2Fwp%2Fv2%2Fproduct_brand&post=5630"},{"taxonomy":"product_cat","embeddable":true,"href":"https:\/\/veneludica.com\/index.php?rest_route=%2Fwp%2Fv2%2Fproduct_cat&post=5630"},{"taxonomy":"product_tag","embeddable":true,"href":"https:\/\/veneludica.com\/index.php?rest_route=%2Fwp%2Fv2%2Fproduct_tag&post=5630"}],"curies":[{"name":"wp","href":"https:\/\/api.w.org\/{rel}","templated":true}]}}