{"id":5636,"date":"2026-01-08T05:41:43","date_gmt":"2026-01-08T05:41:43","guid":{"rendered":"https:\/\/veneludica.com\/?post_type=product&#038;p=5636"},"modified":"2026-01-08T05:41:43","modified_gmt":"2026-01-08T05:41:43","slug":"coup-reformation","status":"publish","type":"product","link":"https:\/\/veneludica.com\/?product=coup-reformation","title":{"rendered":"Coup: Reformation"},"content":{"rendered":"<p data-start=\"58\" data-end=\"450\"><strong data-start=\"58\" data-end=\"79\">Coup: Reformation<\/strong> es una expansi\u00f3n para la versi\u00f3n original de <strong data-start=\"125\" data-end=\"145\">Coup: City State<\/strong> de La Mame Games. A\u00f1ade <strong data-start=\"170\" data-end=\"187\">nuevas cartas<\/strong> al juego y <strong data-start=\"199\" data-end=\"244\">reglas para facciones y juego por equipos<\/strong>. Esto incrementa la <strong data-start=\"265\" data-end=\"298\">tensi\u00f3n en las primeras fases<\/strong> de la partida para cuatro o m\u00e1s jugadores, y las <strong data-start=\"348\" data-end=\"386\">15 cartas adicionales de personaje<\/strong> permiten que Coup se juegue mejor con <strong data-start=\"425\" data-end=\"449\" data-is-only-node=\"\">hasta diez jugadores<\/strong>.<\/p>\n<p data-start=\"452\" data-end=\"774\">Con <strong data-start=\"456\" data-end=\"477\">Coup: Reformation<\/strong>, cada jugador debe declararse <strong data-start=\"508\" data-end=\"533\">Lealista o Reformista<\/strong> (Cat\u00f3lico y Reformista en la primera edici\u00f3n) y solo puede <strong data-start=\"593\" data-end=\"639\">apuntar a miembros de la facci\u00f3n contraria<\/strong>. Sin embargo, es posible la <strong data-start=\"668\" data-end=\"682\">conversi\u00f3n<\/strong>, tanto propia como de otro jugador, <strong data-start=\"719\" data-end=\"762\">pagando una donaci\u00f3n ben\u00e9fica al Tesoro<\/strong> (el Asilo).<\/p>\n<p data-start=\"776\" data-end=\"991\">Como ocurre con todas las facciones, una vez que has <strong data-start=\"829\" data-end=\"869\">eliminado o convertido al otro grupo<\/strong>, el juego acaba derivando en <strong data-start=\"899\" data-end=\"918\">luchas internas<\/strong>, por lo que <strong data-start=\"931\" data-end=\"990\">sigue habiendo un \u00fanico ganador y ning\u00fan segundo puesto<\/strong>.<\/p>\n<p data-start=\"998\" data-end=\"1124\" data-is-last-node=\"\" data-is-only-node=\"\"><a href=\"https:\/\/boardgamegeek.com\/boardgame\/148931\/coup-reformation\">PAGINA BGG<\/a><\/p>\n<p><iframe title=\"Coup \ud83d\udd2e | C\u00f3mo Jugar + Rese\u00f1a\" width=\"640\" height=\"360\" src=\"https:\/\/www.youtube.com\/embed\/zYgDlZsxmOQ?feature=oembed\" frameborder=\"0\" allow=\"accelerometer; autoplay; clipboard-write; encrypted-media; gyroscope; picture-in-picture; web-share\" referrerpolicy=\"strict-origin-when-cross-origin\" allowfullscreen><\/iframe><\/p>\n","protected":false},"excerpt":{"rendered":"<p>Coup: Reformation es una expansi\u00f3n para la versi\u00f3n original de Coup: City State de La Mame Games. A\u00f1ade nuevas cartas al juego y reglas para facciones y juego por equipos. Esto incrementa la tensi\u00f3n en las primeras fases de la partida para cuatro o m\u00e1s jugadores, y las 15 cartas adicionales de personaje permiten que Coup se juegue mejor con hasta diez jugadores. Con Coup: Reformation, cada jugador debe declararse&hellip;<\/p>\n","protected":false},"featured_media":5637,"comment_status":"open","ping_status":"closed","template":"","meta":[],"product_brand":[],"product_cat":[141,82],"product_tag":[155],"class_list":{"0":"post-5636","1":"product","2":"type-product","3":"status-publish","4":"has-post-thumbnail","6":"product_cat-expansion","7":"product_cat-mentir-bluffing","8":"product_tag-cartas","10":"first","11":"instock","12":"taxable","13":"shipping-taxable","14":"purchasable","15":"product-type-simple"},"jetpack_sharing_enabled":true,"_links":{"self":[{"href":"https:\/\/veneludica.com\/index.php?rest_route=\/wp\/v2\/product\/5636","targetHints":{"allow":["GET"]}}],"collection":[{"href":"https:\/\/veneludica.com\/index.php?rest_route=\/wp\/v2\/product"}],"about":[{"href":"https:\/\/veneludica.com\/index.php?rest_route=\/wp\/v2\/types\/product"}],"replies":[{"embeddable":true,"href":"https:\/\/veneludica.com\/index.php?rest_route=%2Fwp%2Fv2%2Fcomments&post=5636"}],"version-history":[{"count":1,"href":"https:\/\/veneludica.com\/index.php?rest_route=\/wp\/v2\/product\/5636\/revisions"}],"predecessor-version":[{"id":5638,"href":"https:\/\/veneludica.com\/index.php?rest_route=\/wp\/v2\/product\/5636\/revisions\/5638"}],"wp:featuredmedia":[{"embeddable":true,"href":"https:\/\/veneludica.com\/index.php?rest_route=\/wp\/v2\/media\/5637"}],"wp:attachment":[{"href":"https:\/\/veneludica.com\/index.php?rest_route=%2Fwp%2Fv2%2Fmedia&parent=5636"}],"wp:term":[{"taxonomy":"product_brand","embeddable":true,"href":"https:\/\/veneludica.com\/index.php?rest_route=%2Fwp%2Fv2%2Fproduct_brand&post=5636"},{"taxonomy":"product_cat","embeddable":true,"href":"https:\/\/veneludica.com\/index.php?rest_route=%2Fwp%2Fv2%2Fproduct_cat&post=5636"},{"taxonomy":"product_tag","embeddable":true,"href":"https:\/\/veneludica.com\/index.php?rest_route=%2Fwp%2Fv2%2Fproduct_tag&post=5636"}],"curies":[{"name":"wp","href":"https:\/\/api.w.org\/{rel}","templated":true}]}}