{"id":5639,"date":"2026-01-08T05:44:51","date_gmt":"2026-01-08T05:44:51","guid":{"rendered":"https:\/\/veneludica.com\/?post_type=product&#038;p=5639"},"modified":"2026-01-08T05:44:51","modified_gmt":"2026-01-08T05:44:51","slug":"coyote","status":"publish","type":"product","link":"https:\/\/veneludica.com\/?product=coyote","title":{"rendered":"Coyote"},"content":{"rendered":"<p data-start=\"60\" data-end=\"365\"><strong data-start=\"60\" data-end=\"70\">Coyote<\/strong> es un <strong data-start=\"77\" data-end=\"106\">juego de faroles sencillo<\/strong> ambientado en el Lejano Oeste. Cada jugador recibe una carta (colocada en su frente con una cinta de tela) que muestra un n\u00famero de <strong data-start=\"239\" data-end=\"259\">\u201cindios ocultos\u201d<\/strong> o un valor especial. <strong data-start=\"281\" data-end=\"323\">No conoces el valor de tu propia carta<\/strong>, pero puedes ver el de todos los dem\u00e1s.<\/p>\n<p data-start=\"367\" data-end=\"582\">El <strong data-start=\"370\" data-end=\"392\">objetivo del juego<\/strong> es <strong data-start=\"396\" data-end=\"455\">adivinar cu\u00e1ntos indios aparecen en total en las cartas<\/strong>, declarando un n\u00famero <strong data-start=\"478\" data-end=\"510\">cada vez mayor en cada turno<\/strong>. Si te descubren al declarar un n\u00famero superior al real, <strong data-start=\"568\" data-end=\"579\">pierdes<\/strong>.<\/p>\n<p data-start=\"584\" data-end=\"724\">Muchas cartas especiales hacen que <strong data-start=\"619\" data-end=\"650\">cada turno sea una sorpresa<\/strong>, y recuerda que <strong data-start=\"667\" data-end=\"723\">nunca sabes cu\u00e1l es la carta que llevas en la frente<\/strong>.<\/p>\n<p data-start=\"584\" data-end=\"724\"><a href=\"https:\/\/boardgamegeek.com\/boardgame\/8172\/coyote\">PAGINA BGG<\/a><\/p>\n<p><iframe title=\"Conociendo Coyote\" width=\"640\" height=\"360\" src=\"https:\/\/www.youtube.com\/embed\/hwawPeDwnpM?feature=oembed\" frameborder=\"0\" allow=\"accelerometer; autoplay; clipboard-write; encrypted-media; gyroscope; picture-in-picture; web-share\" referrerpolicy=\"strict-origin-when-cross-origin\" allowfullscreen><\/iframe><\/p>\n","protected":false},"excerpt":{"rendered":"<p>Coyote es un juego de faroles sencillo ambientado en el Lejano Oeste. Cada jugador recibe una carta (colocada en su frente con una cinta de tela) que muestra un n\u00famero de \u201cindios ocultos\u201d o un valor especial. No conoces el valor de tu propia carta, pero puedes ver el de todos los dem\u00e1s. El objetivo del juego es adivinar cu\u00e1ntos indios aparecen en total en las cartas, declarando un n\u00famero&hellip;<\/p>\n","protected":false},"featured_media":5640,"comment_status":"open","ping_status":"closed","template":"","meta":[],"product_brand":[],"product_cat":[82,65],"product_tag":[155],"class_list":{"0":"post-5639","1":"product","2":"type-product","3":"status-publish","4":"has-post-thumbnail","6":"product_cat-mentir-bluffing","7":"product_cat-party-games","8":"product_tag-cartas","10":"first","11":"instock","12":"taxable","13":"shipping-taxable","14":"purchasable","15":"product-type-simple"},"jetpack_sharing_enabled":true,"_links":{"self":[{"href":"https:\/\/veneludica.com\/index.php?rest_route=\/wp\/v2\/product\/5639","targetHints":{"allow":["GET"]}}],"collection":[{"href":"https:\/\/veneludica.com\/index.php?rest_route=\/wp\/v2\/product"}],"about":[{"href":"https:\/\/veneludica.com\/index.php?rest_route=\/wp\/v2\/types\/product"}],"replies":[{"embeddable":true,"href":"https:\/\/veneludica.com\/index.php?rest_route=%2Fwp%2Fv2%2Fcomments&post=5639"}],"version-history":[{"count":1,"href":"https:\/\/veneludica.com\/index.php?rest_route=\/wp\/v2\/product\/5639\/revisions"}],"predecessor-version":[{"id":5641,"href":"https:\/\/veneludica.com\/index.php?rest_route=\/wp\/v2\/product\/5639\/revisions\/5641"}],"wp:featuredmedia":[{"embeddable":true,"href":"https:\/\/veneludica.com\/index.php?rest_route=\/wp\/v2\/media\/5640"}],"wp:attachment":[{"href":"https:\/\/veneludica.com\/index.php?rest_route=%2Fwp%2Fv2%2Fmedia&parent=5639"}],"wp:term":[{"taxonomy":"product_brand","embeddable":true,"href":"https:\/\/veneludica.com\/index.php?rest_route=%2Fwp%2Fv2%2Fproduct_brand&post=5639"},{"taxonomy":"product_cat","embeddable":true,"href":"https:\/\/veneludica.com\/index.php?rest_route=%2Fwp%2Fv2%2Fproduct_cat&post=5639"},{"taxonomy":"product_tag","embeddable":true,"href":"https:\/\/veneludica.com\/index.php?rest_route=%2Fwp%2Fv2%2Fproduct_tag&post=5639"}],"curies":[{"name":"wp","href":"https:\/\/api.w.org\/{rel}","templated":true}]}}