{"id":5642,"date":"2026-01-08T05:49:07","date_gmt":"2026-01-08T05:49:07","guid":{"rendered":"https:\/\/veneludica.com\/?post_type=product&#038;p=5642"},"modified":"2026-01-08T05:49:07","modified_gmt":"2026-01-08T05:49:07","slug":"crichers","status":"publish","type":"product","link":"https:\/\/veneludica.com\/?product=crichers","title":{"rendered":"Crichers!"},"content":{"rendered":"<p data-start=\"60\" data-end=\"202\"><strong data-start=\"60\" data-end=\"74\">\u00a1Crichers!<\/strong> es un <strong data-start=\"81\" data-end=\"122\">juego de cartas divertido y fren\u00e9tico<\/strong> en el que usar\u00e1s estas <strong data-start=\"146\" data-end=\"169\">traviesas criaturas<\/strong> para derrotar a tus oponentes.<\/p>\n<p data-start=\"204\" data-end=\"474\">Invadir\u00e1s las <strong data-start=\"218\" data-end=\"237\">aldeas enemigas<\/strong> (las pilas de robo de cada jugador) usando las <strong data-start=\"285\" data-end=\"305\">cartas de Tropas<\/strong> (las numeradas), y adem\u00e1s <strong data-start=\"332\" data-end=\"349\">dar\u00e1s \u00f3rdenes<\/strong> para atacar, defender o manipular estas aldeas, cambiando el rumbo del juego con las <strong data-start=\"435\" data-end=\"455\">cartas de Acci\u00f3n<\/strong> (icono de pu\u00f1o).<\/p>\n<p data-start=\"476\" data-end=\"616\">El <strong data-start=\"479\" data-end=\"487\">da\u00f1o<\/strong> que los Crichers infligen a las aldeas hace que el jugador atacado <strong data-start=\"555\" data-end=\"596\">tenga que robar una carta del cuartel<\/strong> (mazo de cartas).<\/p>\n<p data-start=\"618\" data-end=\"779\">El <strong data-start=\"621\" data-end=\"643\">objetivo del juego<\/strong> es <strong data-start=\"647\" data-end=\"681\">quedarte sin cartas en la mano<\/strong>, hacer que los oponentes <strong data-start=\"707\" data-end=\"727\">llenan las suyas<\/strong>, y <strong data-start=\"731\" data-end=\"778\">obtener la mayor cantidad de puntos posible<\/strong>.<\/p>\n<p data-start=\"618\" data-end=\"779\"><a href=\"https:\/\/boardgamegeek.com\/boardgame\/261828\/crichers\">PAGINA BGG<\/a><\/p>\n<p><iframe title=\"Conociendo Crichers\" width=\"640\" height=\"360\" src=\"https:\/\/www.youtube.com\/embed\/Qmv0BD3CIyk?feature=oembed\" frameborder=\"0\" allow=\"accelerometer; autoplay; clipboard-write; encrypted-media; gyroscope; picture-in-picture; web-share\" referrerpolicy=\"strict-origin-when-cross-origin\" allowfullscreen><\/iframe><\/p>\n","protected":false},"excerpt":{"rendered":"<p>\u00a1Crichers! es un juego de cartas divertido y fren\u00e9tico en el que usar\u00e1s estas traviesas criaturas para derrotar a tus oponentes. Invadir\u00e1s las aldeas enemigas (las pilas de robo de cada jugador) usando las cartas de Tropas (las numeradas), y adem\u00e1s dar\u00e1s \u00f3rdenes para atacar, defender o manipular estas aldeas, cambiando el rumbo del juego con las cartas de Acci\u00f3n (icono de pu\u00f1o). El da\u00f1o que los Crichers infligen a&hellip;<\/p>\n","protected":false},"featured_media":5643,"comment_status":"open","ping_status":"closed","template":"","meta":[],"product_brand":[],"product_cat":[65],"product_tag":[155],"class_list":{"0":"post-5642","1":"product","2":"type-product","3":"status-publish","4":"has-post-thumbnail","6":"product_cat-party-games","7":"product_tag-cartas","9":"first","10":"instock","11":"taxable","12":"shipping-taxable","13":"purchasable","14":"product-type-simple"},"jetpack_sharing_enabled":true,"_links":{"self":[{"href":"https:\/\/veneludica.com\/index.php?rest_route=\/wp\/v2\/product\/5642","targetHints":{"allow":["GET"]}}],"collection":[{"href":"https:\/\/veneludica.com\/index.php?rest_route=\/wp\/v2\/product"}],"about":[{"href":"https:\/\/veneludica.com\/index.php?rest_route=\/wp\/v2\/types\/product"}],"replies":[{"embeddable":true,"href":"https:\/\/veneludica.com\/index.php?rest_route=%2Fwp%2Fv2%2Fcomments&post=5642"}],"version-history":[{"count":1,"href":"https:\/\/veneludica.com\/index.php?rest_route=\/wp\/v2\/product\/5642\/revisions"}],"predecessor-version":[{"id":5645,"href":"https:\/\/veneludica.com\/index.php?rest_route=\/wp\/v2\/product\/5642\/revisions\/5645"}],"wp:featuredmedia":[{"embeddable":true,"href":"https:\/\/veneludica.com\/index.php?rest_route=\/wp\/v2\/media\/5643"}],"wp:attachment":[{"href":"https:\/\/veneludica.com\/index.php?rest_route=%2Fwp%2Fv2%2Fmedia&parent=5642"}],"wp:term":[{"taxonomy":"product_brand","embeddable":true,"href":"https:\/\/veneludica.com\/index.php?rest_route=%2Fwp%2Fv2%2Fproduct_brand&post=5642"},{"taxonomy":"product_cat","embeddable":true,"href":"https:\/\/veneludica.com\/index.php?rest_route=%2Fwp%2Fv2%2Fproduct_cat&post=5642"},{"taxonomy":"product_tag","embeddable":true,"href":"https:\/\/veneludica.com\/index.php?rest_route=%2Fwp%2Fv2%2Fproduct_tag&post=5642"}],"curies":[{"name":"wp","href":"https:\/\/api.w.org\/{rel}","templated":true}]}}