{"id":5652,"date":"2026-01-08T05:56:38","date_gmt":"2026-01-08T05:56:38","guid":{"rendered":"https:\/\/veneludica.com\/?post_type=product&#038;p=5652"},"modified":"2026-01-08T05:58:16","modified_gmt":"2026-01-08T05:58:16","slug":"5652","status":"publish","type":"product","link":"https:\/\/veneludica.com\/?product=5652","title":{"rendered":"Cubirds"},"content":{"rendered":"<p data-start=\"71\" data-end=\"321\">Cada d\u00eda, decenas de p\u00e1jaros hacen una parada en las cercas de nuestro campo. Cuando llega el momento de irse, todos estos p\u00e1jaros se mezclan, incapaces de organizarse en bandadas para regresar a su nido. \u00a1Ay\u00fadales a encontrar el camino de regreso!<\/p>\n<p data-start=\"323\" data-end=\"936\">Los jugadores comienzan cada nueva ronda de <strong data-start=\"367\" data-end=\"378\">CuBirds<\/strong> con <strong data-start=\"383\" data-end=\"416\">ocho cartas de p\u00e1jaro en mano<\/strong>. Algunos p\u00e1jaros tambi\u00e9n se sit\u00faan sobre <strong data-start=\"458\" data-end=\"485\">cuatro cercas distintas<\/strong> en la mesa. En tu turno, colocas una serie de p\u00e1jaros id\u00e9nticos de tu mano en un extremo de una de las cercas. Estos p\u00e1jaros se <strong data-start=\"614\" data-end=\"667\">unen inmediatamente con cualquier p\u00e1jaro id\u00e9ntico<\/strong> ya presente en esa cerca, haciendo que todos los p\u00e1jaros situados entre ellos <strong data-start=\"746\" data-end=\"777\">vuelen de regreso a tu mano<\/strong>. Con suficientes p\u00e1jaros id\u00e9nticos en tu mano, puedes formar una <strong data-start=\"843\" data-end=\"854\">bandada<\/strong>, lo que te permite a\u00f1adir algunos de estos p\u00e1jaros a tu <strong data-start=\"911\" data-end=\"933\">\u00e1rea de puntuaci\u00f3n<\/strong>.<\/p>\n<p data-start=\"938\" data-end=\"1456\">Tu objetivo final es <strong data-start=\"959\" data-end=\"984\">ser el primer jugador<\/strong> en reunir en tu \u00e1rea de puntuaci\u00f3n <strong data-start=\"1020\" data-end=\"1049\">siete especies diferentes<\/strong>, o <strong data-start=\"1053\" data-end=\"1114\">dos especies con al menos tres p\u00e1jaros id\u00e9nticos cada una<\/strong>. Cada p\u00e1jaro tiene <strong data-start=\"1134\" data-end=\"1173\">una puntuaci\u00f3n peque\u00f1a y una grande<\/strong>, por lo que quiz\u00e1 quieras esperar a formar una bandada grande para a\u00f1adir m\u00e1s p\u00e1jaros a la vez a tu \u00e1rea de puntuaci\u00f3n. \u00a1Cuidado!, porque <strong data-start=\"1312\" data-end=\"1379\">la ronda termina tan pronto como un jugador se queda sin cartas<\/strong>, obligando a todos los jugadores a descartar sus cartas y planes actuales.<\/p>\n<p data-start=\"938\" data-end=\"1456\"><a href=\"https:\/\/boardgamegeek.com\/boardgame\/245476\/cubirds\">PAGINA BGG<\/a><\/p>\n<p><iframe title=\"Conociendo CuBirds\" width=\"640\" height=\"360\" src=\"https:\/\/www.youtube.com\/embed\/xM3azpiNUis?feature=oembed\" frameborder=\"0\" allow=\"accelerometer; autoplay; clipboard-write; encrypted-media; gyroscope; picture-in-picture; web-share\" referrerpolicy=\"strict-origin-when-cross-origin\" allowfullscreen><\/iframe><\/p>\n","protected":false},"excerpt":{"rendered":"<p>Cada d\u00eda, decenas de p\u00e1jaros hacen una parada en las cercas de nuestro campo. Cuando llega el momento de irse, todos estos p\u00e1jaros se mezclan, incapaces de organizarse en bandadas para regresar a su nido. \u00a1Ay\u00fadales a encontrar el camino de regreso! Los jugadores comienzan cada nueva ronda de CuBirds con ocho cartas de p\u00e1jaro en mano. Algunos p\u00e1jaros tambi\u00e9n se sit\u00faan sobre cuatro cercas distintas en la mesa. En&hellip;<\/p>\n","protected":false},"featured_media":5653,"comment_status":"open","ping_status":"closed","template":"","meta":[],"product_brand":[],"product_cat":[88],"product_tag":[85,155],"class_list":{"0":"post-5652","1":"product","2":"type-product","3":"status-publish","4":"has-post-thumbnail","6":"product_cat-familiar","7":"product_tag-animales","8":"product_tag-cartas","10":"first","11":"instock","12":"taxable","13":"shipping-taxable","14":"purchasable","15":"product-type-simple"},"jetpack_sharing_enabled":true,"_links":{"self":[{"href":"https:\/\/veneludica.com\/index.php?rest_route=\/wp\/v2\/product\/5652","targetHints":{"allow":["GET"]}}],"collection":[{"href":"https:\/\/veneludica.com\/index.php?rest_route=\/wp\/v2\/product"}],"about":[{"href":"https:\/\/veneludica.com\/index.php?rest_route=\/wp\/v2\/types\/product"}],"replies":[{"embeddable":true,"href":"https:\/\/veneludica.com\/index.php?rest_route=%2Fwp%2Fv2%2Fcomments&post=5652"}],"version-history":[{"count":2,"href":"https:\/\/veneludica.com\/index.php?rest_route=\/wp\/v2\/product\/5652\/revisions"}],"predecessor-version":[{"id":5657,"href":"https:\/\/veneludica.com\/index.php?rest_route=\/wp\/v2\/product\/5652\/revisions\/5657"}],"wp:featuredmedia":[{"embeddable":true,"href":"https:\/\/veneludica.com\/index.php?rest_route=\/wp\/v2\/media\/5653"}],"wp:attachment":[{"href":"https:\/\/veneludica.com\/index.php?rest_route=%2Fwp%2Fv2%2Fmedia&parent=5652"}],"wp:term":[{"taxonomy":"product_brand","embeddable":true,"href":"https:\/\/veneludica.com\/index.php?rest_route=%2Fwp%2Fv2%2Fproduct_brand&post=5652"},{"taxonomy":"product_cat","embeddable":true,"href":"https:\/\/veneludica.com\/index.php?rest_route=%2Fwp%2Fv2%2Fproduct_cat&post=5652"},{"taxonomy":"product_tag","embeddable":true,"href":"https:\/\/veneludica.com\/index.php?rest_route=%2Fwp%2Fv2%2Fproduct_tag&post=5652"}],"curies":[{"name":"wp","href":"https:\/\/api.w.org\/{rel}","templated":true}]}}