{"id":5659,"date":"2026-01-08T15:23:07","date_gmt":"2026-01-08T15:23:07","guid":{"rendered":"https:\/\/veneludica.com\/?post_type=product&#038;p=5659"},"modified":"2026-01-08T15:23:07","modified_gmt":"2026-01-08T15:23:07","slug":"danger-park","status":"publish","type":"product","link":"https:\/\/veneludica.com\/?product=danger-park","title":{"rendered":"Danger Park"},"content":{"rendered":"<p data-start=\"73\" data-end=\"182\"><strong data-start=\"73\" data-end=\"92\">La parte f\u00e1cil:<\/strong> construir un parque de atracciones en equipo y ganar la mayor cantidad de dinero posible.<\/p>\n<p data-start=\"184\" data-end=\"290\"><strong data-start=\"184\" data-end=\"205\">La parte dif\u00edcil:<\/strong> el parque de atracciones es un lugar peligroso, lleno de caos, negligencia y fraude.<\/p>\n<p data-start=\"292\" data-end=\"879\">En <strong data-start=\"295\" data-end=\"310\">Danger Park<\/strong>, los jugadores se turnan para colocar atracciones en un parque de atracciones construido de forma colectiva. Los visitantes se colocan y se mueven por el parque seg\u00fan las salidas de las atracciones, y cada visitante genera dinero para los distintos propietarios de las atracciones. Utilizando las habilidades \u00fanicas de las atracciones y las mejoras del parque, los jugadores pueden mover visitantes, bloquear salidas y, lo m\u00e1s importante, <strong data-start=\"750\" data-end=\"768\">a\u00f1adir peligro<\/strong> en forma de v\u00f3mitos, plagas, inundaciones, fallos el\u00e9ctricos y mucho m\u00e1s para influir en las tiradas de dados.<\/p>\n<p data-start=\"881\" data-end=\"1389\">Las tiradas altas representan satisfacci\u00f3n y mantienen a los visitantes en las atracciones. Las tiradas bajas generan m\u00e1s peligro y obligan a los visitantes a desplazarse a otras atracciones. Adem\u00e1s, se pueden contratar <strong data-start=\"1101\" data-end=\"1122\">p\u00f3lizas de seguro<\/strong> para beneficiarse de determinados resultados negativos, lo que fomenta el sabotaje directo con fines lucrativos. Cuando el parque cierra finalmente debido a la mala calidad, al cierre de atracciones o a lesiones de los visitantes, <strong data-start=\"1354\" data-end=\"1388\">el jugador con m\u00e1s dinero gana<\/strong>.<\/p>\n<p data-start=\"1391\" data-end=\"1483\">\u00a1Asume el mayor riesgo, consigue la mayor recompensa y salte con la tuya en <strong data-start=\"1467\" data-end=\"1482\">Danger Park<\/strong>!<\/p>\n<p data-start=\"1391\" data-end=\"1483\"><a href=\"https:\/\/boardgamegeek.com\/boardgame\/290722\/danger-park\">PAGINA BGG<\/a><\/p>\n<p><iframe title=\"Danger Park - Playthrough (Board Game)\" width=\"640\" height=\"360\" src=\"https:\/\/www.youtube.com\/embed\/0DsphPrF3-4?feature=oembed\" frameborder=\"0\" allow=\"accelerometer; autoplay; clipboard-write; encrypted-media; gyroscope; picture-in-picture; web-share\" referrerpolicy=\"strict-origin-when-cross-origin\" allowfullscreen><\/iframe><\/p>\n","protected":false},"excerpt":{"rendered":"<p>La parte f\u00e1cil: construir un parque de atracciones en equipo y ganar la mayor cantidad de dinero posible. La parte dif\u00edcil: el parque de atracciones es un lugar peligroso, lleno de caos, negligencia y fraude. En Danger Park, los jugadores se turnan para colocar atracciones en un parque de atracciones construido de forma colectiva. Los visitantes se colocan y se mueven por el parque seg\u00fan las salidas de las atracciones,&hellip;<\/p>\n","protected":false},"featured_media":5660,"comment_status":"open","ping_status":"closed","template":"","meta":[],"product_brand":[],"product_cat":[88],"product_tag":[188],"class_list":{"0":"post-5659","1":"product","2":"type-product","3":"status-publish","4":"has-post-thumbnail","6":"product_cat-familiar","7":"product_tag-tematico","9":"first","10":"instock","11":"taxable","12":"shipping-taxable","13":"purchasable","14":"product-type-simple"},"jetpack_sharing_enabled":true,"_links":{"self":[{"href":"https:\/\/veneludica.com\/index.php?rest_route=\/wp\/v2\/product\/5659","targetHints":{"allow":["GET"]}}],"collection":[{"href":"https:\/\/veneludica.com\/index.php?rest_route=\/wp\/v2\/product"}],"about":[{"href":"https:\/\/veneludica.com\/index.php?rest_route=\/wp\/v2\/types\/product"}],"replies":[{"embeddable":true,"href":"https:\/\/veneludica.com\/index.php?rest_route=%2Fwp%2Fv2%2Fcomments&post=5659"}],"version-history":[{"count":1,"href":"https:\/\/veneludica.com\/index.php?rest_route=\/wp\/v2\/product\/5659\/revisions"}],"predecessor-version":[{"id":5662,"href":"https:\/\/veneludica.com\/index.php?rest_route=\/wp\/v2\/product\/5659\/revisions\/5662"}],"wp:featuredmedia":[{"embeddable":true,"href":"https:\/\/veneludica.com\/index.php?rest_route=\/wp\/v2\/media\/5660"}],"wp:attachment":[{"href":"https:\/\/veneludica.com\/index.php?rest_route=%2Fwp%2Fv2%2Fmedia&parent=5659"}],"wp:term":[{"taxonomy":"product_brand","embeddable":true,"href":"https:\/\/veneludica.com\/index.php?rest_route=%2Fwp%2Fv2%2Fproduct_brand&post=5659"},{"taxonomy":"product_cat","embeddable":true,"href":"https:\/\/veneludica.com\/index.php?rest_route=%2Fwp%2Fv2%2Fproduct_cat&post=5659"},{"taxonomy":"product_tag","embeddable":true,"href":"https:\/\/veneludica.com\/index.php?rest_route=%2Fwp%2Fv2%2Fproduct_tag&post=5659"}],"curies":[{"name":"wp","href":"https:\/\/api.w.org\/{rel}","templated":true}]}}