{"id":5668,"date":"2026-01-08T16:28:56","date_gmt":"2026-01-08T16:28:56","guid":{"rendered":"https:\/\/veneludica.com\/?post_type=product&#038;p=5668"},"modified":"2026-01-08T16:28:56","modified_gmt":"2026-01-08T16:28:56","slug":"dead-panic","status":"publish","type":"product","link":"https:\/\/veneludica.com\/?product=dead-panic","title":{"rendered":"Dead Panic"},"content":{"rendered":"<p data-start=\"44\" data-end=\"164\">El apocalipsis zombi ha comenzado, y t\u00fa y tus amigos asum\u00eds los roles de distintos personajes que luchan por sobrevivir.<\/p>\n<p data-start=\"166\" data-end=\"664\">En <strong data-start=\"169\" data-end=\"183\">Dead Panic<\/strong>, cada jugador encarna a uno de ocho personajes \u00fanicos, cada uno con habilidades especiales. Los jugadores cooperan para resistir en una caba\u00f1a remota situada en el centro del tablero, enfrent\u00e1ndose a oleadas de no-muertos que avanzan desde los bordes. Si los jugadores logran aguantar, otros supervivientes traer\u00e1n piezas de una radio necesarias para pedir rescate. Una vez que el rescate llega, cada jugador deber\u00e1 abandonar la seguridad de la caba\u00f1a e intentar escapar con vida.<\/p>\n<p data-start=\"666\" data-end=\"1229\">Para combatir a los zombis, los jugadores utilizan cartas de caba\u00f1a, algunas de las cuales son armas que permiten atacar a distancia o en combate cuerpo a cuerpo. Si un personaje recibe demasiadas heridas durante el combate, muere y regresa al juego como un zombi, con reglas especiales propias como miembro de los no-muertos. Otras cartas de caba\u00f1a son objetos que otorgan distintos beneficios y aumentan las probabilidades de supervivencia. Sin embargo, el suministro de objetos y armas es limitado: cuando el mazo de la caba\u00f1a se agota, no se vuelve a barajar.<\/p>\n<p data-start=\"1231\" data-end=\"1442\">Un mazo separado de cartas de evento representa el turno de los zombis. Este mazo no solo introduce distintos tipos de zombis en el juego, sino que cada carta tambi\u00e9n provoca un efecto especial cuando se revela.<\/p>\n<p data-start=\"1444\" data-end=\"1488\">\u00bfSer\u00e1s capaz de sobrevivir a <strong data-start=\"1473\" data-end=\"1487\">Dead Panic<\/strong>?<\/p>\n<p data-start=\"1444\" data-end=\"1488\"><a href=\"https:\/\/boardgamegeek.com\/image\/2709421\/dead-panic\">PAGINA BGG<\/a><\/p>\n<p><iframe title=\"Conociendo Dead Panic\" width=\"640\" height=\"360\" src=\"https:\/\/www.youtube.com\/embed\/VtN54M6RECQ?feature=oembed\" frameborder=\"0\" allow=\"accelerometer; autoplay; clipboard-write; encrypted-media; gyroscope; picture-in-picture; web-share\" referrerpolicy=\"strict-origin-when-cross-origin\" allowfullscreen><\/iframe><\/p>\n","protected":false},"excerpt":{"rendered":"<p>El apocalipsis zombi ha comenzado, y t\u00fa y tus amigos asum\u00eds los roles de distintos personajes que luchan por sobrevivir. En Dead Panic, cada jugador encarna a uno de ocho personajes \u00fanicos, cada uno con habilidades especiales. Los jugadores cooperan para resistir en una caba\u00f1a remota situada en el centro del tablero, enfrent\u00e1ndose a oleadas de no-muertos que avanzan desde los bordes. Si los jugadores logran aguantar, otros supervivientes traer\u00e1n&hellip;<\/p>\n","protected":false},"featured_media":5669,"comment_status":"open","ping_status":"closed","template":"","meta":[],"product_brand":[],"product_cat":[88],"product_tag":[213],"class_list":{"0":"post-5668","1":"product","2":"type-product","3":"status-publish","4":"has-post-thumbnail","6":"product_cat-familiar","7":"product_tag-zombies","9":"first","10":"instock","11":"taxable","12":"shipping-taxable","13":"purchasable","14":"product-type-simple"},"jetpack_sharing_enabled":true,"_links":{"self":[{"href":"https:\/\/veneludica.com\/index.php?rest_route=\/wp\/v2\/product\/5668","targetHints":{"allow":["GET"]}}],"collection":[{"href":"https:\/\/veneludica.com\/index.php?rest_route=\/wp\/v2\/product"}],"about":[{"href":"https:\/\/veneludica.com\/index.php?rest_route=\/wp\/v2\/types\/product"}],"replies":[{"embeddable":true,"href":"https:\/\/veneludica.com\/index.php?rest_route=%2Fwp%2Fv2%2Fcomments&post=5668"}],"version-history":[{"count":1,"href":"https:\/\/veneludica.com\/index.php?rest_route=\/wp\/v2\/product\/5668\/revisions"}],"predecessor-version":[{"id":5670,"href":"https:\/\/veneludica.com\/index.php?rest_route=\/wp\/v2\/product\/5668\/revisions\/5670"}],"wp:featuredmedia":[{"embeddable":true,"href":"https:\/\/veneludica.com\/index.php?rest_route=\/wp\/v2\/media\/5669"}],"wp:attachment":[{"href":"https:\/\/veneludica.com\/index.php?rest_route=%2Fwp%2Fv2%2Fmedia&parent=5668"}],"wp:term":[{"taxonomy":"product_brand","embeddable":true,"href":"https:\/\/veneludica.com\/index.php?rest_route=%2Fwp%2Fv2%2Fproduct_brand&post=5668"},{"taxonomy":"product_cat","embeddable":true,"href":"https:\/\/veneludica.com\/index.php?rest_route=%2Fwp%2Fv2%2Fproduct_cat&post=5668"},{"taxonomy":"product_tag","embeddable":true,"href":"https:\/\/veneludica.com\/index.php?rest_route=%2Fwp%2Fv2%2Fproduct_tag&post=5668"}],"curies":[{"name":"wp","href":"https:\/\/api.w.org\/{rel}","templated":true}]}}