{"id":5671,"date":"2026-01-08T16:36:12","date_gmt":"2026-01-08T16:36:12","guid":{"rendered":"https:\/\/veneludica.com\/?post_type=product&#038;p=5671"},"modified":"2026-01-08T16:46:16","modified_gmt":"2026-01-08T16:46:16","slug":"deep-state-new-world-order","status":"publish","type":"product","link":"https:\/\/veneludica.com\/?product=deep-state-new-world-order","title":{"rendered":"Deep State New World Order"},"content":{"rendered":"<p data-start=\"48\" data-end=\"410\"><strong data-start=\"48\" data-end=\"79\">Deep State: New World Order<\/strong> es un juego dist\u00f3pico de dominaci\u00f3n mundial y conspiraciones globales. La partida se desarrolla a lo largo de varias rondas y, durante cada ronda, los jugadores comienzan con la <strong data-start=\"258\" data-end=\"276\">fase de acci\u00f3n<\/strong>, seguida por la <strong data-start=\"293\" data-end=\"320\">fase de toma de control<\/strong>. Estas dos fases se repiten y, al final de la ronda, tiene lugar la <strong data-start=\"389\" data-end=\"409\">fase de tratados<\/strong>.<\/p>\n<p data-start=\"412\" data-end=\"1152\">Durante la <strong data-start=\"423\" data-end=\"441\">fase de acci\u00f3n<\/strong>, cada jugador realiza una acci\u00f3n. La m\u00e1s importante consiste en enviar a tus agentes a infiltrarse en instituciones pol\u00edticas, financieras y de investigaci\u00f3n, representadas por cartas de objetivo en la Zona de Infiltraci\u00f3n. Debes competir por estas cartas, ya que otros jugadores pueden enviar m\u00e1s agentes para interceptar el objetivo que necesitas.<br data-start=\"791\" data-end=\"794\" \/>Los jugadores tambi\u00e9n pueden avanzar en proyectos de Dominaci\u00f3n Mundial, como <strong data-start=\"872\" data-end=\"885\">Comintern<\/strong>, <strong data-start=\"887\" data-end=\"910\">Naciones Unificadas<\/strong>, <strong data-start=\"912\" data-end=\"923\">Spyware<\/strong> y el propio <strong data-start=\"936\" data-end=\"950\">Deep State<\/strong>, los cuales otorgan ventajas tangibles durante la partida. Adem\u00e1s, pueden llevar a cabo <strong data-start=\"1039\" data-end=\"1066\">operaciones encubiertas<\/strong>, que proporcionan una gran cantidad de influencia, pero requieren sacrificar agentes.<\/p>\n<p data-start=\"1154\" data-end=\"1286\">Durante la <strong data-start=\"1165\" data-end=\"1192\">fase de toma de control<\/strong>, los jugadores se quedan con las cartas capturadas y recuperan parte de sus agentes de ellas.<\/p>\n<p data-start=\"1288\" data-end=\"1587\">La <strong data-start=\"1291\" data-end=\"1311\">fase de tratados<\/strong> comienza cuando todas las cartas de objetivo de la Zona de Infiltraci\u00f3n han sido capturadas. En este momento, cada jugador puede establecer un tratado que le permite colaborar con poderosas organizaciones, algunas conocidas en todo el mundo y otras que operan en las sombras.<\/p>\n<p data-start=\"1589\" data-end=\"1952\">Al final de la partida, los jugadores calculan su <strong data-start=\"1639\" data-end=\"1653\">influencia<\/strong> (puntos de victoria), generada por las cartas de objetivo, la participaci\u00f3n en proyectos globales y las cartas de tratado. Muchas cartas interact\u00faan entre s\u00ed, generando a\u00fan m\u00e1s influencia.<br data-start=\"1842\" data-end=\"1845\" \/>El jugador con mayor influencia gana la partida y se convierte en el amo del mundo tal y como lo conocemos.<\/p>\n<p data-start=\"1959\" data-end=\"1977\"><a href=\"https:\/\/boardgamegeek.com\/boardgame\/267590\/deep-state-new-world-order\">PAGINA BGG<\/a><\/p>\n<p><iframe title=\"TdeE: &quot;Deep State: New World Order&quot;\" width=\"640\" height=\"360\" src=\"https:\/\/www.youtube.com\/embed\/iGGJTRWYlVc?feature=oembed\" frameborder=\"0\" allow=\"accelerometer; autoplay; clipboard-write; encrypted-media; gyroscope; picture-in-picture; web-share\" referrerpolicy=\"strict-origin-when-cross-origin\" allowfullscreen><\/iframe><\/p>\n","protected":false},"excerpt":{"rendered":"<p>Deep State: New World Order es un juego dist\u00f3pico de dominaci\u00f3n mundial y conspiraciones globales. La partida se desarrolla a lo largo de varias rondas y, durante cada ronda, los jugadores comienzan con la fase de acci\u00f3n, seguida por la fase de toma de control. Estas dos fases se repiten y, al final de la ronda, tiene lugar la fase de tratados. Durante la fase de acci\u00f3n, cada jugador realiza&hellip;<\/p>\n","protected":false},"featured_media":5672,"comment_status":"open","ping_status":"closed","template":"","meta":[],"product_brand":[],"product_cat":[84],"product_tag":[],"class_list":{"0":"post-5671","1":"product","2":"type-product","3":"status-publish","4":"has-post-thumbnail","6":"product_cat-estrategia","8":"first","9":"instock","10":"taxable","11":"shipping-taxable","12":"purchasable","13":"product-type-simple"},"jetpack_sharing_enabled":true,"_links":{"self":[{"href":"https:\/\/veneludica.com\/index.php?rest_route=\/wp\/v2\/product\/5671","targetHints":{"allow":["GET"]}}],"collection":[{"href":"https:\/\/veneludica.com\/index.php?rest_route=\/wp\/v2\/product"}],"about":[{"href":"https:\/\/veneludica.com\/index.php?rest_route=\/wp\/v2\/types\/product"}],"replies":[{"embeddable":true,"href":"https:\/\/veneludica.com\/index.php?rest_route=%2Fwp%2Fv2%2Fcomments&post=5671"}],"version-history":[{"count":1,"href":"https:\/\/veneludica.com\/index.php?rest_route=\/wp\/v2\/product\/5671\/revisions"}],"predecessor-version":[{"id":5675,"href":"https:\/\/veneludica.com\/index.php?rest_route=\/wp\/v2\/product\/5671\/revisions\/5675"}],"wp:featuredmedia":[{"embeddable":true,"href":"https:\/\/veneludica.com\/index.php?rest_route=\/wp\/v2\/media\/5672"}],"wp:attachment":[{"href":"https:\/\/veneludica.com\/index.php?rest_route=%2Fwp%2Fv2%2Fmedia&parent=5671"}],"wp:term":[{"taxonomy":"product_brand","embeddable":true,"href":"https:\/\/veneludica.com\/index.php?rest_route=%2Fwp%2Fv2%2Fproduct_brand&post=5671"},{"taxonomy":"product_cat","embeddable":true,"href":"https:\/\/veneludica.com\/index.php?rest_route=%2Fwp%2Fv2%2Fproduct_cat&post=5671"},{"taxonomy":"product_tag","embeddable":true,"href":"https:\/\/veneludica.com\/index.php?rest_route=%2Fwp%2Fv2%2Fproduct_tag&post=5671"}],"curies":[{"name":"wp","href":"https:\/\/api.w.org\/{rel}","templated":true}]}}