{"id":5676,"date":"2026-01-08T16:45:32","date_gmt":"2026-01-08T16:45:32","guid":{"rendered":"https:\/\/veneludica.com\/?post_type=product&#038;p=5676"},"modified":"2026-01-08T16:45:32","modified_gmt":"2026-01-08T16:45:32","slug":"deep-state-the-global-conspiracy","status":"publish","type":"product","link":"https:\/\/veneludica.com\/?product=deep-state-the-global-conspiracy","title":{"rendered":"Deep State The Global Conspiracy"},"content":{"rendered":"<p data-start=\"48\" data-end=\"214\">La expansi\u00f3n <strong data-start=\"61\" data-end=\"82\">Global Conspiracy<\/strong> ampl\u00eda la experiencia de <em data-start=\"108\" data-end=\"120\">Deep State<\/em> y consta de <strong data-start=\"133\" data-end=\"146\">4 m\u00f3dulos<\/strong> que puedes a\u00f1adir a la partida en cualquier combinaci\u00f3n que desees.<\/p>\n<p data-start=\"216\" data-end=\"334\">Algunos m\u00f3dulos incluyen <strong data-start=\"241\" data-end=\"254\">Proyectos<\/strong> y <strong data-start=\"257\" data-end=\"277\">mini-expansiones<\/strong> que pueden incorporarse al juego de forma independiente.<\/p>\n<p data-start=\"336\" data-end=\"545\">Todos los m\u00f3dulos y mini-expansiones, con algunas pocas restricciones, funcionan muy bien entre s\u00ed, aunque algunos combinan mejor que otros. Las <strong data-start=\"481\" data-end=\"515\">recomendaciones de combinaci\u00f3n<\/strong> se detallan en el reglamento.<\/p>\n<p data-start=\"336\" data-end=\"545\"><a href=\"https:\/\/boardgamegeek.com\/boardgameexpansion\/313722\/deep-state-global-conspiracy\">PAGINA BGG<\/a><\/p>\n<p><iframe title=\"Deep State: New World Order \u2014 game preview at Spielwarenmesse 2020\" width=\"640\" height=\"360\" src=\"https:\/\/www.youtube.com\/embed\/wMFN9WYQm8M?feature=oembed\" frameborder=\"0\" allow=\"accelerometer; autoplay; clipboard-write; encrypted-media; gyroscope; picture-in-picture; web-share\" referrerpolicy=\"strict-origin-when-cross-origin\" allowfullscreen><\/iframe><\/p>\n","protected":false},"excerpt":{"rendered":"<p>La expansi\u00f3n Global Conspiracy ampl\u00eda la experiencia de Deep State y consta de 4 m\u00f3dulos que puedes a\u00f1adir a la partida en cualquier combinaci\u00f3n que desees. Algunos m\u00f3dulos incluyen Proyectos y mini-expansiones que pueden incorporarse al juego de forma independiente. Todos los m\u00f3dulos y mini-expansiones, con algunas pocas restricciones, funcionan muy bien entre s\u00ed, aunque algunos combinan mejor que otros. Las recomendaciones de combinaci\u00f3n se detallan en el reglamento. PAGINA&hellip;<\/p>\n","protected":false},"featured_media":5677,"comment_status":"open","ping_status":"closed","template":"","meta":[],"product_brand":[],"product_cat":[84,141],"product_tag":[144],"class_list":{"0":"post-5676","1":"product","2":"type-product","3":"status-publish","4":"has-post-thumbnail","6":"product_cat-estrategia","7":"product_cat-expansion","8":"product_tag-expansion","10":"first","11":"instock","12":"taxable","13":"shipping-taxable","14":"purchasable","15":"product-type-simple"},"jetpack_sharing_enabled":true,"_links":{"self":[{"href":"https:\/\/veneludica.com\/index.php?rest_route=\/wp\/v2\/product\/5676","targetHints":{"allow":["GET"]}}],"collection":[{"href":"https:\/\/veneludica.com\/index.php?rest_route=\/wp\/v2\/product"}],"about":[{"href":"https:\/\/veneludica.com\/index.php?rest_route=\/wp\/v2\/types\/product"}],"replies":[{"embeddable":true,"href":"https:\/\/veneludica.com\/index.php?rest_route=%2Fwp%2Fv2%2Fcomments&post=5676"}],"version-history":[{"count":1,"href":"https:\/\/veneludica.com\/index.php?rest_route=\/wp\/v2\/product\/5676\/revisions"}],"predecessor-version":[{"id":5678,"href":"https:\/\/veneludica.com\/index.php?rest_route=\/wp\/v2\/product\/5676\/revisions\/5678"}],"wp:featuredmedia":[{"embeddable":true,"href":"https:\/\/veneludica.com\/index.php?rest_route=\/wp\/v2\/media\/5677"}],"wp:attachment":[{"href":"https:\/\/veneludica.com\/index.php?rest_route=%2Fwp%2Fv2%2Fmedia&parent=5676"}],"wp:term":[{"taxonomy":"product_brand","embeddable":true,"href":"https:\/\/veneludica.com\/index.php?rest_route=%2Fwp%2Fv2%2Fproduct_brand&post=5676"},{"taxonomy":"product_cat","embeddable":true,"href":"https:\/\/veneludica.com\/index.php?rest_route=%2Fwp%2Fv2%2Fproduct_cat&post=5676"},{"taxonomy":"product_tag","embeddable":true,"href":"https:\/\/veneludica.com\/index.php?rest_route=%2Fwp%2Fv2%2Fproduct_tag&post=5676"}],"curies":[{"name":"wp","href":"https:\/\/api.w.org\/{rel}","templated":true}]}}