{"id":5688,"date":"2026-01-08T22:06:04","date_gmt":"2026-01-08T22:06:04","guid":{"rendered":"https:\/\/veneludica.com\/?post_type=product&#038;p=5688"},"modified":"2026-01-08T22:06:05","modified_gmt":"2026-01-08T22:06:05","slug":"diamant","status":"publish","type":"product","link":"https:\/\/veneludica.com\/?product=diamant","title":{"rendered":"Diamant"},"content":{"rendered":"<p data-start=\"48\" data-end=\"575\"><strong data-start=\"48\" data-end=\"59\">Diamant<\/strong> \u2014 tambi\u00e9n publicado como <strong data-start=\"85\" data-end=\"99\">Incan Gold<\/strong> \u2014 es un juego r\u00e1pido, divertido y de <strong data-start=\"137\" data-end=\"159\">tienta a la suerte<\/strong>. Los jugadores se adentran en galer\u00edas de minas o exploran senderos en la jungla revelando cartas de un mazo y <strong data-start=\"271\" data-end=\"302\">repartiendo equitativamente<\/strong> las gemas que encuentran por el camino; las gemas sobrantes se colocan sobre la carta revelada. Antes de dar la vuelta a la siguiente carta, tienes la opci\u00f3n de <strong data-start=\"464\" data-end=\"491\">abandonar la expedici\u00f3n<\/strong> y poner a salvo tus ganancias, incluidas las gemas que recojas durante la retirada.<\/p>\n<p data-start=\"577\" data-end=\"955\">\u00bfY por qu\u00e9 querr\u00edas irte? Porque el mazo tambi\u00e9n contiene <strong data-start=\"635\" data-end=\"647\">peligros<\/strong>: escorpiones, serpientes, gas venenoso, explosiones y derrumbes. Cuando un peligro concreto aparece <strong data-start=\"748\" data-end=\"767\">por segunda vez<\/strong> (por ejemplo, un segundo escorpi\u00f3n), todos los jugadores que sigan en la mina o en el sendero deben <strong data-start=\"868\" data-end=\"894\">perder todas las gemas<\/strong> que hayan recogido en esa ronda y huir para ponerse a salvo.<\/p>\n<p data-start=\"957\" data-end=\"1169\">El truco est\u00e1 en que, a medida que m\u00e1s jugadores se retiran en cada turno, <strong data-start=\"1032\" data-end=\"1062\">tu parte del bot\u00edn aumenta<\/strong>, lo que puede animarte a seguir explorando m\u00e1s profundamente\u2026 pero con el riesgo de <strong data-start=\"1147\" data-end=\"1168\">quedarte sin nada<\/strong>.<\/p>\n<p data-start=\"957\" data-end=\"1169\"><a href=\"https:\/\/boardgamegeek.com\/boardgame\/15512\/diamant\">PAGINA BGG<\/a><\/p>\n<p><iframe title=\"Conociendo Diamant\" width=\"640\" height=\"360\" src=\"https:\/\/www.youtube.com\/embed\/e2gjm1XjZqo?feature=oembed\" frameborder=\"0\" allow=\"accelerometer; autoplay; clipboard-write; encrypted-media; gyroscope; picture-in-picture; web-share\" referrerpolicy=\"strict-origin-when-cross-origin\" allowfullscreen><\/iframe><\/p>\n","protected":false},"excerpt":{"rendered":"<p>Diamant \u2014 tambi\u00e9n publicado como Incan Gold \u2014 es un juego r\u00e1pido, divertido y de tienta a la suerte. Los jugadores se adentran en galer\u00edas de minas o exploran senderos en la jungla revelando cartas de un mazo y repartiendo equitativamente las gemas que encuentran por el camino; las gemas sobrantes se colocan sobre la carta revelada. Antes de dar la vuelta a la siguiente carta, tienes la opci\u00f3n de&hellip;<\/p>\n","protected":false},"featured_media":5689,"comment_status":"open","ping_status":"closed","template":"","meta":[],"product_brand":[],"product_cat":[88,65,217],"product_tag":[],"class_list":{"0":"post-5688","1":"product","2":"type-product","3":"status-publish","4":"has-post-thumbnail","6":"product_cat-familiar","7":"product_cat-party-games","8":"product_cat-push-your-luck","10":"first","11":"instock","12":"taxable","13":"shipping-taxable","14":"purchasable","15":"product-type-simple"},"jetpack_sharing_enabled":true,"_links":{"self":[{"href":"https:\/\/veneludica.com\/index.php?rest_route=\/wp\/v2\/product\/5688","targetHints":{"allow":["GET"]}}],"collection":[{"href":"https:\/\/veneludica.com\/index.php?rest_route=\/wp\/v2\/product"}],"about":[{"href":"https:\/\/veneludica.com\/index.php?rest_route=\/wp\/v2\/types\/product"}],"replies":[{"embeddable":true,"href":"https:\/\/veneludica.com\/index.php?rest_route=%2Fwp%2Fv2%2Fcomments&post=5688"}],"version-history":[{"count":1,"href":"https:\/\/veneludica.com\/index.php?rest_route=\/wp\/v2\/product\/5688\/revisions"}],"predecessor-version":[{"id":5691,"href":"https:\/\/veneludica.com\/index.php?rest_route=\/wp\/v2\/product\/5688\/revisions\/5691"}],"wp:featuredmedia":[{"embeddable":true,"href":"https:\/\/veneludica.com\/index.php?rest_route=\/wp\/v2\/media\/5689"}],"wp:attachment":[{"href":"https:\/\/veneludica.com\/index.php?rest_route=%2Fwp%2Fv2%2Fmedia&parent=5688"}],"wp:term":[{"taxonomy":"product_brand","embeddable":true,"href":"https:\/\/veneludica.com\/index.php?rest_route=%2Fwp%2Fv2%2Fproduct_brand&post=5688"},{"taxonomy":"product_cat","embeddable":true,"href":"https:\/\/veneludica.com\/index.php?rest_route=%2Fwp%2Fv2%2Fproduct_cat&post=5688"},{"taxonomy":"product_tag","embeddable":true,"href":"https:\/\/veneludica.com\/index.php?rest_route=%2Fwp%2Fv2%2Fproduct_tag&post=5688"}],"curies":[{"name":"wp","href":"https:\/\/api.w.org\/{rel}","templated":true}]}}