{"id":5692,"date":"2026-01-08T22:14:31","date_gmt":"2026-01-08T22:14:31","guid":{"rendered":"https:\/\/veneludica.com\/?post_type=product&#038;p=5692"},"modified":"2026-01-08T22:14:31","modified_gmt":"2026-01-08T22:14:31","slug":"diaspora","status":"publish","type":"product","link":"https:\/\/veneludica.com\/?product=diaspora","title":{"rendered":"Di\u00e1spora"},"content":{"rendered":"<p data-start=\"48\" data-end=\"460\">En <strong data-start=\"51\" data-end=\"63\">Di\u00e1spora<\/strong>, de 1 a 24 jugadores intentan resolver las 24 cartas, cada una de las cuales contiene un <strong data-start=\"153\" data-end=\"169\">c\u00f3digo \u00fanico<\/strong>. A trav\u00e9s de una comunicaci\u00f3n por <strong data-start=\"204\" data-end=\"226\">correo electr\u00f3nico<\/strong> con la nave interestelar en la que viajan los tres personajes principales del juego, los jugadores ir\u00e1n <strong data-start=\"331\" data-end=\"362\">desvelando nuevos misterios<\/strong> y <strong data-start=\"365\" data-end=\"397\">obteniendo nueva informaci\u00f3n<\/strong> sobre la historia del juego a medida que resuelven las cartas.<\/p>\n<p data-start=\"48\" data-end=\"460\"><a href=\"https:\/\/boardgamegeek.com\/boardgame\/298690\/diaspora\">PAGINA BGG<\/a><\/p>\n<p><iframe title=\"Conociendo Di\u00e1spora\" width=\"640\" height=\"360\" src=\"https:\/\/www.youtube.com\/embed\/twSTULrW70M?feature=oembed\" frameborder=\"0\" allow=\"accelerometer; autoplay; clipboard-write; encrypted-media; gyroscope; picture-in-picture; web-share\" referrerpolicy=\"strict-origin-when-cross-origin\" allowfullscreen><\/iframe><\/p>\n","protected":false},"excerpt":{"rendered":"<p>En Di\u00e1spora, de 1 a 24 jugadores intentan resolver las 24 cartas, cada una de las cuales contiene un c\u00f3digo \u00fanico. A trav\u00e9s de una comunicaci\u00f3n por correo electr\u00f3nico con la nave interestelar en la que viajan los tres personajes principales del juego, los jugadores ir\u00e1n desvelando nuevos misterios y obteniendo nueva informaci\u00f3n sobre la historia del juego a medida que resuelven las cartas. PAGINA BGG<\/p>\n","protected":false},"featured_media":5693,"comment_status":"open","ping_status":"closed","template":"","meta":[],"product_brand":[],"product_cat":[65],"product_tag":[155,221],"class_list":{"0":"post-5692","1":"product","2":"type-product","3":"status-publish","4":"has-post-thumbnail","6":"product_cat-party-games","7":"product_tag-cartas","8":"product_tag-puzzle","10":"first","11":"instock","12":"taxable","13":"shipping-taxable","14":"purchasable","15":"product-type-simple"},"jetpack_sharing_enabled":true,"_links":{"self":[{"href":"https:\/\/veneludica.com\/index.php?rest_route=\/wp\/v2\/product\/5692","targetHints":{"allow":["GET"]}}],"collection":[{"href":"https:\/\/veneludica.com\/index.php?rest_route=\/wp\/v2\/product"}],"about":[{"href":"https:\/\/veneludica.com\/index.php?rest_route=\/wp\/v2\/types\/product"}],"replies":[{"embeddable":true,"href":"https:\/\/veneludica.com\/index.php?rest_route=%2Fwp%2Fv2%2Fcomments&post=5692"}],"version-history":[{"count":1,"href":"https:\/\/veneludica.com\/index.php?rest_route=\/wp\/v2\/product\/5692\/revisions"}],"predecessor-version":[{"id":5694,"href":"https:\/\/veneludica.com\/index.php?rest_route=\/wp\/v2\/product\/5692\/revisions\/5694"}],"wp:featuredmedia":[{"embeddable":true,"href":"https:\/\/veneludica.com\/index.php?rest_route=\/wp\/v2\/media\/5693"}],"wp:attachment":[{"href":"https:\/\/veneludica.com\/index.php?rest_route=%2Fwp%2Fv2%2Fmedia&parent=5692"}],"wp:term":[{"taxonomy":"product_brand","embeddable":true,"href":"https:\/\/veneludica.com\/index.php?rest_route=%2Fwp%2Fv2%2Fproduct_brand&post=5692"},{"taxonomy":"product_cat","embeddable":true,"href":"https:\/\/veneludica.com\/index.php?rest_route=%2Fwp%2Fv2%2Fproduct_cat&post=5692"},{"taxonomy":"product_tag","embeddable":true,"href":"https:\/\/veneludica.com\/index.php?rest_route=%2Fwp%2Fv2%2Fproduct_tag&post=5692"}],"curies":[{"name":"wp","href":"https:\/\/api.w.org\/{rel}","templated":true}]}}