{"id":5700,"date":"2026-01-08T22:41:17","date_gmt":"2026-01-08T22:41:17","guid":{"rendered":"https:\/\/veneludica.com\/?post_type=product&#038;p=5700"},"modified":"2026-01-08T22:41:17","modified_gmt":"2026-01-08T22:41:17","slug":"dice-settlers","status":"publish","type":"product","link":"https:\/\/veneludica.com\/?product=dice-settlers","title":{"rendered":"Dice Settlers"},"content":{"rendered":"<p data-start=\"48\" data-end=\"523\">Con un pedazo de tierra al que llamar hogar, un pu\u00f1ado de recursos, unas cuantas familias y la cabeza llena de sue\u00f1os, te embarcas en el viaje de tu vida. M\u00e1s all\u00e1 se extiende el Nuevo Mundo, lleno de oportunidades para hacer realidad el sue\u00f1o de un nuevo hogar. Pero ten cuidado: otros colonos tambi\u00e9n han llegado, y aunque sus comienzos sean tan humildes como los tuyos, todos querr\u00e1n influir en estas nuevas tierras tanto como t\u00fa. \u00bfLograr\u00e1s convertirte en el m\u00e1s poderoso?<\/p>\n<p data-start=\"525\" data-end=\"987\"><strong data-start=\"525\" data-end=\"542\">Dice Settlers<\/strong> es un juego de civilizaci\u00f3n basado en dados que combina construcci\u00f3n de reserva (<em data-start=\"624\" data-end=\"639\">pool building<\/em>), recolecci\u00f3n de recursos y control de \u00e1reas. En cada turno, los jugadores sacan dados de sus bolsas, los lanzan y eligen sus propias acciones: desde explorar nuevas tierras y construir el tablero, hasta recolectar recursos, comerciar y desarrollar tecnolog\u00edas que otorgan nuevas habilidades. Cada jugador elige su propio camino hacia la victoria.<\/p>\n<p data-start=\"989\" data-end=\"1124\">\u00a1Un tablero cambiante, un conjunto distinto de tecnolog\u00edas en cada partida y una enorme variedad de estrategias disponibles te esperan!<\/p>\n<p data-start=\"989\" data-end=\"1124\"><a href=\"https:\/\/boardgamegeek.com\/boardgame\/230267\/dice-settlers\">PAGINA BGG<\/a><\/p>\n<p><iframe title=\"Conociendo Dados y Colonos\" width=\"640\" height=\"360\" src=\"https:\/\/www.youtube.com\/embed\/AQVCmAc4fvI?feature=oembed\" frameborder=\"0\" allow=\"accelerometer; autoplay; clipboard-write; encrypted-media; gyroscope; picture-in-picture; web-share\" referrerpolicy=\"strict-origin-when-cross-origin\" allowfullscreen><\/iframe><\/p>\n<p data-start=\"989\" data-end=\"1124\">\n","protected":false},"excerpt":{"rendered":"<p>Con un pedazo de tierra al que llamar hogar, un pu\u00f1ado de recursos, unas cuantas familias y la cabeza llena de sue\u00f1os, te embarcas en el viaje de tu vida. M\u00e1s all\u00e1 se extiende el Nuevo Mundo, lleno de oportunidades para hacer realidad el sue\u00f1o de un nuevo hogar. Pero ten cuidado: otros colonos tambi\u00e9n han llegado, y aunque sus comienzos sean tan humildes como los tuyos, todos querr\u00e1n influir&hellip;<\/p>\n","protected":false},"featured_media":5701,"comment_status":"open","ping_status":"closed","template":"","meta":[],"product_brand":[],"product_cat":[84],"product_tag":[93,222,87],"class_list":{"0":"post-5700","1":"product","2":"type-product","3":"status-publish","4":"has-post-thumbnail","6":"product_cat-estrategia","7":"product_tag-dados","8":"product_tag-dados-y-colonos","9":"product_tag-explorar","11":"first","12":"instock","13":"taxable","14":"shipping-taxable","15":"purchasable","16":"product-type-simple"},"jetpack_sharing_enabled":true,"_links":{"self":[{"href":"https:\/\/veneludica.com\/index.php?rest_route=\/wp\/v2\/product\/5700","targetHints":{"allow":["GET"]}}],"collection":[{"href":"https:\/\/veneludica.com\/index.php?rest_route=\/wp\/v2\/product"}],"about":[{"href":"https:\/\/veneludica.com\/index.php?rest_route=\/wp\/v2\/types\/product"}],"replies":[{"embeddable":true,"href":"https:\/\/veneludica.com\/index.php?rest_route=%2Fwp%2Fv2%2Fcomments&post=5700"}],"version-history":[{"count":1,"href":"https:\/\/veneludica.com\/index.php?rest_route=\/wp\/v2\/product\/5700\/revisions"}],"predecessor-version":[{"id":5702,"href":"https:\/\/veneludica.com\/index.php?rest_route=\/wp\/v2\/product\/5700\/revisions\/5702"}],"wp:featuredmedia":[{"embeddable":true,"href":"https:\/\/veneludica.com\/index.php?rest_route=\/wp\/v2\/media\/5701"}],"wp:attachment":[{"href":"https:\/\/veneludica.com\/index.php?rest_route=%2Fwp%2Fv2%2Fmedia&parent=5700"}],"wp:term":[{"taxonomy":"product_brand","embeddable":true,"href":"https:\/\/veneludica.com\/index.php?rest_route=%2Fwp%2Fv2%2Fproduct_brand&post=5700"},{"taxonomy":"product_cat","embeddable":true,"href":"https:\/\/veneludica.com\/index.php?rest_route=%2Fwp%2Fv2%2Fproduct_cat&post=5700"},{"taxonomy":"product_tag","embeddable":true,"href":"https:\/\/veneludica.com\/index.php?rest_route=%2Fwp%2Fv2%2Fproduct_tag&post=5700"}],"curies":[{"name":"wp","href":"https:\/\/api.w.org\/{rel}","templated":true}]}}