{"id":5703,"date":"2026-01-08T22:51:05","date_gmt":"2026-01-08T22:51:05","guid":{"rendered":"https:\/\/veneludica.com\/?post_type=product&#038;p=5703"},"modified":"2026-01-08T22:51:08","modified_gmt":"2026-01-08T22:51:08","slug":"dicium","status":"publish","type":"product","link":"https:\/\/veneludica.com\/?product=dicium","title":{"rendered":"Dicium"},"content":{"rendered":"<p data-start=\"48\" data-end=\"492\"><strong data-start=\"48\" data-end=\"58\">Dicium<\/strong> te invita a vivir cuatro aventuras muy diferentes a trav\u00e9s de una mec\u00e1nica central basada en combinaciones de dados. Los <em data-start=\"180\" data-end=\"194\">dados Dicium<\/em> son el coraz\u00f3n del juego: once dados id\u00e9nticos. Cada cara presenta dos aspectos: un n\u00famero y un color. En tu turno, combinas los resultados de los dados que has lanzado para realizar hasta dos acciones. Los dos aspectos de cada cara ofrecen una gran variedad de combinaciones de n\u00fameros y colores.<\/p>\n<p data-start=\"494\" data-end=\"674\">Aunque los cuatro juegos comparten las mismas reglas generales y duran entre 30 y 60 minutos, cada uno se desarrolla en un universo espec\u00edfico y ofrece un estilo de juego distinto:<\/p>\n<h3 data-start=\"676\" data-end=\"694\">1. CRAZY CUP<\/h3>\n<p data-start=\"695\" data-end=\"937\">Juego competitivo de carreras para 1 a 4 jugadores, a partir de 8 a\u00f1os.<br data-start=\"766\" data-end=\"769\" \/>Participa en una carrera fren\u00e9tica a trav\u00e9s del Gran Ca\u00f1\u00f3n. \u00bfQu\u00e9 trucos retorcidos utilizar\u00e1s para entorpecer a tus rivales y ser el primero en cruzar la l\u00ednea de meta?<\/p>\n<h3 data-start=\"939\" data-end=\"955\">2. DUNGEON<\/h3>\n<p data-start=\"956\" data-end=\"1223\">Juego cooperativo de aventuras para 1 a 4 jugadores, a partir de 10 a\u00f1os.<br data-start=\"1029\" data-end=\"1032\" \/>Explora la mazmorra junto a tus compa\u00f1eros en busca de tesoros, pero cuidado con los monstruos y las trampas. \u00bfConseguir\u00e9is encontrar la corona del Rey Goblin antes de que regrese a su trono?<\/p>\n<h3 data-start=\"1225\" data-end=\"1246\">3. CIVILIZATION<\/h3>\n<p data-start=\"1247\" data-end=\"1525\">Juego competitivo de conquista para 1 a 4 jugadores, a partir de 12 a\u00f1os.<br data-start=\"1320\" data-end=\"1323\" \/>\u00a1Convi\u00e9rtete en el mayor conquistador del mundo antiguo! Explora el archipi\u00e9lago, funda ciudades, enfr\u00e9ntate a tus enemigos y construye una Maravilla para asegurar el lugar de tu imperio en la historia.<\/p>\n<h3 data-start=\"1527\" data-end=\"1542\">4. SHOGUN<\/h3>\n<p data-start=\"1543\" data-end=\"1767\">Juego de confrontaci\u00f3n asim\u00e9trica para 2 o 4 jugadores, a partir de 12 a\u00f1os.<br data-start=\"1619\" data-end=\"1622\" \/>\u00a1Los ninjas se infiltran en el palacio para secuestrar al sh\u014dgun! Fieles a su c\u00f3digo bushid\u014d, los samur\u00e1is deben defenderlo. \u00bfQu\u00e9 bando elegir\u00e1s?<\/p>\n<p data-start=\"1543\" data-end=\"1767\"><a href=\"https:\/\/boardgamegeek.com\/boardgame\/260239\/dicium\">PAGINA BGG<\/a><\/p>\n<p><iframe title=\"Dicium Juego de mesa - V\u00eddeo tutorial\" width=\"640\" height=\"360\" src=\"https:\/\/www.youtube.com\/embed\/ALLJiBqjhts?feature=oembed\" frameborder=\"0\" allow=\"accelerometer; autoplay; clipboard-write; encrypted-media; gyroscope; picture-in-picture; web-share\" referrerpolicy=\"strict-origin-when-cross-origin\" allowfullscreen><\/iframe><\/p>\n","protected":false},"excerpt":{"rendered":"<p>Dicium te invita a vivir cuatro aventuras muy diferentes a trav\u00e9s de una mec\u00e1nica central basada en combinaciones de dados. Los dados Dicium son el coraz\u00f3n del juego: once dados id\u00e9nticos. Cada cara presenta dos aspectos: un n\u00famero y un color. En tu turno, combinas los resultados de los dados que has lanzado para realizar hasta dos acciones. Los dos aspectos de cada cara ofrecen una gran variedad de combinaciones&hellip;<\/p>\n","protected":false},"featured_media":5704,"comment_status":"open","ping_status":"closed","template":"","meta":[],"product_brand":[],"product_cat":[88],"product_tag":[93,87],"class_list":{"0":"post-5703","1":"product","2":"type-product","3":"status-publish","4":"has-post-thumbnail","6":"product_cat-familiar","7":"product_tag-dados","8":"product_tag-explorar","10":"first","11":"instock","12":"taxable","13":"shipping-taxable","14":"purchasable","15":"product-type-simple"},"jetpack_sharing_enabled":true,"_links":{"self":[{"href":"https:\/\/veneludica.com\/index.php?rest_route=\/wp\/v2\/product\/5703","targetHints":{"allow":["GET"]}}],"collection":[{"href":"https:\/\/veneludica.com\/index.php?rest_route=\/wp\/v2\/product"}],"about":[{"href":"https:\/\/veneludica.com\/index.php?rest_route=\/wp\/v2\/types\/product"}],"replies":[{"embeddable":true,"href":"https:\/\/veneludica.com\/index.php?rest_route=%2Fwp%2Fv2%2Fcomments&post=5703"}],"version-history":[{"count":1,"href":"https:\/\/veneludica.com\/index.php?rest_route=\/wp\/v2\/product\/5703\/revisions"}],"predecessor-version":[{"id":5711,"href":"https:\/\/veneludica.com\/index.php?rest_route=\/wp\/v2\/product\/5703\/revisions\/5711"}],"wp:featuredmedia":[{"embeddable":true,"href":"https:\/\/veneludica.com\/index.php?rest_route=\/wp\/v2\/media\/5704"}],"wp:attachment":[{"href":"https:\/\/veneludica.com\/index.php?rest_route=%2Fwp%2Fv2%2Fmedia&parent=5703"}],"wp:term":[{"taxonomy":"product_brand","embeddable":true,"href":"https:\/\/veneludica.com\/index.php?rest_route=%2Fwp%2Fv2%2Fproduct_brand&post=5703"},{"taxonomy":"product_cat","embeddable":true,"href":"https:\/\/veneludica.com\/index.php?rest_route=%2Fwp%2Fv2%2Fproduct_cat&post=5703"},{"taxonomy":"product_tag","embeddable":true,"href":"https:\/\/veneludica.com\/index.php?rest_route=%2Fwp%2Fv2%2Fproduct_tag&post=5703"}],"curies":[{"name":"wp","href":"https:\/\/api.w.org\/{rel}","templated":true}]}}