{"id":5712,"date":"2026-01-08T22:57:27","date_gmt":"2026-01-08T22:57:27","guid":{"rendered":"https:\/\/veneludica.com\/?post_type=product&#038;p=5712"},"modified":"2026-01-08T22:57:27","modified_gmt":"2026-01-08T22:57:27","slug":"disney-villainous-despicable-plots","status":"publish","type":"product","link":"https:\/\/veneludica.com\/?product=disney-villainous-despicable-plots","title":{"rendered":"Disney Villainous: Despicable Plots"},"content":{"rendered":"<p data-start=\"48\" data-end=\"454\">En <strong data-start=\"51\" data-end=\"83\">Villainous: Despicable Plots<\/strong>, cada jugador toma el control de uno de tres personajes de Disney, cada uno un villano de una pel\u00edcula diferente: <strong data-start=\"198\" data-end=\"215\">Lady Tremaine<\/strong> (<em data-start=\"217\" data-end=\"229\">Cenicienta<\/em>), <strong data-start=\"232\" data-end=\"250\">el Rey del Mal<\/strong> (<em data-start=\"252\" data-end=\"279\">Taron y el Caldero M\u00e1gico<\/em> \/ <em data-start=\"282\" data-end=\"302\">The Black Cauldron<\/em>) y <strong data-start=\"306\" data-end=\"316\">Gast\u00f3n<\/strong> (<em data-start=\"318\" data-end=\"340\">La Bella y la Bestia<\/em>). Cada jugador cuenta con su propio mazo de villano, mazo de destino, tablero personal y figura 3D del personaje.<\/p>\n<p data-start=\"456\" data-end=\"862\">En su turno, el jugador activo mueve a su personaje a una localizaci\u00f3n diferente de su tablero, realiza una o m\u00e1s de las acciones visibles en ese espacio (normalmente jugando cartas de su mano) y, a continuaci\u00f3n, repone su mano hasta tener cuatro cartas. Las cartas pueden ser <strong data-start=\"733\" data-end=\"744\">aliados<\/strong>, <strong data-start=\"746\" data-end=\"757\">objetos<\/strong>, <strong data-start=\"759\" data-end=\"770\">efectos<\/strong> y <strong data-start=\"773\" data-end=\"788\">condiciones<\/strong>. Debes usar estas cartas para cumplir tu <strong data-start=\"830\" data-end=\"861\">condici\u00f3n de victoria \u00fanica<\/strong>.<\/p>\n<p data-start=\"864\" data-end=\"1280\">Una de las acciones permite elegir a otro jugador, robar dos cartas del mazo de destino de ese jugador y jugar una de ellas en su tablero, cubriendo dos de los cuatro espacios de acci\u00f3n de una de sus localizaciones. El mazo de destino contiene <strong data-start=\"1108\" data-end=\"1118\">h\u00e9roes<\/strong>, <strong data-start=\"1120\" data-end=\"1131\">objetos<\/strong> y <strong data-start=\"1134\" data-end=\"1145\">efectos<\/strong> de la pel\u00edcula de ese villano, y estas cartas permiten que los dem\u00e1s jugadores interfieran en los planes de ese villano en particular.<\/p>\n<p data-start=\"1282\" data-end=\"1444\"><strong data-start=\"1282\" data-end=\"1314\">Villainous: Despicable Plots<\/strong> puede jugarse de forma independiente, y sus personajes tambi\u00e9n pueden enfrentarse a los de otros juegos de <strong data-start=\"1422\" data-end=\"1443\">Disney Villainous<\/strong>.<\/p>\n<p data-start=\"1282\" data-end=\"1444\"><a href=\"https:\/\/boardgamegeek.com\/boardgame\/331050\/disney-villainous-despicable-plots\">PAGINA BGG<\/a><\/p>\n<p><iframe title=\"Villainous Despicable Plots \ud83d\udcaa Unboxing\" width=\"640\" height=\"360\" src=\"https:\/\/www.youtube.com\/embed\/ot-dQr7Gfqc?feature=oembed\" frameborder=\"0\" allow=\"accelerometer; autoplay; clipboard-write; encrypted-media; gyroscope; picture-in-picture; web-share\" referrerpolicy=\"strict-origin-when-cross-origin\" allowfullscreen><\/iframe><\/p>\n<p data-start=\"1282\" data-end=\"1444\">\n","protected":false},"excerpt":{"rendered":"<p>En Villainous: Despicable Plots, cada jugador toma el control de uno de tres personajes de Disney, cada uno un villano de una pel\u00edcula diferente: Lady Tremaine (Cenicienta), el Rey del Mal (Taron y el Caldero M\u00e1gico \/ The Black Cauldron) y Gast\u00f3n (La Bella y la Bestia). Cada jugador cuenta con su propio mazo de villano, mazo de destino, tablero personal y figura 3D del personaje. En su turno, el&hellip;<\/p>\n","protected":false},"featured_media":5713,"comment_status":"open","ping_status":"closed","template":"","meta":[],"product_brand":[],"product_cat":[88,203],"product_tag":[],"class_list":{"0":"post-5712","1":"product","2":"type-product","3":"status-publish","4":"has-post-thumbnail","6":"product_cat-familiar","7":"product_cat-tematico","9":"first","10":"instock","11":"taxable","12":"shipping-taxable","13":"purchasable","14":"product-type-simple"},"jetpack_sharing_enabled":true,"_links":{"self":[{"href":"https:\/\/veneludica.com\/index.php?rest_route=\/wp\/v2\/product\/5712","targetHints":{"allow":["GET"]}}],"collection":[{"href":"https:\/\/veneludica.com\/index.php?rest_route=\/wp\/v2\/product"}],"about":[{"href":"https:\/\/veneludica.com\/index.php?rest_route=\/wp\/v2\/types\/product"}],"replies":[{"embeddable":true,"href":"https:\/\/veneludica.com\/index.php?rest_route=%2Fwp%2Fv2%2Fcomments&post=5712"}],"version-history":[{"count":1,"href":"https:\/\/veneludica.com\/index.php?rest_route=\/wp\/v2\/product\/5712\/revisions"}],"predecessor-version":[{"id":5715,"href":"https:\/\/veneludica.com\/index.php?rest_route=\/wp\/v2\/product\/5712\/revisions\/5715"}],"wp:featuredmedia":[{"embeddable":true,"href":"https:\/\/veneludica.com\/index.php?rest_route=\/wp\/v2\/media\/5713"}],"wp:attachment":[{"href":"https:\/\/veneludica.com\/index.php?rest_route=%2Fwp%2Fv2%2Fmedia&parent=5712"}],"wp:term":[{"taxonomy":"product_brand","embeddable":true,"href":"https:\/\/veneludica.com\/index.php?rest_route=%2Fwp%2Fv2%2Fproduct_brand&post=5712"},{"taxonomy":"product_cat","embeddable":true,"href":"https:\/\/veneludica.com\/index.php?rest_route=%2Fwp%2Fv2%2Fproduct_cat&post=5712"},{"taxonomy":"product_tag","embeddable":true,"href":"https:\/\/veneludica.com\/index.php?rest_route=%2Fwp%2Fv2%2Fproduct_tag&post=5712"}],"curies":[{"name":"wp","href":"https:\/\/api.w.org\/{rel}","templated":true}]}}