{"id":5716,"date":"2026-01-08T23:01:12","date_gmt":"2026-01-08T23:01:12","guid":{"rendered":"https:\/\/veneludica.com\/?post_type=product&#038;p=5716"},"modified":"2026-01-08T23:01:12","modified_gmt":"2026-01-08T23:01:12","slug":"disney-villainous-introduction-to-evil","status":"publish","type":"product","link":"https:\/\/veneludica.com\/?product=disney-villainous-introduction-to-evil","title":{"rendered":"Disney Villainous: Introduction to Evil"},"content":{"rendered":"<p data-start=\"48\" data-end=\"425\"><strong data-start=\"48\" data-end=\"91\">Disney Villainous: Introduction to Evil<\/strong> presenta la misma jugabilidad que <strong data-start=\"126\" data-end=\"147\">Disney Villainous<\/strong>, pero en esta ocasi\u00f3n el juego incluye solo <strong data-start=\"192\" data-end=\"228\">cuatro villanos en lugar de seis<\/strong> \u2014 <strong data-start=\"231\" data-end=\"243\">Mal\u00e9fica<\/strong>, <strong data-start=\"245\" data-end=\"266\">el Capit\u00e1n Garfio<\/strong>, <strong data-start=\"268\" data-end=\"278\">\u00darsula<\/strong> y <strong data-start=\"281\" data-end=\"301\" data-is-only-node=\"\">el Pr\u00edncipe Juan<\/strong>\u2014 en una versi\u00f3n con reglas <strong data-start=\"329\" data-end=\"346\">simplificadas<\/strong>, dise\u00f1ada para ayudar a los jugadores que se acercan al juego por primera vez.<\/p>\n<p data-start=\"427\" data-end=\"934\">En la partida, cada jugador controla a un villano con su propio <strong data-start=\"491\" data-end=\"510\">mazo de villano<\/strong>, <strong data-start=\"512\" data-end=\"531\">mazo de destino<\/strong>, <strong data-start=\"533\" data-end=\"553\">tablero personal<\/strong> y <strong data-start=\"556\" data-end=\"569\">figura 3D<\/strong>. En su turno, el jugador mueve a su personaje a una localizaci\u00f3n distinta de su tablero, realiza una o m\u00e1s de las acciones visibles en ese espacio (normalmente jugando cartas de su mano) y despu\u00e9s repone su mano hasta tener <strong data-start=\"794\" data-end=\"811\">cuatro cartas<\/strong>. Las cartas pueden ser <strong data-start=\"835\" data-end=\"846\">aliados<\/strong>, <strong data-start=\"848\" data-end=\"859\">objetos<\/strong>, <strong data-start=\"861\" data-end=\"872\">efectos<\/strong>, <strong data-start=\"874\" data-end=\"889\">condiciones<\/strong> y, para algunos personajes, <strong data-start=\"918\" data-end=\"933\">maldiciones<\/strong>.<\/p>\n<p data-start=\"936\" data-end=\"1112\">Debes usar tus cartas para cumplir tu <strong data-start=\"974\" data-end=\"1005\">condici\u00f3n de victoria \u00fanica<\/strong>, que en algunos casos implica <strong data-start=\"1036\" data-end=\"1057\">derrotar al h\u00e9roe<\/strong> de la pel\u00edcula de Disney correspondiente a tu villano.<\/p>\n<p data-start=\"936\" data-end=\"1112\"><a href=\"https:\/\/boardgamegeek.com\/boardgame\/391561\/disney-villainous-introduction-to-evil\">PAGINA BGG<\/a><\/p>\n<p><iframe title=\"Disney Villainous: C\u00f3mo Jugar\/Tutorial\" width=\"640\" height=\"360\" src=\"https:\/\/www.youtube.com\/embed\/KysLbZ72XlY?feature=oembed\" frameborder=\"0\" allow=\"accelerometer; autoplay; clipboard-write; encrypted-media; gyroscope; picture-in-picture; web-share\" referrerpolicy=\"strict-origin-when-cross-origin\" allowfullscreen><\/iframe><\/p>\n<p data-start=\"936\" data-end=\"1112\">\n","protected":false},"excerpt":{"rendered":"<p>Disney Villainous: Introduction to Evil presenta la misma jugabilidad que Disney Villainous, pero en esta ocasi\u00f3n el juego incluye solo cuatro villanos en lugar de seis \u2014 Mal\u00e9fica, el Capit\u00e1n Garfio, \u00darsula y el Pr\u00edncipe Juan\u2014 en una versi\u00f3n con reglas simplificadas, dise\u00f1ada para ayudar a los jugadores que se acercan al juego por primera vez. En la partida, cada jugador controla a un villano con su propio mazo de&hellip;<\/p>\n","protected":false},"featured_media":5717,"comment_status":"open","ping_status":"closed","template":"","meta":[],"product_brand":[],"product_cat":[88,203],"product_tag":[],"class_list":{"0":"post-5716","1":"product","2":"type-product","3":"status-publish","4":"has-post-thumbnail","6":"product_cat-familiar","7":"product_cat-tematico","9":"first","10":"instock","11":"taxable","12":"shipping-taxable","13":"purchasable","14":"product-type-simple"},"jetpack_sharing_enabled":true,"_links":{"self":[{"href":"https:\/\/veneludica.com\/index.php?rest_route=\/wp\/v2\/product\/5716","targetHints":{"allow":["GET"]}}],"collection":[{"href":"https:\/\/veneludica.com\/index.php?rest_route=\/wp\/v2\/product"}],"about":[{"href":"https:\/\/veneludica.com\/index.php?rest_route=\/wp\/v2\/types\/product"}],"replies":[{"embeddable":true,"href":"https:\/\/veneludica.com\/index.php?rest_route=%2Fwp%2Fv2%2Fcomments&post=5716"}],"version-history":[{"count":1,"href":"https:\/\/veneludica.com\/index.php?rest_route=\/wp\/v2\/product\/5716\/revisions"}],"predecessor-version":[{"id":5719,"href":"https:\/\/veneludica.com\/index.php?rest_route=\/wp\/v2\/product\/5716\/revisions\/5719"}],"wp:featuredmedia":[{"embeddable":true,"href":"https:\/\/veneludica.com\/index.php?rest_route=\/wp\/v2\/media\/5717"}],"wp:attachment":[{"href":"https:\/\/veneludica.com\/index.php?rest_route=%2Fwp%2Fv2%2Fmedia&parent=5716"}],"wp:term":[{"taxonomy":"product_brand","embeddable":true,"href":"https:\/\/veneludica.com\/index.php?rest_route=%2Fwp%2Fv2%2Fproduct_brand&post=5716"},{"taxonomy":"product_cat","embeddable":true,"href":"https:\/\/veneludica.com\/index.php?rest_route=%2Fwp%2Fv2%2Fproduct_cat&post=5716"},{"taxonomy":"product_tag","embeddable":true,"href":"https:\/\/veneludica.com\/index.php?rest_route=%2Fwp%2Fv2%2Fproduct_tag&post=5716"}],"curies":[{"name":"wp","href":"https:\/\/api.w.org\/{rel}","templated":true}]}}