{"id":5721,"date":"2026-01-08T23:07:18","date_gmt":"2026-01-08T23:07:18","guid":{"rendered":"https:\/\/veneludica.com\/?post_type=product&#038;p=5721"},"modified":"2026-01-08T23:07:18","modified_gmt":"2026-01-08T23:07:18","slug":"divinity-derby","status":"publish","type":"product","link":"https:\/\/veneludica.com\/?product=divinity-derby","title":{"rendered":"Divinity Derby"},"content":{"rendered":"<p data-start=\"48\" data-end=\"399\"><strong data-start=\"48\" data-end=\"56\">Zeus<\/strong> ha invitado a un grupo de amigos divinos \u2014incluidos un par de reci\u00e9n llegados\u2014 de todos los rincones del <strong data-start=\"162\" data-end=\"176\">Multiverso<\/strong> para una peque\u00f1a reuni\u00f3n en el <strong data-start=\"208\" data-end=\"224\">Monte Olimpo<\/strong>\u2026 \u00a1y t\u00fa eres uno de ellos! Tras unas cuantas rondas de <strong data-start=\"279\" data-end=\"291\">ambros\u00eda<\/strong>, pronto comienzan las <strong data-start=\"314\" data-end=\"341\">carreras y las apuestas<\/strong>, con el \u201cPadre de los dioses\u201d ol\u00edmpico como juez supremo.<\/p>\n<p data-start=\"401\" data-end=\"914\"><strong data-start=\"401\" data-end=\"419\">Divinity Derby<\/strong> es un juego de <strong data-start=\"435\" data-end=\"458\">apuestas y carreras<\/strong> r\u00e1pido y divertido para <strong data-start=\"483\" data-end=\"502\">3 a 6 jugadores<\/strong>, con un ingenioso sistema de <strong data-start=\"532\" data-end=\"551\">mano compartida<\/strong>. Los jugadores, como deidades que apuestan por la carrera de <strong data-start=\"613\" data-end=\"641\">seis criaturas voladoras<\/strong>, comparten un <strong data-start=\"656\" data-end=\"672\">porta-cartas<\/strong> con cada vecino y, en cada turno, juegan <strong data-start=\"714\" data-end=\"759\" data-is-only-node=\"\">una carta de cada porta-cartas compartido<\/strong>. \u00bfSer\u00e1s capaz de adivinar las intenciones y las apuestas secretas de tus vecinos y aprovechar al m\u00e1ximo la informaci\u00f3n compartida para ganar tus apuestas?<\/p>\n<p data-start=\"916\" data-end=\"1114\">Con <strong data-start=\"920\" data-end=\"951\">componentes de gran calidad<\/strong>, <strong data-start=\"953\" data-end=\"970\">arte colorido<\/strong> y una jugabilidad <strong data-start=\"989\" data-end=\"1021\">sencilla pero muy envolvente<\/strong>, <strong data-start=\"1023\" data-end=\"1041\">Divinity Derby<\/strong> es apto para jugadores de <strong data-start=\"1068\" data-end=\"1113\">todas las edades y niveles de experiencia<\/strong>.<\/p>\n<p data-start=\"916\" data-end=\"1114\"><a href=\"https:\/\/boardgamegeek.com\/boardgame\/218580\/divinity-derby\">PAGINA BGG<\/a><\/p>\n<p><iframe title=\"Tabletop Unboxing - Divinity Derby Kickstarter\" width=\"640\" height=\"360\" src=\"https:\/\/www.youtube.com\/embed\/x1CmlvMl14g?feature=oembed\" frameborder=\"0\" allow=\"accelerometer; autoplay; clipboard-write; encrypted-media; gyroscope; picture-in-picture; web-share\" referrerpolicy=\"strict-origin-when-cross-origin\" allowfullscreen><\/iframe><\/p>\n","protected":false},"excerpt":{"rendered":"<p>Zeus ha invitado a un grupo de amigos divinos \u2014incluidos un par de reci\u00e9n llegados\u2014 de todos los rincones del Multiverso para una peque\u00f1a reuni\u00f3n en el Monte Olimpo\u2026 \u00a1y t\u00fa eres uno de ellos! Tras unas cuantas rondas de ambros\u00eda, pronto comienzan las carreras y las apuestas, con el \u201cPadre de los dioses\u201d ol\u00edmpico como juez supremo. Divinity Derby es un juego de apuestas y carreras r\u00e1pido y divertido&hellip;<\/p>\n","protected":false},"featured_media":5722,"comment_status":"open","ping_status":"closed","template":"","meta":[],"product_brand":[],"product_cat":[88,217],"product_tag":[],"class_list":{"0":"post-5721","1":"product","2":"type-product","3":"status-publish","4":"has-post-thumbnail","6":"product_cat-familiar","7":"product_cat-push-your-luck","9":"first","10":"instock","11":"taxable","12":"shipping-taxable","13":"purchasable","14":"product-type-simple"},"jetpack_sharing_enabled":true,"_links":{"self":[{"href":"https:\/\/veneludica.com\/index.php?rest_route=\/wp\/v2\/product\/5721","targetHints":{"allow":["GET"]}}],"collection":[{"href":"https:\/\/veneludica.com\/index.php?rest_route=\/wp\/v2\/product"}],"about":[{"href":"https:\/\/veneludica.com\/index.php?rest_route=\/wp\/v2\/types\/product"}],"replies":[{"embeddable":true,"href":"https:\/\/veneludica.com\/index.php?rest_route=%2Fwp%2Fv2%2Fcomments&post=5721"}],"version-history":[{"count":1,"href":"https:\/\/veneludica.com\/index.php?rest_route=\/wp\/v2\/product\/5721\/revisions"}],"predecessor-version":[{"id":5725,"href":"https:\/\/veneludica.com\/index.php?rest_route=\/wp\/v2\/product\/5721\/revisions\/5725"}],"wp:featuredmedia":[{"embeddable":true,"href":"https:\/\/veneludica.com\/index.php?rest_route=\/wp\/v2\/media\/5722"}],"wp:attachment":[{"href":"https:\/\/veneludica.com\/index.php?rest_route=%2Fwp%2Fv2%2Fmedia&parent=5721"}],"wp:term":[{"taxonomy":"product_brand","embeddable":true,"href":"https:\/\/veneludica.com\/index.php?rest_route=%2Fwp%2Fv2%2Fproduct_brand&post=5721"},{"taxonomy":"product_cat","embeddable":true,"href":"https:\/\/veneludica.com\/index.php?rest_route=%2Fwp%2Fv2%2Fproduct_cat&post=5721"},{"taxonomy":"product_tag","embeddable":true,"href":"https:\/\/veneludica.com\/index.php?rest_route=%2Fwp%2Fv2%2Fproduct_tag&post=5721"}],"curies":[{"name":"wp","href":"https:\/\/api.w.org\/{rel}","templated":true}]}}