{"id":5726,"date":"2026-01-08T23:11:31","date_gmt":"2026-01-08T23:11:31","guid":{"rendered":"https:\/\/veneludica.com\/?post_type=product&#038;p=5726"},"modified":"2026-01-08T23:11:31","modified_gmt":"2026-01-08T23:11:31","slug":"dixit-disney-edition","status":"publish","type":"product","link":"https:\/\/veneludica.com\/?product=dixit-disney-edition","title":{"rendered":"Dixit: Disney Edition"},"content":{"rendered":"<p data-start=\"48\" data-end=\"438\">En cada turno de <strong data-start=\"65\" data-end=\"74\">Dixit<\/strong>, un jugador es el <strong data-start=\"93\" data-end=\"105\">narrador<\/strong>. Este elige una de las seis cartas de su mano y crea una <strong data-start=\"163\" data-end=\"172\">frase<\/strong> inspirada en la imagen de esa carta, dici\u00e9ndola en voz alta sin mostrar la carta al resto de jugadores. A continuaci\u00f3n, cada uno de los dem\u00e1s jugadores selecciona de su mano la carta que mejor encaje con la frase y se la entrega al narrador sin ense\u00f1\u00e1rsela a nadie.<\/p>\n<p data-start=\"440\" data-end=\"974\">El narrador baraja su carta junto con todas las cartas recibidas y, despu\u00e9s, las revela. Cada jugador, excepto el narrador, intenta <strong data-start=\"572\" data-end=\"595\">adivinar en secreto<\/strong> cu\u00e1l de las cartas pertenece al narrador.<br data-start=\"637\" data-end=\"640\" \/>Si <strong data-start=\"643\" data-end=\"660\">nadie o todos<\/strong> aciertan la carta correcta, el narrador <strong data-start=\"701\" data-end=\"722\">no obtiene puntos<\/strong> y cada uno de los dem\u00e1s jugadores gana <strong data-start=\"762\" data-end=\"774\">2 puntos<\/strong>. En cualquier otro caso, el narrador y quienes hayan acertado la carta correcta obtienen <strong data-start=\"864\" data-end=\"876\">3 puntos<\/strong>. Adem\u00e1s, los jugadores que no son narradores ganan <strong data-start=\"928\" data-end=\"953\" data-is-only-node=\"\">1 punto por cada voto<\/strong> que reciba su carta.<\/p>\n<p data-start=\"976\" data-end=\"1119\">La partida termina cuando se agota el mazo o cuando un jugador alcanza <strong data-start=\"1047\" data-end=\"1066\">30 puntos o m\u00e1s<\/strong>. En ambos casos, gana el jugador con <strong data-start=\"1104\" data-end=\"1118\">m\u00e1s puntos<\/strong>.<\/p>\n<p data-start=\"1121\" data-end=\"1294\"><strong data-start=\"1121\" data-end=\"1146\">Dixit: Disney Edition<\/strong> incluye <strong data-start=\"1155\" data-end=\"1168\">84 cartas<\/strong>, cada una representando una de <strong data-start=\"1200\" data-end=\"1247\">84 pel\u00edculas del cat\u00e1logo de Disney y Pixar<\/strong>, desde <em data-start=\"1255\" data-end=\"1273\">Steamboat Willie<\/em> hasta <em data-start=\"1280\" data-end=\"1293\">Turning Red<\/em>.<\/p>\n<p data-start=\"1121\" data-end=\"1294\"><a href=\"https:\/\/boardgamegeek.com\/boardgame\/381308\/dixit-disney-edition\">PAGINA BGG<\/a><\/p>\n<p><iframe title=\"Asi se juega Dixit Disney\" width=\"640\" height=\"360\" src=\"https:\/\/www.youtube.com\/embed\/MlDnQwxvtgc?feature=oembed\" frameborder=\"0\" allow=\"accelerometer; autoplay; clipboard-write; encrypted-media; gyroscope; picture-in-picture; web-share\" referrerpolicy=\"strict-origin-when-cross-origin\" allowfullscreen><\/iframe><\/p>\n","protected":false},"excerpt":{"rendered":"<p>En cada turno de Dixit, un jugador es el narrador. Este elige una de las seis cartas de su mano y crea una frase inspirada en la imagen de esa carta, dici\u00e9ndola en voz alta sin mostrar la carta al resto de jugadores. A continuaci\u00f3n, cada uno de los dem\u00e1s jugadores selecciona de su mano la carta que mejor encaje con la frase y se la entrega al narrador sin&hellip;<\/p>\n","protected":false},"featured_media":5727,"comment_status":"open","ping_status":"closed","template":"","meta":[],"product_brand":[],"product_cat":[88,65],"product_tag":[155],"class_list":{"0":"post-5726","1":"product","2":"type-product","3":"status-publish","4":"has-post-thumbnail","6":"product_cat-familiar","7":"product_cat-party-games","8":"product_tag-cartas","10":"first","11":"instock","12":"taxable","13":"shipping-taxable","14":"purchasable","15":"product-type-simple"},"jetpack_sharing_enabled":true,"_links":{"self":[{"href":"https:\/\/veneludica.com\/index.php?rest_route=\/wp\/v2\/product\/5726","targetHints":{"allow":["GET"]}}],"collection":[{"href":"https:\/\/veneludica.com\/index.php?rest_route=\/wp\/v2\/product"}],"about":[{"href":"https:\/\/veneludica.com\/index.php?rest_route=\/wp\/v2\/types\/product"}],"replies":[{"embeddable":true,"href":"https:\/\/veneludica.com\/index.php?rest_route=%2Fwp%2Fv2%2Fcomments&post=5726"}],"version-history":[{"count":1,"href":"https:\/\/veneludica.com\/index.php?rest_route=\/wp\/v2\/product\/5726\/revisions"}],"predecessor-version":[{"id":5728,"href":"https:\/\/veneludica.com\/index.php?rest_route=\/wp\/v2\/product\/5726\/revisions\/5728"}],"wp:featuredmedia":[{"embeddable":true,"href":"https:\/\/veneludica.com\/index.php?rest_route=\/wp\/v2\/media\/5727"}],"wp:attachment":[{"href":"https:\/\/veneludica.com\/index.php?rest_route=%2Fwp%2Fv2%2Fmedia&parent=5726"}],"wp:term":[{"taxonomy":"product_brand","embeddable":true,"href":"https:\/\/veneludica.com\/index.php?rest_route=%2Fwp%2Fv2%2Fproduct_brand&post=5726"},{"taxonomy":"product_cat","embeddable":true,"href":"https:\/\/veneludica.com\/index.php?rest_route=%2Fwp%2Fv2%2Fproduct_cat&post=5726"},{"taxonomy":"product_tag","embeddable":true,"href":"https:\/\/veneludica.com\/index.php?rest_route=%2Fwp%2Fv2%2Fproduct_tag&post=5726"}],"curies":[{"name":"wp","href":"https:\/\/api.w.org\/{rel}","templated":true}]}}