{"id":5729,"date":"2026-01-08T23:16:59","date_gmt":"2026-01-08T23:16:59","guid":{"rendered":"https:\/\/veneludica.com\/?post_type=product&#038;p=5729"},"modified":"2026-01-08T23:16:59","modified_gmt":"2026-01-08T23:16:59","slug":"dogfight-i-guerra-mundial","status":"publish","type":"product","link":"https:\/\/veneludica.com\/?product=dogfight-i-guerra-mundial","title":{"rendered":"Dogfight I Guerra Mundial"},"content":{"rendered":"<p data-start=\"60\" data-end=\"248\">Toma el papel de aviador de la <strong data-start=\"91\" data-end=\"117\">Primera Guerra Mundial<\/strong>. Desaf\u00eda a tu oponente a combatir en el aire, aprovecha las capacidades de tu avi\u00f3n y demuestra que mereces el t\u00edtulo de <strong data-start=\"239\" data-end=\"245\">as<\/strong>.<\/p>\n<p data-start=\"250\" data-end=\"449\">El objetivo del juego es <strong data-start=\"275\" data-end=\"326\">obtener la mayor cantidad de puntos de victoria<\/strong> ganando combates a\u00e9reos. El juego es muy sencillo y es bastante similar al juego de cartas tradicional llamado &#8220;Guerra&#8221;.<\/p>\n<p data-start=\"451\" data-end=\"1006\">Durante el turno, el <strong data-start=\"472\" data-end=\"490\">jugador activo<\/strong> elige una <strong data-start=\"501\" data-end=\"522\">carta de victoria<\/strong> (el ganador de la batalla se la llevar\u00e1). Las cartas de victoria tienen algunas <strong data-start=\"603\" data-end=\"629\">habilidades especiales<\/strong>. Despu\u00e9s, decide qu\u00e9 <strong data-start=\"651\" data-end=\"671\">factor del avi\u00f3n<\/strong> ser\u00e1 importante en esta batalla (cada carta de avi\u00f3n tiene caracter\u00edsticas como velocidad, alcance, potencia de fuego, maniobrabilidad, etc.). A continuaci\u00f3n, cada jugador <strong data-start=\"844\" data-end=\"883\">juega una carta de avi\u00f3n en secreto<\/strong>. El jugador cuya carta tenga el <strong data-start=\"916\" data-end=\"952\">mayor valor en el factor elegido<\/strong> gana la batalla y pasa a ser el <strong data-start=\"985\" data-end=\"1003\">jugador activo<\/strong>.<\/p>\n<p data-start=\"1008\" data-end=\"1172\">El juego termina cuando <strong data-start=\"1032\" data-end=\"1087\">ning\u00fan jugador tiene cartas en su mazo o en su mano<\/strong>. El jugador que <strong data-start=\"1104\" data-end=\"1136\">posea m\u00e1s cartas de victoria<\/strong> al final del juego es el ganador.<\/p>\n<p data-start=\"1008\" data-end=\"1172\"><a href=\"https:\/\/boardgamegeek.com\/boardgame\/152955\/dogfight-ww1\">PAGINA BGG<\/a><\/p>\n<p><iframe title=\"Dogfight\" width=\"640\" height=\"360\" src=\"https:\/\/www.youtube.com\/embed\/feCupXoHVnM?feature=oembed\" frameborder=\"0\" allow=\"accelerometer; autoplay; clipboard-write; encrypted-media; gyroscope; picture-in-picture; web-share\" referrerpolicy=\"strict-origin-when-cross-origin\" allowfullscreen><\/iframe><\/p>\n","protected":false},"excerpt":{"rendered":"<p>Toma el papel de aviador de la Primera Guerra Mundial. Desaf\u00eda a tu oponente a combatir en el aire, aprovecha las capacidades de tu avi\u00f3n y demuestra que mereces el t\u00edtulo de as. El objetivo del juego es obtener la mayor cantidad de puntos de victoria ganando combates a\u00e9reos. El juego es muy sencillo y es bastante similar al juego de cartas tradicional llamado &#8220;Guerra&#8221;. Durante el turno, el jugador&hellip;<\/p>\n","protected":false},"featured_media":5730,"comment_status":"open","ping_status":"closed","template":"","meta":[],"product_brand":[],"product_cat":[229],"product_tag":[155,230],"class_list":{"0":"post-5729","1":"product","2":"type-product","3":"status-publish","4":"has-post-thumbnail","6":"product_cat-wargames","7":"product_tag-cartas","8":"product_tag-conflicto","10":"first","11":"instock","12":"taxable","13":"shipping-taxable","14":"purchasable","15":"product-type-simple"},"jetpack_sharing_enabled":true,"_links":{"self":[{"href":"https:\/\/veneludica.com\/index.php?rest_route=\/wp\/v2\/product\/5729","targetHints":{"allow":["GET"]}}],"collection":[{"href":"https:\/\/veneludica.com\/index.php?rest_route=\/wp\/v2\/product"}],"about":[{"href":"https:\/\/veneludica.com\/index.php?rest_route=\/wp\/v2\/types\/product"}],"replies":[{"embeddable":true,"href":"https:\/\/veneludica.com\/index.php?rest_route=%2Fwp%2Fv2%2Fcomments&post=5729"}],"version-history":[{"count":1,"href":"https:\/\/veneludica.com\/index.php?rest_route=\/wp\/v2\/product\/5729\/revisions"}],"predecessor-version":[{"id":5731,"href":"https:\/\/veneludica.com\/index.php?rest_route=\/wp\/v2\/product\/5729\/revisions\/5731"}],"wp:featuredmedia":[{"embeddable":true,"href":"https:\/\/veneludica.com\/index.php?rest_route=\/wp\/v2\/media\/5730"}],"wp:attachment":[{"href":"https:\/\/veneludica.com\/index.php?rest_route=%2Fwp%2Fv2%2Fmedia&parent=5729"}],"wp:term":[{"taxonomy":"product_brand","embeddable":true,"href":"https:\/\/veneludica.com\/index.php?rest_route=%2Fwp%2Fv2%2Fproduct_brand&post=5729"},{"taxonomy":"product_cat","embeddable":true,"href":"https:\/\/veneludica.com\/index.php?rest_route=%2Fwp%2Fv2%2Fproduct_cat&post=5729"},{"taxonomy":"product_tag","embeddable":true,"href":"https:\/\/veneludica.com\/index.php?rest_route=%2Fwp%2Fv2%2Fproduct_tag&post=5729"}],"curies":[{"name":"wp","href":"https:\/\/api.w.org\/{rel}","templated":true}]}}