{"id":5732,"date":"2026-01-08T23:21:05","date_gmt":"2026-01-08T23:21:05","guid":{"rendered":"https:\/\/veneludica.com\/?post_type=product&#038;p=5732"},"modified":"2026-01-08T23:21:05","modified_gmt":"2026-01-08T23:21:05","slug":"doggerland","status":"publish","type":"product","link":"https:\/\/veneludica.com\/?product=doggerland","title":{"rendered":"Doggerland"},"content":{"rendered":"<p data-start=\"60\" data-end=\"319\">Doggerland era una masa de tierra que conectaba Gran Breta\u00f1a con la Europa continental y que desapareci\u00f3 bajo el Mar del Norte tras la \u00faltima era glacial. Los humanos viv\u00edan en estas f\u00e9rtiles tierras, donde se pod\u00edan encontrar m\u00faltiples recursos y animales.<\/p>\n<p data-start=\"321\" data-end=\"850\">En <strong data-start=\"324\" data-end=\"338\">Doggerland<\/strong>, los jugadores toman el papel de un <strong data-start=\"375\" data-end=\"409\">clan alrededor del 15.000 a.C.<\/strong>. Tu objetivo es <strong data-start=\"426\" data-end=\"446\">expandir tu clan<\/strong> para dejar un legado que perdure durante siglos. Los jugadores aumentan su poblaci\u00f3n, fabrican herramientas, pintan murales en cuevas, levantan megalitos para los dioses y, sobre todo, <strong data-start=\"632\" data-end=\"678\">sobreviven a los rigores de las estaciones<\/strong>. Para lograrlo, exploran el territorio circundante y se adaptan a los recursos a su disposici\u00f3n. El territorio var\u00eda en cada partida gracias a los <strong data-start=\"826\" data-end=\"847\">losetas modulares<\/strong>.<\/p>\n<p data-start=\"852\" data-end=\"1212\">Cada ronda, los jugadores <strong data-start=\"878\" data-end=\"904\">programan sus acciones<\/strong> y luego las ejecutan. Estas acciones var\u00edan seg\u00fan los recursos disponibles, la abundancia o escasez alrededor de sus aldeas y las acciones de los otros jugadores. Con el paso del tiempo, los recursos se agotan, y los clanes deben <strong data-start=\"1135\" data-end=\"1145\">migrar<\/strong> para encontrar lo que necesitan para desarrollarse y sobrevivir.<\/p>\n<p data-start=\"1214\" data-end=\"1450\">Cada clan cuenta con un <strong data-start=\"1238\" data-end=\"1247\">l\u00edder<\/strong>, que aporta <strong data-start=\"1260\" data-end=\"1269\">bonos<\/strong>, y un <strong data-start=\"1276\" data-end=\"1286\">cham\u00e1n<\/strong>, que permite realizar <strong data-start=\"1309\" data-end=\"1340\">acciones poderosas y \u00fanicas<\/strong> gracias a su conocimiento y magia. Despu\u00e9s de <strong data-start=\"1387\" data-end=\"1407\">6 a 8 estaciones<\/strong>, el clan con m\u00e1s puntos ser\u00e1 el ganador.<\/p>\n<p data-start=\"1457\" data-end=\"1614\" data-is-last-node=\"\" data-is-only-node=\"\"><a href=\"https:\/\/boardgamegeek.com\/boardgame\/381117\/doggerland\">PAGINA BGG<\/a><\/p>\n<p><iframe title=\"Conociendo Doggerland\" width=\"640\" height=\"360\" src=\"https:\/\/www.youtube.com\/embed\/hCS2pDaXCoI?feature=oembed\" frameborder=\"0\" allow=\"accelerometer; autoplay; clipboard-write; encrypted-media; gyroscope; picture-in-picture; web-share\" referrerpolicy=\"strict-origin-when-cross-origin\" allowfullscreen><\/iframe><\/p>\n","protected":false},"excerpt":{"rendered":"<p>Doggerland era una masa de tierra que conectaba Gran Breta\u00f1a con la Europa continental y que desapareci\u00f3 bajo el Mar del Norte tras la \u00faltima era glacial. Los humanos viv\u00edan en estas f\u00e9rtiles tierras, donde se pod\u00edan encontrar m\u00faltiples recursos y animales. En Doggerland, los jugadores toman el papel de un clan alrededor del 15.000 a.C.. Tu objetivo es expandir tu clan para dejar un legado que perdure durante siglos.&hellip;<\/p>\n","protected":false},"featured_media":5733,"comment_status":"open","ping_status":"closed","template":"","meta":[],"product_brand":[],"product_cat":[84,203],"product_tag":[],"class_list":{"0":"post-5732","1":"product","2":"type-product","3":"status-publish","4":"has-post-thumbnail","6":"product_cat-estrategia","7":"product_cat-tematico","9":"first","10":"instock","11":"taxable","12":"shipping-taxable","13":"purchasable","14":"product-type-simple"},"jetpack_sharing_enabled":true,"_links":{"self":[{"href":"https:\/\/veneludica.com\/index.php?rest_route=\/wp\/v2\/product\/5732","targetHints":{"allow":["GET"]}}],"collection":[{"href":"https:\/\/veneludica.com\/index.php?rest_route=\/wp\/v2\/product"}],"about":[{"href":"https:\/\/veneludica.com\/index.php?rest_route=\/wp\/v2\/types\/product"}],"replies":[{"embeddable":true,"href":"https:\/\/veneludica.com\/index.php?rest_route=%2Fwp%2Fv2%2Fcomments&post=5732"}],"version-history":[{"count":1,"href":"https:\/\/veneludica.com\/index.php?rest_route=\/wp\/v2\/product\/5732\/revisions"}],"predecessor-version":[{"id":5735,"href":"https:\/\/veneludica.com\/index.php?rest_route=\/wp\/v2\/product\/5732\/revisions\/5735"}],"wp:featuredmedia":[{"embeddable":true,"href":"https:\/\/veneludica.com\/index.php?rest_route=\/wp\/v2\/media\/5733"}],"wp:attachment":[{"href":"https:\/\/veneludica.com\/index.php?rest_route=%2Fwp%2Fv2%2Fmedia&parent=5732"}],"wp:term":[{"taxonomy":"product_brand","embeddable":true,"href":"https:\/\/veneludica.com\/index.php?rest_route=%2Fwp%2Fv2%2Fproduct_brand&post=5732"},{"taxonomy":"product_cat","embeddable":true,"href":"https:\/\/veneludica.com\/index.php?rest_route=%2Fwp%2Fv2%2Fproduct_cat&post=5732"},{"taxonomy":"product_tag","embeddable":true,"href":"https:\/\/veneludica.com\/index.php?rest_route=%2Fwp%2Fv2%2Fproduct_tag&post=5732"}],"curies":[{"name":"wp","href":"https:\/\/api.w.org\/{rel}","templated":true}]}}