{"id":5736,"date":"2026-01-08T23:24:56","date_gmt":"2026-01-08T23:24:56","guid":{"rendered":"https:\/\/veneludica.com\/?post_type=product&#038;p=5736"},"modified":"2026-01-08T23:24:57","modified_gmt":"2026-01-08T23:24:57","slug":"dragons","status":"publish","type":"product","link":"https:\/\/veneludica.com\/?product=dragons","title":{"rendered":"Dragons"},"content":{"rendered":"<p data-start=\"46\" data-end=\"245\"><strong data-start=\"46\" data-end=\"57\">Dragons<\/strong>, una nueva versi\u00f3n de <strong data-start=\"80\" data-end=\"93\">Papillons<\/strong>, es un juego de cartas en el que cada jugador tiene un <strong data-start=\"149\" data-end=\"169\">objetivo secreto<\/strong>: alinear cuatro Dragones de un color determinado o de un tipo espec\u00edfico.<\/p>\n<p data-start=\"247\" data-end=\"649\">Los jugadores se turnan para <strong data-start=\"276\" data-end=\"308\">colocar una carta en la mesa<\/strong>, intentando conseguir su alineaci\u00f3n secreta de dragones o mover una carta ya colocada a otro lugar. Tambi\u00e9n disponen de <strong data-start=\"429\" data-end=\"443\">dos fichas<\/strong> que solo pueden usarse una vez: una ficha permite <strong data-start=\"494\" data-end=\"537\">retirar del juego una carta ya colocada<\/strong>, y la otra ficha permite <strong data-start=\"563\" data-end=\"594\">fijar una carta ya colocada<\/strong>, de modo que no pueda ser movida durante la partida.<\/p>\n<p data-start=\"651\" data-end=\"763\">Existen <strong data-start=\"659\" data-end=\"691\">versiones para dos jugadores<\/strong> y una versi\u00f3n <strong data-start=\"706\" data-end=\"738\">cooperativa para 4 jugadores<\/strong> que juegan en parejas.<\/p>\n<p data-start=\"651\" data-end=\"763\"><a href=\"https:\/\/boardgamegeek.com\/boardgame\/198991\/dragons\">PAGINA BGG<\/a><\/p>\n<p><iframe title=\"Dragons - Juego de Mesa - Rese\u00f1a\/aprende a jugar\" width=\"640\" height=\"360\" src=\"https:\/\/www.youtube.com\/embed\/_18YjbXQclw?feature=oembed\" frameborder=\"0\" allow=\"accelerometer; autoplay; clipboard-write; encrypted-media; gyroscope; picture-in-picture; web-share\" referrerpolicy=\"strict-origin-when-cross-origin\" allowfullscreen><\/iframe><\/p>\n","protected":false},"excerpt":{"rendered":"<p>Dragons, una nueva versi\u00f3n de Papillons, es un juego de cartas en el que cada jugador tiene un objetivo secreto: alinear cuatro Dragones de un color determinado o de un tipo espec\u00edfico. Los jugadores se turnan para colocar una carta en la mesa, intentando conseguir su alineaci\u00f3n secreta de dragones o mover una carta ya colocada a otro lugar. Tambi\u00e9n disponen de dos fichas que solo pueden usarse una vez:&hellip;<\/p>\n","protected":false},"featured_media":5738,"comment_status":"open","ping_status":"closed","template":"","meta":[],"product_brand":[],"product_cat":[88],"product_tag":[85,155],"class_list":{"0":"post-5736","1":"product","2":"type-product","3":"status-publish","4":"has-post-thumbnail","6":"product_cat-familiar","7":"product_tag-animales","8":"product_tag-cartas","10":"first","11":"instock","12":"taxable","13":"shipping-taxable","14":"purchasable","15":"product-type-simple"},"jetpack_sharing_enabled":true,"_links":{"self":[{"href":"https:\/\/veneludica.com\/index.php?rest_route=\/wp\/v2\/product\/5736","targetHints":{"allow":["GET"]}}],"collection":[{"href":"https:\/\/veneludica.com\/index.php?rest_route=\/wp\/v2\/product"}],"about":[{"href":"https:\/\/veneludica.com\/index.php?rest_route=\/wp\/v2\/types\/product"}],"replies":[{"embeddable":true,"href":"https:\/\/veneludica.com\/index.php?rest_route=%2Fwp%2Fv2%2Fcomments&post=5736"}],"version-history":[{"count":1,"href":"https:\/\/veneludica.com\/index.php?rest_route=\/wp\/v2\/product\/5736\/revisions"}],"predecessor-version":[{"id":5740,"href":"https:\/\/veneludica.com\/index.php?rest_route=\/wp\/v2\/product\/5736\/revisions\/5740"}],"wp:featuredmedia":[{"embeddable":true,"href":"https:\/\/veneludica.com\/index.php?rest_route=\/wp\/v2\/media\/5738"}],"wp:attachment":[{"href":"https:\/\/veneludica.com\/index.php?rest_route=%2Fwp%2Fv2%2Fmedia&parent=5736"}],"wp:term":[{"taxonomy":"product_brand","embeddable":true,"href":"https:\/\/veneludica.com\/index.php?rest_route=%2Fwp%2Fv2%2Fproduct_brand&post=5736"},{"taxonomy":"product_cat","embeddable":true,"href":"https:\/\/veneludica.com\/index.php?rest_route=%2Fwp%2Fv2%2Fproduct_cat&post=5736"},{"taxonomy":"product_tag","embeddable":true,"href":"https:\/\/veneludica.com\/index.php?rest_route=%2Fwp%2Fv2%2Fproduct_tag&post=5736"}],"curies":[{"name":"wp","href":"https:\/\/api.w.org\/{rel}","templated":true}]}}