{"id":5741,"date":"2026-01-08T23:28:39","date_gmt":"2026-01-08T23:28:39","guid":{"rendered":"https:\/\/veneludica.com\/?post_type=product&#038;p=5741"},"modified":"2026-01-08T23:28:39","modified_gmt":"2026-01-08T23:28:39","slug":"dream-on","status":"publish","type":"product","link":"https:\/\/veneludica.com\/?product=dream-on","title":{"rendered":"Dream On!"},"content":{"rendered":"<p data-start=\"46\" data-end=\"301\">Los sue\u00f1os pueden ser v\u00edvidos, como si realmente estuvieran sucediendo, pero cuando terminan, a veces es dif\u00edcil recordarlos. Con un poco de suerte y una buena comunicaci\u00f3n con tus amigos, un sue\u00f1o puede convertirse en algo que se recuerde para siempre.<\/p>\n<p data-start=\"303\" data-end=\"738\"><strong data-start=\"303\" data-end=\"316\">Dream On!<\/strong> es un juego de <strong data-start=\"332\" data-end=\"355\">narraci\u00f3n colectiva<\/strong> en el que los jugadores crean un sue\u00f1o juntos. Usando las cartas de sue\u00f1o, tienen <strong data-start=\"438\" data-end=\"453\">dos minutos<\/strong> para construir una historia on\u00edrica. Cuando el tiempo se acaba, deben <strong data-start=\"524\" data-end=\"578\">recordar lo que sucedi\u00f3 en el sue\u00f1o y en qu\u00e9 orden<\/strong>. Obtienen puntos por recordar correctamente los detalles. Al final del juego, se suman los puntos para ver cu\u00e1nto de su sue\u00f1o colectivo han logrado recordar.<\/p>\n<p data-start=\"303\" data-end=\"738\"><a href=\"https:\/\/boardgamegeek.com\/boardgame\/232980\/dream-on\">PAGINA BGG<\/a><\/p>\n<p><iframe title=\"Conociendo Dream On!\" width=\"640\" height=\"360\" src=\"https:\/\/www.youtube.com\/embed\/S-Bgt8OCAqM?feature=oembed\" frameborder=\"0\" allow=\"accelerometer; autoplay; clipboard-write; encrypted-media; gyroscope; picture-in-picture; web-share\" referrerpolicy=\"strict-origin-when-cross-origin\" allowfullscreen><\/iframe><\/p>\n","protected":false},"excerpt":{"rendered":"<p>Los sue\u00f1os pueden ser v\u00edvidos, como si realmente estuvieran sucediendo, pero cuando terminan, a veces es dif\u00edcil recordarlos. Con un poco de suerte y una buena comunicaci\u00f3n con tus amigos, un sue\u00f1o puede convertirse en algo que se recuerde para siempre. Dream On! es un juego de narraci\u00f3n colectiva en el que los jugadores crean un sue\u00f1o juntos. Usando las cartas de sue\u00f1o, tienen dos minutos para construir una historia&hellip;<\/p>\n","protected":false},"featured_media":5743,"comment_status":"open","ping_status":"closed","template":"","meta":[],"product_brand":[],"product_cat":[65],"product_tag":[],"class_list":{"0":"post-5741","1":"product","2":"type-product","3":"status-publish","4":"has-post-thumbnail","6":"product_cat-party-games","8":"first","9":"instock","10":"taxable","11":"shipping-taxable","12":"purchasable","13":"product-type-simple"},"jetpack_sharing_enabled":true,"_links":{"self":[{"href":"https:\/\/veneludica.com\/index.php?rest_route=\/wp\/v2\/product\/5741","targetHints":{"allow":["GET"]}}],"collection":[{"href":"https:\/\/veneludica.com\/index.php?rest_route=\/wp\/v2\/product"}],"about":[{"href":"https:\/\/veneludica.com\/index.php?rest_route=\/wp\/v2\/types\/product"}],"replies":[{"embeddable":true,"href":"https:\/\/veneludica.com\/index.php?rest_route=%2Fwp%2Fv2%2Fcomments&post=5741"}],"version-history":[{"count":1,"href":"https:\/\/veneludica.com\/index.php?rest_route=\/wp\/v2\/product\/5741\/revisions"}],"predecessor-version":[{"id":5745,"href":"https:\/\/veneludica.com\/index.php?rest_route=\/wp\/v2\/product\/5741\/revisions\/5745"}],"wp:featuredmedia":[{"embeddable":true,"href":"https:\/\/veneludica.com\/index.php?rest_route=\/wp\/v2\/media\/5743"}],"wp:attachment":[{"href":"https:\/\/veneludica.com\/index.php?rest_route=%2Fwp%2Fv2%2Fmedia&parent=5741"}],"wp:term":[{"taxonomy":"product_brand","embeddable":true,"href":"https:\/\/veneludica.com\/index.php?rest_route=%2Fwp%2Fv2%2Fproduct_brand&post=5741"},{"taxonomy":"product_cat","embeddable":true,"href":"https:\/\/veneludica.com\/index.php?rest_route=%2Fwp%2Fv2%2Fproduct_cat&post=5741"},{"taxonomy":"product_tag","embeddable":true,"href":"https:\/\/veneludica.com\/index.php?rest_route=%2Fwp%2Fv2%2Fproduct_tag&post=5741"}],"curies":[{"name":"wp","href":"https:\/\/api.w.org\/{rel}","templated":true}]}}