{"id":5746,"date":"2026-01-08T23:32:15","date_gmt":"2026-01-08T23:32:15","guid":{"rendered":"https:\/\/veneludica.com\/?post_type=product&#038;p=5746"},"modified":"2026-01-08T23:32:16","modified_gmt":"2026-01-08T23:32:16","slug":"dungeon-academy","status":"publish","type":"product","link":"https:\/\/veneludica.com\/?product=dungeon-academy","title":{"rendered":"Dungeon Academy"},"content":{"rendered":"<p data-start=\"87\" data-end=\"231\">\u00a1Es hora de entrar a una mazmorra \u2014\u00a1una mazmorra compuesta de dados!\u2014 para derrotar monstruos y conseguir la mayor cantidad de puntos posible.<\/p>\n<p data-start=\"233\" data-end=\"567\">En <strong data-start=\"236\" data-end=\"255\">Dungeon Academy<\/strong>, cada jugador tiene una hoja que muestra <strong data-start=\"297\" data-end=\"317\">cuatro mazmorras<\/strong>, cada una formada por una cuadr\u00edcula de 4&#215;4. El juego dura <strong data-start=\"377\" data-end=\"394\">cuatro rondas<\/strong>, y en cada ronda recorrer\u00e1s una de estas mazmorras. Cada jugador tambi\u00e9n tiene una carta de personaje que indica <strong data-start=\"508\" data-end=\"523\">vida (roja)<\/strong>, <strong data-start=\"525\" data-end=\"540\">mana (azul)<\/strong> y un <strong data-start=\"546\" data-end=\"564\">poder especial<\/strong>.<\/p>\n<p data-start=\"569\" data-end=\"850\">Lo que hay realmente en la mazmorra se determina lanzando dados al inicio de la ronda. Se lanzan <strong data-start=\"666\" data-end=\"678\">16 dados<\/strong>, que se colocan en una cuadr\u00edcula de 4&#215;4. Los dados muestran <strong data-start=\"740\" data-end=\"768\">monstruos rojos y azules<\/strong> en tama\u00f1os peque\u00f1os y grandes, adem\u00e1s de <strong data-start=\"810\" data-end=\"829\">pociones azules<\/strong> y <strong data-start=\"832\" data-end=\"847\">fuerza roja<\/strong>.<\/p>\n<p data-start=\"852\" data-end=\"1250\">Decides por d\u00f3nde <strong data-start=\"870\" data-end=\"904\">entrar en la mazmorra de dados<\/strong> y qu\u00e9 dados atravesar en una l\u00ednea continua que solo puede cambiar de direcci\u00f3n <strong data-start=\"985\" data-end=\"1003\">ortogonalmente<\/strong>. Dibujas esta l\u00ednea en tu cuadr\u00edcula personal hasta salir por otro punto de la mazmorra <strong data-start=\"1092\" data-end=\"1122\">sin cruzar tu propia l\u00ednea<\/strong>. Luego reclamas la <strong data-start=\"1142\" data-end=\"1181\">carta de n\u00famero m\u00e1s baja disponible<\/strong>, con la cantidad de cartas correspondiente al n\u00famero de jugadores.<\/p>\n<p data-start=\"1252\" data-end=\"1828\">Cuando todos han terminado de dibujar su l\u00ednea, se recorre paso a paso: se pierde <strong data-start=\"1334\" data-end=\"1350\">vida (1 o 2)<\/strong> para derrotar monstruos rojos (peque\u00f1os o grandes) y <strong data-start=\"1404\" data-end=\"1420\">mana (1 o 2)<\/strong> para derrotar monstruos azules (peque\u00f1os o grandes). Se colocan nuevos tokens en tu personaje al pasar por pociones y espacios de fuerza. Al terminar el recorrido, <strong data-start=\"1585\" data-end=\"1631\">anotas puntos por los monstruos derrotados<\/strong> y eliges una de las <strong data-start=\"1652\" data-end=\"1671\">cuatro misiones<\/strong> de tu hoja para puntos de bonificaci\u00f3n. (En la segunda ronda eliges entre las <strong data-start=\"1750\" data-end=\"1777\">tres misiones restantes<\/strong>, as\u00ed que tus opciones disminuyen con el tiempo).<\/p>\n<p data-start=\"1830\" data-end=\"2019\">En orden de jugador seg\u00fan tu carta de n\u00famero, eliges uno de los <strong data-start=\"1894\" data-end=\"1917\">tesoros disponibles<\/strong>, que otorgan puntos y poderes. Los niveles de vida y mana se <strong data-start=\"1979\" data-end=\"2016\">mantienen para la siguiente ronda<\/strong>.<\/p>\n<p data-start=\"2021\" data-end=\"2327\">En la segunda y tercera ronda, se reemplaza uno de los dados por un <strong data-start=\"2089\" data-end=\"2107\">dado laberinto<\/strong>, que solo se puede atravesar en ciertas direcciones, y en la cuarta ronda otro dado se reemplaza por el <strong data-start=\"2212\" data-end=\"2233\">dado jefe gigante<\/strong>, d\u00e1ndote un gran desaf\u00edo antes de terminar el juego y contabilizar la <strong data-start=\"2304\" data-end=\"2324\">puntuaci\u00f3n final<\/strong>.<\/p>\n<p data-start=\"2021\" data-end=\"2327\"><a href=\"https:\/\/boardgamegeek.com\/boardgame\/275840\/dungeon-academy\">PAGINA BGG<\/a><\/p>\n<p><iframe title=\"Conociendo Dungeon Academy\" width=\"640\" height=\"360\" src=\"https:\/\/www.youtube.com\/embed\/xL7W1IOAojc?feature=oembed\" frameborder=\"0\" allow=\"accelerometer; autoplay; clipboard-write; encrypted-media; gyroscope; picture-in-picture; web-share\" referrerpolicy=\"strict-origin-when-cross-origin\" allowfullscreen><\/iframe><\/p>\n","protected":false},"excerpt":{"rendered":"<p>\u00a1Es hora de entrar a una mazmorra \u2014\u00a1una mazmorra compuesta de dados!\u2014 para derrotar monstruos y conseguir la mayor cantidad de puntos posible. En Dungeon Academy, cada jugador tiene una hoja que muestra cuatro mazmorras, cada una formada por una cuadr\u00edcula de 4&#215;4. El juego dura cuatro rondas, y en cada ronda recorrer\u00e1s una de estas mazmorras. Cada jugador tambi\u00e9n tiene una carta de personaje que indica vida (roja), mana&hellip;<\/p>\n","protected":false},"featured_media":5747,"comment_status":"open","ping_status":"closed","template":"","meta":[],"product_brand":[],"product_cat":[88],"product_tag":[93],"class_list":{"0":"post-5746","1":"product","2":"type-product","3":"status-publish","4":"has-post-thumbnail","6":"product_cat-familiar","7":"product_tag-dados","9":"first","10":"instock","11":"taxable","12":"shipping-taxable","13":"purchasable","14":"product-type-simple"},"jetpack_sharing_enabled":true,"_links":{"self":[{"href":"https:\/\/veneludica.com\/index.php?rest_route=\/wp\/v2\/product\/5746","targetHints":{"allow":["GET"]}}],"collection":[{"href":"https:\/\/veneludica.com\/index.php?rest_route=\/wp\/v2\/product"}],"about":[{"href":"https:\/\/veneludica.com\/index.php?rest_route=\/wp\/v2\/types\/product"}],"replies":[{"embeddable":true,"href":"https:\/\/veneludica.com\/index.php?rest_route=%2Fwp%2Fv2%2Fcomments&post=5746"}],"version-history":[{"count":1,"href":"https:\/\/veneludica.com\/index.php?rest_route=\/wp\/v2\/product\/5746\/revisions"}],"predecessor-version":[{"id":5748,"href":"https:\/\/veneludica.com\/index.php?rest_route=\/wp\/v2\/product\/5746\/revisions\/5748"}],"wp:featuredmedia":[{"embeddable":true,"href":"https:\/\/veneludica.com\/index.php?rest_route=\/wp\/v2\/media\/5747"}],"wp:attachment":[{"href":"https:\/\/veneludica.com\/index.php?rest_route=%2Fwp%2Fv2%2Fmedia&parent=5746"}],"wp:term":[{"taxonomy":"product_brand","embeddable":true,"href":"https:\/\/veneludica.com\/index.php?rest_route=%2Fwp%2Fv2%2Fproduct_brand&post=5746"},{"taxonomy":"product_cat","embeddable":true,"href":"https:\/\/veneludica.com\/index.php?rest_route=%2Fwp%2Fv2%2Fproduct_cat&post=5746"},{"taxonomy":"product_tag","embeddable":true,"href":"https:\/\/veneludica.com\/index.php?rest_route=%2Fwp%2Fv2%2Fproduct_tag&post=5746"}],"curies":[{"name":"wp","href":"https:\/\/api.w.org\/{rel}","templated":true}]}}