{"id":5749,"date":"2026-01-08T23:35:58","date_gmt":"2026-01-08T23:35:58","guid":{"rendered":"https:\/\/veneludica.com\/?post_type=product&#038;p=5749"},"modified":"2026-01-08T23:35:58","modified_gmt":"2026-01-08T23:35:58","slug":"dungeon-drop","status":"publish","type":"product","link":"https:\/\/veneludica.com\/?product=dungeon-drop","title":{"rendered":"Dungeon Drop"},"content":{"rendered":"<p data-start=\"76\" data-end=\"346\">\u00a1Prepara tu equipo y ad\u00e9ntrate en el laberinto! Repleto de tesoros desconocidos, se dice que los t\u00faneles est\u00e1n habitados por criaturas inusuales, tanto adorables como terribles. Mant\u00e9n la cabeza fr\u00eda mientras las paredes mismas parecen moverse a la luz de la antorcha\u2026<\/p>\n<p data-start=\"348\" data-end=\"400\">\u2026\u00a1ha llegado el momento de lanzarte a la mazmorra!<\/p>\n<p data-start=\"402\" data-end=\"964\"><strong data-start=\"402\" data-end=\"418\">Dungeon Drop<\/strong> es un dungeon crawler ligero para <strong data-start=\"453\" data-end=\"472\">1 a 4 jugadores<\/strong>, que incorpora un <strong data-start=\"491\" data-end=\"521\">elemento espacial novedoso<\/strong>, asegurando que <strong data-start=\"538\" data-end=\"574\">ninguna partida sea igual a otra<\/strong>. Al inicio de cada juego, se <strong data-start=\"604\" data-end=\"646\">dejan caer cubos de diferentes colores<\/strong>, que representan tanto tesoros como monstruos, desde una altura de 15 a 30 cm sobre la mesa. Esto crea un <strong data-start=\"753\" data-end=\"803\">dise\u00f1o de mazmorra con infinitas posibilidades<\/strong>. Luego, usar\u00e1s a tu <strong data-start=\"824\" data-end=\"847\" data-is-only-node=\"\">h\u00e9roe personalizado<\/strong> para explorar la mazmorra, emplear tus <strong data-start=\"887\" data-end=\"909\">habilidades \u00fanicas<\/strong> y, finalmente, saquear una sala <strong data-start=\"942\" data-end=\"961\">sin que te mate<\/strong>.<\/p>\n<p data-start=\"402\" data-end=\"964\"><a href=\"https:\/\/boardgamegeek.com\/boardgame\/262208\/dungeon-drop\">PAGINA BGG<\/a><\/p>\n<p><iframe title=\"Conociendo Dungeon Drop\" width=\"640\" height=\"360\" src=\"https:\/\/www.youtube.com\/embed\/MzBAikJeJYo?feature=oembed\" frameborder=\"0\" allow=\"accelerometer; autoplay; clipboard-write; encrypted-media; gyroscope; picture-in-picture; web-share\" referrerpolicy=\"strict-origin-when-cross-origin\" allowfullscreen><\/iframe><\/p>\n","protected":false},"excerpt":{"rendered":"<p>\u00a1Prepara tu equipo y ad\u00e9ntrate en el laberinto! Repleto de tesoros desconocidos, se dice que los t\u00faneles est\u00e1n habitados por criaturas inusuales, tanto adorables como terribles. Mant\u00e9n la cabeza fr\u00eda mientras las paredes mismas parecen moverse a la luz de la antorcha\u2026 \u2026\u00a1ha llegado el momento de lanzarte a la mazmorra! Dungeon Drop es un dungeon crawler ligero para 1 a 4 jugadores, que incorpora un elemento espacial novedoso, asegurando&hellip;<\/p>\n","protected":false},"featured_media":5750,"comment_status":"open","ping_status":"closed","template":"","meta":[],"product_brand":[],"product_cat":[88],"product_tag":[239,90],"class_list":{"0":"post-5749","1":"product","2":"type-product","3":"status-publish","4":"has-post-thumbnail","6":"product_cat-familiar","7":"product_tag-aventura","8":"product_tag-fantasia","10":"first","11":"instock","12":"taxable","13":"shipping-taxable","14":"purchasable","15":"product-type-simple"},"jetpack_sharing_enabled":true,"_links":{"self":[{"href":"https:\/\/veneludica.com\/index.php?rest_route=\/wp\/v2\/product\/5749","targetHints":{"allow":["GET"]}}],"collection":[{"href":"https:\/\/veneludica.com\/index.php?rest_route=\/wp\/v2\/product"}],"about":[{"href":"https:\/\/veneludica.com\/index.php?rest_route=\/wp\/v2\/types\/product"}],"replies":[{"embeddable":true,"href":"https:\/\/veneludica.com\/index.php?rest_route=%2Fwp%2Fv2%2Fcomments&post=5749"}],"version-history":[{"count":1,"href":"https:\/\/veneludica.com\/index.php?rest_route=\/wp\/v2\/product\/5749\/revisions"}],"predecessor-version":[{"id":5751,"href":"https:\/\/veneludica.com\/index.php?rest_route=\/wp\/v2\/product\/5749\/revisions\/5751"}],"wp:featuredmedia":[{"embeddable":true,"href":"https:\/\/veneludica.com\/index.php?rest_route=\/wp\/v2\/media\/5750"}],"wp:attachment":[{"href":"https:\/\/veneludica.com\/index.php?rest_route=%2Fwp%2Fv2%2Fmedia&parent=5749"}],"wp:term":[{"taxonomy":"product_brand","embeddable":true,"href":"https:\/\/veneludica.com\/index.php?rest_route=%2Fwp%2Fv2%2Fproduct_brand&post=5749"},{"taxonomy":"product_cat","embeddable":true,"href":"https:\/\/veneludica.com\/index.php?rest_route=%2Fwp%2Fv2%2Fproduct_cat&post=5749"},{"taxonomy":"product_tag","embeddable":true,"href":"https:\/\/veneludica.com\/index.php?rest_route=%2Fwp%2Fv2%2Fproduct_tag&post=5749"}],"curies":[{"name":"wp","href":"https:\/\/api.w.org\/{rel}","templated":true}]}}