{"id":5752,"date":"2026-01-08T23:40:53","date_gmt":"2026-01-08T23:40:53","guid":{"rendered":"https:\/\/veneludica.com\/?post_type=product&#038;p=5752"},"modified":"2026-01-08T23:40:53","modified_gmt":"2026-01-08T23:40:53","slug":"dungeon-fighter","status":"publish","type":"product","link":"https:\/\/veneludica.com\/?product=dungeon-fighter","title":{"rendered":"Dungeon Fighter"},"content":{"rendered":"<p data-start=\"95\" data-end=\"200\">\u00a1Dungeon Fighter regresa con una <strong data-start=\"128\" data-end=\"153\">nueva Segunda Edici\u00f3n<\/strong>, 10 a\u00f1os despu\u00e9s de su lanzamiento original!<\/p>\n<p data-start=\"202\" data-end=\"461\">La esencia del juego sigue siendo la misma: la cl\u00e1sica experiencia <strong data-start=\"269\" data-end=\"284\">cooperativa<\/strong> con sus locos lanzamientos de dados ha sido <strong data-start=\"329\" data-end=\"341\">mejorada<\/strong> con reglas m\u00e1s \u00e1giles, <strong data-start=\"365\" data-end=\"459\">nuevos tableros, nuevos dados, nuevos h\u00e9roes, nuevas armas, nuevos monstruos \u00a1y mucho m\u00e1s!<\/strong><\/p>\n<p data-start=\"463\" data-end=\"948\"><strong data-start=\"463\" data-end=\"504\">\u00a1Convi\u00e9rtete en un H\u00e9roe Profesional!<\/strong> Explora la Mazmorra, enfr\u00e9ntate a monstruos extra\u00f1os y feroces, y lucha hasta llegar al <strong data-start=\"593\" data-end=\"607\">jefe final<\/strong>. Para derrotar a estos enemigos necesitar\u00e1s <strong data-start=\"652\" data-end=\"688\">toda tu concentraci\u00f3n y destreza<\/strong>, lanzando los dados en los puntos correctos del <strong data-start=\"737\" data-end=\"771\">tablero principal de objetivos<\/strong>. \u00a1Pero eso no es todo! Tambi\u00e9n tendr\u00e1s que lidiar con <strong data-start=\"826\" data-end=\"891\">armas, habilidades de los monstruos y obst\u00e1culos en las salas<\/strong>, aumentando la dificultad\u2026 \u00a1y tambi\u00e9n las recompensas!<\/p>\n<p data-start=\"950\" data-end=\"1120\"><strong data-start=\"950\" data-end=\"981\">Nuevo mecanismo de Mazmorra<\/strong><br data-start=\"981\" data-end=\"984\" \/>\u00a1Desp\u00eddete de los mapas predefinidos! Cada ronda mirar\u00e1s <strong data-start=\"1041\" data-end=\"1067\">dos cartas de Mazmorra<\/strong> y elegir\u00e1s una para determinar tu pr\u00f3ximo destino.<\/p>\n<p data-start=\"1122\" data-end=\"1252\"><strong data-start=\"1122\" data-end=\"1169\">Recompensas de \u00faltimo golpe \u201carriesga todo\u201d<\/strong><br data-start=\"1169\" data-end=\"1172\" \/>\u00a1Cumple ciertos criterios para obtener recompensas extra al final del combate!<\/p>\n<p data-start=\"1254\" data-end=\"1424\">\u00bfEst\u00e1s a la altura del desaf\u00edo? \u00bfEres un <strong data-start=\"1295\" data-end=\"1314\">verdadero h\u00e9roe<\/strong>? \u00a1Es hora de demostrarlo! Duerme bien, haz tus estiramientos, ad\u00e9ntrate en la Mazmorra\u2026 y cumple tu misi\u00f3n.<\/p>\n<p data-start=\"1254\" data-end=\"1424\"><a href=\"https:\/\/boardgamegeek.com\/boardgame\/357028\/dungeon-fighter-second-edition\">PAGINA BGG<\/a><\/p>\n<p><iframe title=\"Conociendo Dungeon Fighter (2\u00aa Ed.)\" width=\"640\" height=\"360\" src=\"https:\/\/www.youtube.com\/embed\/vm-bFOIPBPw?feature=oembed\" frameborder=\"0\" allow=\"accelerometer; autoplay; clipboard-write; encrypted-media; gyroscope; picture-in-picture; web-share\" referrerpolicy=\"strict-origin-when-cross-origin\" allowfullscreen><\/iframe><\/p>\n","protected":false},"excerpt":{"rendered":"<p>\u00a1Dungeon Fighter regresa con una nueva Segunda Edici\u00f3n, 10 a\u00f1os despu\u00e9s de su lanzamiento original! La esencia del juego sigue siendo la misma: la cl\u00e1sica experiencia cooperativa con sus locos lanzamientos de dados ha sido mejorada con reglas m\u00e1s \u00e1giles, nuevos tableros, nuevos dados, nuevos h\u00e9roes, nuevas armas, nuevos monstruos \u00a1y mucho m\u00e1s! \u00a1Convi\u00e9rtete en un H\u00e9roe Profesional! Explora la Mazmorra, enfr\u00e9ntate a monstruos extra\u00f1os y feroces, y lucha hasta&hellip;<\/p>\n","protected":false},"featured_media":5753,"comment_status":"open","ping_status":"closed","template":"","meta":[],"product_brand":[],"product_cat":[88,65],"product_tag":[87,90],"class_list":{"0":"post-5752","1":"product","2":"type-product","3":"status-publish","4":"has-post-thumbnail","6":"product_cat-familiar","7":"product_cat-party-games","8":"product_tag-explorar","9":"product_tag-fantasia","11":"first","12":"instock","13":"taxable","14":"shipping-taxable","15":"purchasable","16":"product-type-simple"},"jetpack_sharing_enabled":true,"_links":{"self":[{"href":"https:\/\/veneludica.com\/index.php?rest_route=\/wp\/v2\/product\/5752","targetHints":{"allow":["GET"]}}],"collection":[{"href":"https:\/\/veneludica.com\/index.php?rest_route=\/wp\/v2\/product"}],"about":[{"href":"https:\/\/veneludica.com\/index.php?rest_route=\/wp\/v2\/types\/product"}],"replies":[{"embeddable":true,"href":"https:\/\/veneludica.com\/index.php?rest_route=%2Fwp%2Fv2%2Fcomments&post=5752"}],"version-history":[{"count":1,"href":"https:\/\/veneludica.com\/index.php?rest_route=\/wp\/v2\/product\/5752\/revisions"}],"predecessor-version":[{"id":5755,"href":"https:\/\/veneludica.com\/index.php?rest_route=\/wp\/v2\/product\/5752\/revisions\/5755"}],"wp:featuredmedia":[{"embeddable":true,"href":"https:\/\/veneludica.com\/index.php?rest_route=\/wp\/v2\/media\/5753"}],"wp:attachment":[{"href":"https:\/\/veneludica.com\/index.php?rest_route=%2Fwp%2Fv2%2Fmedia&parent=5752"}],"wp:term":[{"taxonomy":"product_brand","embeddable":true,"href":"https:\/\/veneludica.com\/index.php?rest_route=%2Fwp%2Fv2%2Fproduct_brand&post=5752"},{"taxonomy":"product_cat","embeddable":true,"href":"https:\/\/veneludica.com\/index.php?rest_route=%2Fwp%2Fv2%2Fproduct_cat&post=5752"},{"taxonomy":"product_tag","embeddable":true,"href":"https:\/\/veneludica.com\/index.php?rest_route=%2Fwp%2Fv2%2Fproduct_tag&post=5752"}],"curies":[{"name":"wp","href":"https:\/\/api.w.org\/{rel}","templated":true}]}}