{"id":5756,"date":"2026-01-08T23:49:46","date_gmt":"2026-01-08T23:49:46","guid":{"rendered":"https:\/\/veneludica.com\/?post_type=product&#038;p=5756"},"modified":"2026-01-08T23:49:49","modified_gmt":"2026-01-08T23:49:49","slug":"dungeon-mayhem","status":"publish","type":"product","link":"https:\/\/veneludica.com\/?product=dungeon-mayhem","title":{"rendered":"Dungeon Mayhem"},"content":{"rendered":"<p data-start=\"78\" data-end=\"202\">En el <strong data-start=\"84\" data-end=\"152\">trepidante juego de cartas de Dungeons &amp; Dragons, Dungeon Mayhem<\/strong>, \u00a1ganas siendo el <strong data-start=\"171\" data-end=\"199\">\u00faltimo aventurero en pie<\/strong>!<\/p>\n<p data-start=\"204\" data-end=\"514\">Juega como uno de <strong data-start=\"222\" data-end=\"269\">cuatro valientes y extravagantes personajes<\/strong> \u2014 b\u00e1rbaro, palad\u00edn, p\u00edcaro o mago \u2014 luchando en una mazmorra repleta de tesoros. Con <strong data-start=\"355\" data-end=\"438\">misiles m\u00e1gicos volando, dagas gemelas lanz\u00e1ndose y escudos con pinchos sonando<\/strong>, \u00a1t\u00fa decides si tu aventurero tiene lo necesario para llevarse la gloria!<\/p>\n<p data-start=\"516\" data-end=\"993\">Las ilustraciones de Kyle Ferrin en los <strong data-start=\"556\" data-end=\"582\">cuatro mazos de cartas<\/strong> representan a <strong data-start=\"597\" data-end=\"631\">Sutha el Destructor de Cr\u00e1neos<\/strong> (b\u00e1rbaro), <strong data-start=\"643\" data-end=\"663\">Azzan el M\u00edstico<\/strong> (mago), <strong data-start=\"672\" data-end=\"691\">Lia la Radiante<\/strong> (palad\u00edn) y <strong data-start=\"704\" data-end=\"723\">Oriax el Astuto<\/strong> (p\u00edcaro). Elige uno de estos personajes y juega sus <strong data-start=\"776\" data-end=\"796\">poderosas cartas<\/strong>, como el <strong data-start=\"806\" data-end=\"834\">Toque Vamp\u00edrico de Azzan<\/strong> para intercambiar puntos de vida con un oponente, o los <strong data-start=\"891\" data-end=\"921\">Hachas Giratorias de Sutha<\/strong> para curarte mientras infliges un da\u00f1o aplastante al resto del grupo.<\/p>\n<p data-start=\"516\" data-end=\"993\"><a href=\"https:\/\/boardgamegeek.com\/boardgame\/260300\/dungeon-mayhem\">PAGINA BGG<\/a><\/p>\n<p><iframe title=\"H\u00e9roes todos contra todos! Dungeon Mayhem | Tutorial | Wizards of the Coast | Partida de Locos |\" width=\"640\" height=\"360\" src=\"https:\/\/www.youtube.com\/embed\/dTqifoyIYII?feature=oembed\" frameborder=\"0\" allow=\"accelerometer; autoplay; clipboard-write; encrypted-media; gyroscope; picture-in-picture; web-share\" referrerpolicy=\"strict-origin-when-cross-origin\" allowfullscreen><\/iframe><\/p>\n","protected":false},"excerpt":{"rendered":"<p>En el trepidante juego de cartas de Dungeons &amp; Dragons, Dungeon Mayhem, \u00a1ganas siendo el \u00faltimo aventurero en pie! Juega como uno de cuatro valientes y extravagantes personajes \u2014 b\u00e1rbaro, palad\u00edn, p\u00edcaro o mago \u2014 luchando en una mazmorra repleta de tesoros. Con misiles m\u00e1gicos volando, dagas gemelas lanz\u00e1ndose y escudos con pinchos sonando, \u00a1t\u00fa decides si tu aventurero tiene lo necesario para llevarse la gloria! Las ilustraciones de Kyle&hellip;<\/p>\n","protected":false},"featured_media":5757,"comment_status":"open","ping_status":"closed","template":"","meta":[],"product_brand":[],"product_cat":[88,65],"product_tag":[155],"class_list":{"0":"post-5756","1":"product","2":"type-product","3":"status-publish","4":"has-post-thumbnail","6":"product_cat-familiar","7":"product_cat-party-games","8":"product_tag-cartas","10":"first","11":"instock","12":"taxable","13":"shipping-taxable","14":"purchasable","15":"product-type-simple"},"jetpack_sharing_enabled":true,"_links":{"self":[{"href":"https:\/\/veneludica.com\/index.php?rest_route=\/wp\/v2\/product\/5756","targetHints":{"allow":["GET"]}}],"collection":[{"href":"https:\/\/veneludica.com\/index.php?rest_route=\/wp\/v2\/product"}],"about":[{"href":"https:\/\/veneludica.com\/index.php?rest_route=\/wp\/v2\/types\/product"}],"replies":[{"embeddable":true,"href":"https:\/\/veneludica.com\/index.php?rest_route=%2Fwp%2Fv2%2Fcomments&post=5756"}],"version-history":[{"count":1,"href":"https:\/\/veneludica.com\/index.php?rest_route=\/wp\/v2\/product\/5756\/revisions"}],"predecessor-version":[{"id":5759,"href":"https:\/\/veneludica.com\/index.php?rest_route=\/wp\/v2\/product\/5756\/revisions\/5759"}],"wp:featuredmedia":[{"embeddable":true,"href":"https:\/\/veneludica.com\/index.php?rest_route=\/wp\/v2\/media\/5757"}],"wp:attachment":[{"href":"https:\/\/veneludica.com\/index.php?rest_route=%2Fwp%2Fv2%2Fmedia&parent=5756"}],"wp:term":[{"taxonomy":"product_brand","embeddable":true,"href":"https:\/\/veneludica.com\/index.php?rest_route=%2Fwp%2Fv2%2Fproduct_brand&post=5756"},{"taxonomy":"product_cat","embeddable":true,"href":"https:\/\/veneludica.com\/index.php?rest_route=%2Fwp%2Fv2%2Fproduct_cat&post=5756"},{"taxonomy":"product_tag","embeddable":true,"href":"https:\/\/veneludica.com\/index.php?rest_route=%2Fwp%2Fv2%2Fproduct_tag&post=5756"}],"curies":[{"name":"wp","href":"https:\/\/api.w.org\/{rel}","templated":true}]}}