{"id":5764,"date":"2026-01-08T23:59:56","date_gmt":"2026-01-08T23:59:56","guid":{"rendered":"https:\/\/veneludica.com\/?post_type=product&#038;p=5764"},"modified":"2026-01-08T23:59:56","modified_gmt":"2026-01-08T23:59:56","slug":"dungeon-mayhem-monster-madness","status":"publish","type":"product","link":"https:\/\/veneludica.com\/?product=dungeon-mayhem-monster-madness","title":{"rendered":"Dungeon Mayhem: Monster Madness"},"content":{"rendered":"<p data-start=\"46\" data-end=\"241\">En <strong data-start=\"49\" data-end=\"88\">Dungeon Mayhem: Locura de Monstruos<\/strong>, juegas como <strong data-start=\"102\" data-end=\"141\">uno de seis \u00e9picos monstruos de D&amp;D<\/strong>, cada uno con su propio estilo para <strong data-start=\"178\" data-end=\"238\">encantar, aplastar, desintegrar y devorar a sus enemigos<\/strong>.<\/p>\n<p data-start=\"243\" data-end=\"570\">Guarda todas tus cartas de Dungeon Mayhem en esta <strong data-start=\"293\" data-end=\"317\">caja tama\u00f1o monstruo<\/strong>, luego selecciona a tu personaje favorito y enfr\u00e9ntalo contra cualquier otro mazo de la l\u00ednea de juegos. Adem\u00e1s, podr\u00e1s <strong data-start=\"438\" data-end=\"484\">disfrutar de m\u00e1s aventureros en la partida<\/strong> gracias a nuevas reglas que permiten el caos con <strong data-start=\"534\" data-end=\"567\">hasta seis jugadores a la vez<\/strong>.<\/p>\n<p data-start=\"243\" data-end=\"570\"><a href=\"https:\/\/boardgamegeek.com\/boardgame\/295577\/dungeon-mayhem-monster-madness\">PAGINA BGG<\/a><\/p>\n<p><iframe title=\"El juego de mesa Dungeon Mayhem de Calabozos y Dragones Juego de cartas sencillo TCG\" width=\"640\" height=\"360\" src=\"https:\/\/www.youtube.com\/embed\/edEjxhHdUpQ?feature=oembed\" frameborder=\"0\" allow=\"accelerometer; autoplay; clipboard-write; encrypted-media; gyroscope; picture-in-picture; web-share\" referrerpolicy=\"strict-origin-when-cross-origin\" allowfullscreen><\/iframe><\/p>\n","protected":false},"excerpt":{"rendered":"<p>En Dungeon Mayhem: Locura de Monstruos, juegas como uno de seis \u00e9picos monstruos de D&amp;D, cada uno con su propio estilo para encantar, aplastar, desintegrar y devorar a sus enemigos. Guarda todas tus cartas de Dungeon Mayhem en esta caja tama\u00f1o monstruo, luego selecciona a tu personaje favorito y enfr\u00e9ntalo contra cualquier otro mazo de la l\u00ednea de juegos. Adem\u00e1s, podr\u00e1s disfrutar de m\u00e1s aventureros en la partida gracias a&hellip;<\/p>\n","protected":false},"featured_media":5765,"comment_status":"open","ping_status":"closed","template":"","meta":[],"product_brand":[],"product_cat":[88,65],"product_tag":[],"class_list":{"0":"post-5764","1":"product","2":"type-product","3":"status-publish","4":"has-post-thumbnail","6":"product_cat-familiar","7":"product_cat-party-games","9":"first","10":"instock","11":"taxable","12":"shipping-taxable","13":"purchasable","14":"product-type-simple"},"jetpack_sharing_enabled":true,"_links":{"self":[{"href":"https:\/\/veneludica.com\/index.php?rest_route=\/wp\/v2\/product\/5764","targetHints":{"allow":["GET"]}}],"collection":[{"href":"https:\/\/veneludica.com\/index.php?rest_route=\/wp\/v2\/product"}],"about":[{"href":"https:\/\/veneludica.com\/index.php?rest_route=\/wp\/v2\/types\/product"}],"replies":[{"embeddable":true,"href":"https:\/\/veneludica.com\/index.php?rest_route=%2Fwp%2Fv2%2Fcomments&post=5764"}],"version-history":[{"count":1,"href":"https:\/\/veneludica.com\/index.php?rest_route=\/wp\/v2\/product\/5764\/revisions"}],"predecessor-version":[{"id":5767,"href":"https:\/\/veneludica.com\/index.php?rest_route=\/wp\/v2\/product\/5764\/revisions\/5767"}],"wp:featuredmedia":[{"embeddable":true,"href":"https:\/\/veneludica.com\/index.php?rest_route=\/wp\/v2\/media\/5765"}],"wp:attachment":[{"href":"https:\/\/veneludica.com\/index.php?rest_route=%2Fwp%2Fv2%2Fmedia&parent=5764"}],"wp:term":[{"taxonomy":"product_brand","embeddable":true,"href":"https:\/\/veneludica.com\/index.php?rest_route=%2Fwp%2Fv2%2Fproduct_brand&post=5764"},{"taxonomy":"product_cat","embeddable":true,"href":"https:\/\/veneludica.com\/index.php?rest_route=%2Fwp%2Fv2%2Fproduct_cat&post=5764"},{"taxonomy":"product_tag","embeddable":true,"href":"https:\/\/veneludica.com\/index.php?rest_route=%2Fwp%2Fv2%2Fproduct_tag&post=5764"}],"curies":[{"name":"wp","href":"https:\/\/api.w.org\/{rel}","templated":true}]}}