{"id":5773,"date":"2026-01-09T14:32:04","date_gmt":"2026-01-09T14:32:04","guid":{"rendered":"https:\/\/veneludica.com\/?post_type=product&#038;p=5773"},"modified":"2026-01-09T14:33:02","modified_gmt":"2026-01-09T14:33:02","slug":"earth","status":"publish","type":"product","link":"https:\/\/veneludica.com\/?product=earth","title":{"rendered":"Earth"},"content":{"rendered":"<p data-start=\"44\" data-end=\"410\"><strong data-start=\"44\" data-end=\"53\">Earth<\/strong> es un juego de construcci\u00f3n de tableau con reglas sencillas y <strong data-start=\"116\" data-end=\"154\">una enorme profundidad estrat\u00e9gica<\/strong>. Gracias a su car\u00e1cter casi enciclop\u00e9dico y a un n\u00famero pr\u00e1cticamente infinito de combinaciones posibles, <strong data-start=\"261\" data-end=\"330\">cada partida te permitir\u00e1 descubrir nuevas sinergias y conexiones<\/strong>, del mismo modo que nuestro vasto y fascinante planeta lo hace en la vida real.<\/p>\n<p data-start=\"412\" data-end=\"813\">Es momento de adentrarse en estos <strong data-start=\"446\" data-end=\"475\">entornos ricos y diversos<\/strong> y crear incre\u00edbles sinergias naturales que reflejan y ampl\u00edan la asombrosa versatilidad de la Tierra y la abundancia de sus recursos naturales. A lo largo de miles de a\u00f1os de evoluci\u00f3n y adaptaci\u00f3n, la flora y la fauna de este planeta \u00fanico han dado lugar a extraordinarias formas de vida, creando <strong data-start=\"774\" data-end=\"812\">ecosistemas y h\u00e1bitats simbi\u00f3ticos<\/strong>.<\/p>\n<p data-start=\"815\" data-end=\"1232\">Los jugadores desarrollan un <strong data-start=\"844\" data-end=\"911\">motor autosostenible de crecimiento, expansi\u00f3n y abastecimiento<\/strong>, donde incluso las plantas no utilizadas se convierten en compost para el desarrollo futuro. Mediante las cartas, los jugadores eligen acciones (que afectan a todos) y obtienen recursos. <strong data-start=\"1099\" data-end=\"1174\">El primer jugador en completar su tableau activa el final de la partida<\/strong>, y el jugador con m\u00e1s puntos de victoria ser\u00e1 el ganador.<\/p>\n<p data-start=\"815\" data-end=\"1232\"><a href=\"https:\/\/boardgamegeek.com\/boardgame\/350184\/earth\">PAGINA BGG<\/a><\/p>\n<p><iframe title=\"Conociendo Earth\" width=\"640\" height=\"360\" src=\"https:\/\/www.youtube.com\/embed\/tbkkOFlEzrA?feature=oembed\" frameborder=\"0\" allow=\"accelerometer; autoplay; clipboard-write; encrypted-media; gyroscope; picture-in-picture; web-share\" referrerpolicy=\"strict-origin-when-cross-origin\" allowfullscreen><\/iframe><\/p>\n","protected":false},"excerpt":{"rendered":"<p>Earth es un juego de construcci\u00f3n de tableau con reglas sencillas y una enorme profundidad estrat\u00e9gica. Gracias a su car\u00e1cter casi enciclop\u00e9dico y a un n\u00famero pr\u00e1cticamente infinito de combinaciones posibles, cada partida te permitir\u00e1 descubrir nuevas sinergias y conexiones, del mismo modo que nuestro vasto y fascinante planeta lo hace en la vida real. Es momento de adentrarse en estos entornos ricos y diversos y crear incre\u00edbles sinergias naturales&hellip;<\/p>\n","protected":false},"featured_media":5774,"comment_status":"open","ping_status":"closed","template":"","meta":[],"product_brand":[],"product_cat":[84],"product_tag":[85,155],"class_list":{"0":"post-5773","1":"product","2":"type-product","3":"status-publish","4":"has-post-thumbnail","6":"product_cat-estrategia","7":"product_tag-animales","8":"product_tag-cartas","10":"first","11":"instock","12":"taxable","13":"shipping-taxable","14":"purchasable","15":"product-type-simple"},"jetpack_sharing_enabled":true,"_links":{"self":[{"href":"https:\/\/veneludica.com\/index.php?rest_route=\/wp\/v2\/product\/5773","targetHints":{"allow":["GET"]}}],"collection":[{"href":"https:\/\/veneludica.com\/index.php?rest_route=\/wp\/v2\/product"}],"about":[{"href":"https:\/\/veneludica.com\/index.php?rest_route=\/wp\/v2\/types\/product"}],"replies":[{"embeddable":true,"href":"https:\/\/veneludica.com\/index.php?rest_route=%2Fwp%2Fv2%2Fcomments&post=5773"}],"version-history":[{"count":2,"href":"https:\/\/veneludica.com\/index.php?rest_route=\/wp\/v2\/product\/5773\/revisions"}],"predecessor-version":[{"id":5777,"href":"https:\/\/veneludica.com\/index.php?rest_route=\/wp\/v2\/product\/5773\/revisions\/5777"}],"wp:featuredmedia":[{"embeddable":true,"href":"https:\/\/veneludica.com\/index.php?rest_route=\/wp\/v2\/media\/5774"}],"wp:attachment":[{"href":"https:\/\/veneludica.com\/index.php?rest_route=%2Fwp%2Fv2%2Fmedia&parent=5773"}],"wp:term":[{"taxonomy":"product_brand","embeddable":true,"href":"https:\/\/veneludica.com\/index.php?rest_route=%2Fwp%2Fv2%2Fproduct_brand&post=5773"},{"taxonomy":"product_cat","embeddable":true,"href":"https:\/\/veneludica.com\/index.php?rest_route=%2Fwp%2Fv2%2Fproduct_cat&post=5773"},{"taxonomy":"product_tag","embeddable":true,"href":"https:\/\/veneludica.com\/index.php?rest_route=%2Fwp%2Fv2%2Fproduct_tag&post=5773"}],"curies":[{"name":"wp","href":"https:\/\/api.w.org\/{rel}","templated":true}]}}