{"id":5778,"date":"2026-01-09T14:41:25","date_gmt":"2026-01-09T14:41:25","guid":{"rendered":"https:\/\/veneludica.com\/?post_type=product&#038;p=5778"},"modified":"2026-01-09T14:41:25","modified_gmt":"2026-01-09T14:41:25","slug":"el-7o-heroe","status":"publish","type":"product","link":"https:\/\/veneludica.com\/?product=el-7o-heroe","title":{"rendered":"El 7o Heroe"},"content":{"rendered":"<p data-start=\"44\" data-end=\"300\">El mazo de <strong data-start=\"55\" data-end=\"71\">Seventh Hero<\/strong> consta de <strong data-start=\"82\" data-end=\"95\">77 cartas<\/strong>, y cada una representa a <strong data-start=\"121\" data-end=\"159\">uno de los siete h\u00e9roes diferentes<\/strong>. Cada jugador comienza la partida con <strong data-start=\"198\" data-end=\"220\">dos h\u00e9roes al azar<\/strong>, y cada h\u00e9roe tiene un <strong data-start=\"244\" data-end=\"262\">poder especial<\/strong> que puede activarse <strong data-start=\"283\" data-end=\"299\">una sola vez<\/strong>.<\/p>\n<p data-start=\"302\" data-end=\"757\">En cada turno, un jugador env\u00eda <strong data-start=\"334\" data-end=\"369\">una carta de su mano boca abajo<\/strong> al siguiente jugador, quien puede <strong data-start=\"404\" data-end=\"427\">aceptarla o pasarla<\/strong>. Si decide aceptarla, la a\u00f1ade a su grupo de h\u00e9roes; pero si se trata de un h\u00e9roe que ya posee, <strong data-start=\"524\" data-end=\"566\">ambas cartas de ese h\u00e9roe se descartan<\/strong>. Antes de enviar un h\u00e9roe, el jugador debe cumplir las <strong data-start=\"622\" data-end=\"658\">restricciones de la ronda actual<\/strong>, como que la carta sea impar o que su valor est\u00e9 por debajo o por encima de un n\u00famero determinado.<\/p>\n<p data-start=\"759\" data-end=\"832\"><strong data-start=\"759\" data-end=\"832\">El primer jugador que re\u00fana seis de los siete h\u00e9roes gana la partida.<\/strong><\/p>\n<p data-start=\"759\" data-end=\"832\"><a href=\"https:\/\/boardgamegeek.com\/boardgame\/135116\/rent-a-hero\">PAGINA BGG<\/a><\/p>\n<p><iframe title=\"Conociendo El S\u00e9ptimo H\u00e9roe\" width=\"640\" height=\"360\" src=\"https:\/\/www.youtube.com\/embed\/KfDnfTeF_2s?feature=oembed\" frameborder=\"0\" allow=\"accelerometer; autoplay; clipboard-write; encrypted-media; gyroscope; picture-in-picture; web-share\" referrerpolicy=\"strict-origin-when-cross-origin\" allowfullscreen><\/iframe><\/p>\n","protected":false},"excerpt":{"rendered":"<p>El mazo de Seventh Hero consta de 77 cartas, y cada una representa a uno de los siete h\u00e9roes diferentes. Cada jugador comienza la partida con dos h\u00e9roes al azar, y cada h\u00e9roe tiene un poder especial que puede activarse una sola vez. En cada turno, un jugador env\u00eda una carta de su mano boca abajo al siguiente jugador, quien puede aceptarla o pasarla. Si decide aceptarla, la a\u00f1ade a&hellip;<\/p>\n","protected":false},"featured_media":5779,"comment_status":"open","ping_status":"closed","template":"","meta":[],"product_brand":[],"product_cat":[88,82],"product_tag":[155],"class_list":{"0":"post-5778","1":"product","2":"type-product","3":"status-publish","4":"has-post-thumbnail","6":"product_cat-familiar","7":"product_cat-mentir-bluffing","8":"product_tag-cartas","10":"first","11":"instock","12":"taxable","13":"shipping-taxable","14":"purchasable","15":"product-type-simple"},"jetpack_sharing_enabled":true,"_links":{"self":[{"href":"https:\/\/veneludica.com\/index.php?rest_route=\/wp\/v2\/product\/5778","targetHints":{"allow":["GET"]}}],"collection":[{"href":"https:\/\/veneludica.com\/index.php?rest_route=\/wp\/v2\/product"}],"about":[{"href":"https:\/\/veneludica.com\/index.php?rest_route=\/wp\/v2\/types\/product"}],"replies":[{"embeddable":true,"href":"https:\/\/veneludica.com\/index.php?rest_route=%2Fwp%2Fv2%2Fcomments&post=5778"}],"version-history":[{"count":1,"href":"https:\/\/veneludica.com\/index.php?rest_route=\/wp\/v2\/product\/5778\/revisions"}],"predecessor-version":[{"id":5780,"href":"https:\/\/veneludica.com\/index.php?rest_route=\/wp\/v2\/product\/5778\/revisions\/5780"}],"wp:featuredmedia":[{"embeddable":true,"href":"https:\/\/veneludica.com\/index.php?rest_route=\/wp\/v2\/media\/5779"}],"wp:attachment":[{"href":"https:\/\/veneludica.com\/index.php?rest_route=%2Fwp%2Fv2%2Fmedia&parent=5778"}],"wp:term":[{"taxonomy":"product_brand","embeddable":true,"href":"https:\/\/veneludica.com\/index.php?rest_route=%2Fwp%2Fv2%2Fproduct_brand&post=5778"},{"taxonomy":"product_cat","embeddable":true,"href":"https:\/\/veneludica.com\/index.php?rest_route=%2Fwp%2Fv2%2Fproduct_cat&post=5778"},{"taxonomy":"product_tag","embeddable":true,"href":"https:\/\/veneludica.com\/index.php?rest_route=%2Fwp%2Fv2%2Fproduct_tag&post=5778"}],"curies":[{"name":"wp","href":"https:\/\/api.w.org\/{rel}","templated":true}]}}