{"id":5781,"date":"2026-01-09T14:46:43","date_gmt":"2026-01-09T14:46:43","guid":{"rendered":"https:\/\/veneludica.com\/?post_type=product&#038;p=5781"},"modified":"2026-01-09T14:46:43","modified_gmt":"2026-01-09T14:46:43","slug":"el-dilema-del-rey","status":"publish","type":"product","link":"https:\/\/veneludica.com\/?product=el-dilema-del-rey","title":{"rendered":"El Dilema del Rey"},"content":{"rendered":"<p data-start=\"44\" data-end=\"400\"><strong data-start=\"44\" data-end=\"66\">The King\u2019s Dilemma<\/strong> es una experiencia narrativa interactiva con elementos <em data-start=\"122\" data-end=\"130\">legacy<\/em>, que presenta m\u00faltiples l\u00edneas argumentales ramificadas que conducen a numerosos finales posibles, con un mazo de cartas de eventos en constante evoluci\u00f3n como eje central. Los jugadores representan a las distintas casas que dirigen el gobierno del <strong data-start=\"380\" data-end=\"399\">Reino de Ankist<\/strong>.<\/p>\n<p data-start=\"402\" data-end=\"937\">En cada ronda, se roba una carta del <strong data-start=\"439\" data-end=\"458\">mazo de Dilemas<\/strong> y se vive la historia del juego a medida que se desarrolla. Cada carta plantea un problema que el Consejo debe resolver en nombre del Rey. Como miembros del c\u00edrculo \u00edntimo del monarca, vuestras decisiones determinan c\u00f3mo avanza la historia y cu\u00e1l ser\u00e1 el destino del reino. Cada evento ocurre <strong data-start=\"752\" data-end=\"768\">una sola vez<\/strong>: debat\u00eds y negoci\u00e1is con los dem\u00e1s jugadores y, finalmente, tom\u00e1is una decisi\u00f3n que define el resultado, hace progresar la narrativa y puede desbloquear nuevos eventos.<\/p>\n<p data-start=\"939\" data-end=\"1313\">Deb\u00e9is mantener el reino en pie mientras busc\u00e1is ventajas para vuestra propia casa; esta lucha por el poder puede llevar al reino a la guerra, la hambruna o los disturbios, o bien generar riqueza y prosperidad. \u00a1Todo depende de vuestras elecciones! Cada decisi\u00f3n tiene consecuencias, y lo que es bueno para el reino en su conjunto puede ser perjudicial para vuestra familia\u2026<\/p>\n<p data-start=\"1315\" data-end=\"1380\">\u00bfActuar\u00e9is por el bien com\u00fan o pensar\u00e9is solo en vosotros mismos?<\/p>\n<p data-start=\"1315\" data-end=\"1380\"><a href=\"https:\/\/boardgamegeek.com\/boardgame\/245655\/the-kings-dilemma\">PAGINA BGG<\/a><\/p>\n<p><iframe title=\"Conociendo El Dilema del Rey\" width=\"640\" height=\"360\" src=\"https:\/\/www.youtube.com\/embed\/LTl9Jhqk10I?feature=oembed\" frameborder=\"0\" allow=\"accelerometer; autoplay; clipboard-write; encrypted-media; gyroscope; picture-in-picture; web-share\" referrerpolicy=\"strict-origin-when-cross-origin\" allowfullscreen><\/iframe><\/p>\n","protected":false},"excerpt":{"rendered":"<p>The King\u2019s Dilemma es una experiencia narrativa interactiva con elementos legacy, que presenta m\u00faltiples l\u00edneas argumentales ramificadas que conducen a numerosos finales posibles, con un mazo de cartas de eventos en constante evoluci\u00f3n como eje central. Los jugadores representan a las distintas casas que dirigen el gobierno del Reino de Ankist. En cada ronda, se roba una carta del mazo de Dilemas y se vive la historia del juego a&hellip;<\/p>\n","protected":false},"featured_media":5782,"comment_status":"open","ping_status":"closed","template":"","meta":[],"product_brand":[],"product_cat":[203],"product_tag":[90,249,248],"class_list":{"0":"post-5781","1":"product","2":"type-product","3":"status-publish","4":"has-post-thumbnail","6":"product_cat-tematico","7":"product_tag-fantasia","8":"product_tag-negociacion","9":"product_tag-politica","11":"first","12":"instock","13":"taxable","14":"shipping-taxable","15":"purchasable","16":"product-type-simple"},"jetpack_sharing_enabled":true,"_links":{"self":[{"href":"https:\/\/veneludica.com\/index.php?rest_route=\/wp\/v2\/product\/5781","targetHints":{"allow":["GET"]}}],"collection":[{"href":"https:\/\/veneludica.com\/index.php?rest_route=\/wp\/v2\/product"}],"about":[{"href":"https:\/\/veneludica.com\/index.php?rest_route=\/wp\/v2\/types\/product"}],"replies":[{"embeddable":true,"href":"https:\/\/veneludica.com\/index.php?rest_route=%2Fwp%2Fv2%2Fcomments&post=5781"}],"version-history":[{"count":1,"href":"https:\/\/veneludica.com\/index.php?rest_route=\/wp\/v2\/product\/5781\/revisions"}],"predecessor-version":[{"id":5784,"href":"https:\/\/veneludica.com\/index.php?rest_route=\/wp\/v2\/product\/5781\/revisions\/5784"}],"wp:featuredmedia":[{"embeddable":true,"href":"https:\/\/veneludica.com\/index.php?rest_route=\/wp\/v2\/media\/5782"}],"wp:attachment":[{"href":"https:\/\/veneludica.com\/index.php?rest_route=%2Fwp%2Fv2%2Fmedia&parent=5781"}],"wp:term":[{"taxonomy":"product_brand","embeddable":true,"href":"https:\/\/veneludica.com\/index.php?rest_route=%2Fwp%2Fv2%2Fproduct_brand&post=5781"},{"taxonomy":"product_cat","embeddable":true,"href":"https:\/\/veneludica.com\/index.php?rest_route=%2Fwp%2Fv2%2Fproduct_cat&post=5781"},{"taxonomy":"product_tag","embeddable":true,"href":"https:\/\/veneludica.com\/index.php?rest_route=%2Fwp%2Fv2%2Fproduct_tag&post=5781"}],"curies":[{"name":"wp","href":"https:\/\/api.w.org\/{rel}","templated":true}]}}