{"id":5786,"date":"2026-01-09T14:50:34","date_gmt":"2026-01-09T14:50:34","guid":{"rendered":"https:\/\/veneludica.com\/?post_type=product&#038;p=5786"},"modified":"2026-01-09T14:50:34","modified_gmt":"2026-01-09T14:50:34","slug":"el-oraculo-de-delfos","status":"publish","type":"product","link":"https:\/\/veneludica.com\/?product=el-oraculo-de-delfos","title":{"rendered":"El Or\u00e1culo de Delfos"},"content":{"rendered":"<p data-start=\"44\" data-end=\"560\">En el nuevo juego de <strong data-start=\"65\" data-end=\"80\">Stefan Feld<\/strong>, <strong data-start=\"82\" data-end=\"106\">El Or\u00e1culo de Delfos<\/strong>, las naves de los jugadores navegan por un gran tablero variable formado por losetas hexagonales que representan islas y las aguas que las rodean. Cada jugador tiene como objetivo alcanzar determinadas islas para cumplir las <strong data-start=\"332\" data-end=\"369\">doce tareas encomendadas por Zeus<\/strong>: por ejemplo, recolectar ofrendas de distintos colores y entregarlas en los templos correspondientes, o derrotar monstruos de un tipo (y color) espec\u00edfico, todos ellos situados en las islas.<\/p>\n<p data-start=\"562\" data-end=\"1009\">Para llevar a cabo estas acciones dependientes del color, en cada turno dispones de <strong data-start=\"646\" data-end=\"671\">tres dados de colores<\/strong>, llamados <em data-start=\"682\" data-end=\"701\">dados del or\u00e1culo<\/em>. Lanzar los dados al inicio del turno equivale a consultar al or\u00e1culo, y los resultados representan sus respuestas. Estas respuestas determinan qu\u00e9 acciones podr\u00e1s realizar, aunque <strong data-start=\"883\" data-end=\"932\">siempre dispondr\u00e1s de tres acciones por turno<\/strong>. No obstante, a menudo es posible desviarse ligeramente del destino marcado.<\/p>\n<p data-start=\"1011\" data-end=\"1235\">Adem\u00e1s de consultar al or\u00e1culo, puedes solicitar el <strong data-start=\"1063\" data-end=\"1086\">apoyo de los dioses<\/strong>, as\u00ed como obtener <strong data-start=\"1105\" data-end=\"1167\">fichas de favor, compa\u00f1eros y otras habilidades especiales<\/strong> que te ayudar\u00e1n a ganar la carrera frente a los dem\u00e1s competidores.<\/p>\n<p data-start=\"1237\" data-end=\"1437\">Las distintas configuraciones de las naves y la <strong data-start=\"1285\" data-end=\"1321\">preparaci\u00f3n variable del tablero<\/strong> ofrecen, en cada partida de <em data-start=\"1350\" data-end=\"1372\">El Or\u00e1culo de Delfos<\/em>, nuevos retos y decisiones estrat\u00e9gicas y t\u00e1cticas interesantes.<\/p>\n<p data-start=\"1237\" data-end=\"1437\"><a href=\"https:\/\/boardgamegeek.com\/boardgame\/193558\/the-oracle-of-delphi\">PAGINA BGG<\/a><\/p>\n<p><iframe title=\"Conociendo El Or\u00e1culo de Delfos\" width=\"640\" height=\"360\" src=\"https:\/\/www.youtube.com\/embed\/gFBG-TCsX-Q?feature=oembed\" frameborder=\"0\" allow=\"accelerometer; autoplay; clipboard-write; encrypted-media; gyroscope; picture-in-picture; web-share\" referrerpolicy=\"strict-origin-when-cross-origin\" allowfullscreen><\/iframe><\/p>\n","protected":false},"excerpt":{"rendered":"<p>En el nuevo juego de Stefan Feld, El Or\u00e1culo de Delfos, las naves de los jugadores navegan por un gran tablero variable formado por losetas hexagonales que representan islas y las aguas que las rodean. Cada jugador tiene como objetivo alcanzar determinadas islas para cumplir las doce tareas encomendadas por Zeus: por ejemplo, recolectar ofrendas de distintos colores y entregarlas en los templos correspondientes, o derrotar monstruos de un tipo&hellip;<\/p>\n","protected":false},"featured_media":5787,"comment_status":"open","ping_status":"closed","template":"","meta":[],"product_brand":[],"product_cat":[84],"product_tag":[157],"class_list":{"0":"post-5786","1":"product","2":"type-product","3":"status-publish","4":"has-post-thumbnail","6":"product_cat-estrategia","7":"product_tag-mitologia","9":"first","10":"instock","11":"taxable","12":"shipping-taxable","13":"purchasable","14":"product-type-simple"},"jetpack_sharing_enabled":true,"_links":{"self":[{"href":"https:\/\/veneludica.com\/index.php?rest_route=\/wp\/v2\/product\/5786","targetHints":{"allow":["GET"]}}],"collection":[{"href":"https:\/\/veneludica.com\/index.php?rest_route=\/wp\/v2\/product"}],"about":[{"href":"https:\/\/veneludica.com\/index.php?rest_route=\/wp\/v2\/types\/product"}],"replies":[{"embeddable":true,"href":"https:\/\/veneludica.com\/index.php?rest_route=%2Fwp%2Fv2%2Fcomments&post=5786"}],"version-history":[{"count":1,"href":"https:\/\/veneludica.com\/index.php?rest_route=\/wp\/v2\/product\/5786\/revisions"}],"predecessor-version":[{"id":5790,"href":"https:\/\/veneludica.com\/index.php?rest_route=\/wp\/v2\/product\/5786\/revisions\/5790"}],"wp:featuredmedia":[{"embeddable":true,"href":"https:\/\/veneludica.com\/index.php?rest_route=\/wp\/v2\/media\/5787"}],"wp:attachment":[{"href":"https:\/\/veneludica.com\/index.php?rest_route=%2Fwp%2Fv2%2Fmedia&parent=5786"}],"wp:term":[{"taxonomy":"product_brand","embeddable":true,"href":"https:\/\/veneludica.com\/index.php?rest_route=%2Fwp%2Fv2%2Fproduct_brand&post=5786"},{"taxonomy":"product_cat","embeddable":true,"href":"https:\/\/veneludica.com\/index.php?rest_route=%2Fwp%2Fv2%2Fproduct_cat&post=5786"},{"taxonomy":"product_tag","embeddable":true,"href":"https:\/\/veneludica.com\/index.php?rest_route=%2Fwp%2Fv2%2Fproduct_tag&post=5786"}],"curies":[{"name":"wp","href":"https:\/\/api.w.org\/{rel}","templated":true}]}}