{"id":5791,"date":"2026-01-09T14:55:11","date_gmt":"2026-01-09T14:55:11","guid":{"rendered":"https:\/\/veneludica.com\/?post_type=product&#038;p=5791"},"modified":"2026-01-09T14:55:12","modified_gmt":"2026-01-09T14:55:12","slug":"el-rey-de-los-dados","status":"publish","type":"product","link":"https:\/\/veneludica.com\/?product=el-rey-de-los-dados","title":{"rendered":"El rey de los dados"},"content":{"rendered":"<p data-start=\"44\" data-end=\"335\">\u00a1Por fin eres <strong data-start=\"58\" data-end=\"65\">rey<\/strong>! Todos tus sue\u00f1os se han hecho realidad. Te sientas satisfecho en tu castillo y contemplas tu maravilloso reino. Prados verdes, campos ondulantes, altas monta\u00f1as y r\u00edos cristalinos se extienden hasta donde alcanza la vista\u2026 pero falta algo en tu reino: <strong data-start=\"319\" data-end=\"335\">\u00a1ciudadanos!<\/strong><\/p>\n<p data-start=\"337\" data-end=\"551\">As\u00ed que anuncias las bondades del reino por todo el pa\u00eds: en las ricas ciudades, entre los alocados gnomos en sus talleres, los enanos en sus profundas minas, y tambi\u00e9n entre orcos, hadas y aprendices de hechicero.<\/p>\n<p data-start=\"553\" data-end=\"959\">Pero no es tan f\u00e1cil convencerlos; al fin y al cabo, hay otros reyes intentando atraerlos tambi\u00e9n. Por eso necesitar\u00e1s <strong data-start=\"672\" data-end=\"708\">habilidad y suerte con los dados<\/strong> para atraer a los mejores ciudadanos a tu reino. \u00a1Pero cuidado con los <strong data-start=\"780\" data-end=\"793\">maleantes<\/strong> y los <strong data-start=\"800\" data-end=\"812\">dragones<\/strong>! De lo contrario, tu pr\u00f3spero reino podr\u00eda convertirse pronto en un yermo miserable, y tendr\u00e1s que ver c\u00f3mo otro es coronado <strong data-start=\"938\" data-end=\"958\">Rey de los Dados<\/strong>.<\/p>\n<p data-start=\"961\" data-end=\"985\">\u00a1Haz prosperar tu reino!<\/p>\n<p data-start=\"987\" data-end=\"1327\"><strong data-start=\"987\" data-end=\"998\">Paso 1:<\/strong> Consigue nuevos ciudadanos para tu reino cumpliendo los distintos requisitos de las cartas con <strong data-start=\"1094\" data-end=\"1125\">hasta tres tiradas de dados<\/strong>.<br data-start=\"1126\" data-end=\"1129\" \/><strong data-start=\"1129\" data-end=\"1140\">Paso 2:<\/strong> Las cartas especiales te otorgan beneficios, pero cuidado con los maleantes y los dragones.<br data-start=\"1232\" data-end=\"1235\" \/><strong data-start=\"1235\" data-end=\"1246\">Paso 3:<\/strong> \u00a1El jugador con los <strong data-start=\"1267\" data-end=\"1289\">mejores ciudadanos<\/strong> al final de la partida gana el juego!<\/p>\n<p data-start=\"987\" data-end=\"1327\"><a href=\"https:\/\/boardgamegeek.com\/boardgame\/235922\/king-of-the-dice\">PAGINA BGG<\/a><\/p>\n<p><iframe title=\"Conociendo El Rey de los Dados\" width=\"640\" height=\"360\" src=\"https:\/\/www.youtube.com\/embed\/lHz0tCn5Ano?feature=oembed\" frameborder=\"0\" allow=\"accelerometer; autoplay; clipboard-write; encrypted-media; gyroscope; picture-in-picture; web-share\" referrerpolicy=\"strict-origin-when-cross-origin\" allowfullscreen><\/iframe><\/p>\n","protected":false},"excerpt":{"rendered":"<p>\u00a1Por fin eres rey! Todos tus sue\u00f1os se han hecho realidad. Te sientas satisfecho en tu castillo y contemplas tu maravilloso reino. Prados verdes, campos ondulantes, altas monta\u00f1as y r\u00edos cristalinos se extienden hasta donde alcanza la vista\u2026 pero falta algo en tu reino: \u00a1ciudadanos! As\u00ed que anuncias las bondades del reino por todo el pa\u00eds: en las ricas ciudades, entre los alocados gnomos en sus talleres, los enanos en&hellip;<\/p>\n","protected":false},"featured_media":5792,"comment_status":"open","ping_status":"closed","template":"","meta":[],"product_brand":[],"product_cat":[88],"product_tag":[155,93],"class_list":{"0":"post-5791","1":"product","2":"type-product","3":"status-publish","4":"has-post-thumbnail","6":"product_cat-familiar","7":"product_tag-cartas","8":"product_tag-dados","10":"first","11":"instock","12":"taxable","13":"shipping-taxable","14":"purchasable","15":"product-type-simple"},"jetpack_sharing_enabled":true,"_links":{"self":[{"href":"https:\/\/veneludica.com\/index.php?rest_route=\/wp\/v2\/product\/5791","targetHints":{"allow":["GET"]}}],"collection":[{"href":"https:\/\/veneludica.com\/index.php?rest_route=\/wp\/v2\/product"}],"about":[{"href":"https:\/\/veneludica.com\/index.php?rest_route=\/wp\/v2\/types\/product"}],"replies":[{"embeddable":true,"href":"https:\/\/veneludica.com\/index.php?rest_route=%2Fwp%2Fv2%2Fcomments&post=5791"}],"version-history":[{"count":1,"href":"https:\/\/veneludica.com\/index.php?rest_route=\/wp\/v2\/product\/5791\/revisions"}],"predecessor-version":[{"id":5795,"href":"https:\/\/veneludica.com\/index.php?rest_route=\/wp\/v2\/product\/5791\/revisions\/5795"}],"wp:featuredmedia":[{"embeddable":true,"href":"https:\/\/veneludica.com\/index.php?rest_route=\/wp\/v2\/media\/5792"}],"wp:attachment":[{"href":"https:\/\/veneludica.com\/index.php?rest_route=%2Fwp%2Fv2%2Fmedia&parent=5791"}],"wp:term":[{"taxonomy":"product_brand","embeddable":true,"href":"https:\/\/veneludica.com\/index.php?rest_route=%2Fwp%2Fv2%2Fproduct_brand&post=5791"},{"taxonomy":"product_cat","embeddable":true,"href":"https:\/\/veneludica.com\/index.php?rest_route=%2Fwp%2Fv2%2Fproduct_cat&post=5791"},{"taxonomy":"product_tag","embeddable":true,"href":"https:\/\/veneludica.com\/index.php?rest_route=%2Fwp%2Fv2%2Fproduct_tag&post=5791"}],"curies":[{"name":"wp","href":"https:\/\/api.w.org\/{rel}","templated":true}]}}