{"id":5804,"date":"2026-01-09T15:11:00","date_gmt":"2026-01-09T15:11:00","guid":{"rendered":"https:\/\/veneludica.com\/?post_type=product&#038;p=5804"},"modified":"2026-01-09T15:11:00","modified_gmt":"2026-01-09T15:11:00","slug":"everdell-newleaf","status":"publish","type":"product","link":"https:\/\/veneludica.com\/?product=everdell-newleaf","title":{"rendered":"Everdell: Newleaf"},"content":{"rendered":"<p data-start=\"44\" data-end=\"342\">La bulliciosa ciudad de <strong data-start=\"68\" data-end=\"79\">Newleaf<\/strong>, en <em data-start=\"84\" data-end=\"94\">Everdell<\/em>, acaba de inaugurar su primera estaci\u00f3n de tren, y con ella llegan muchas nuevas criaturas y grandes ideas. <strong data-start=\"203\" data-end=\"214\">Newleaf<\/strong> introduce nuevas criaturas, construcciones y emocionantes eventos que permiten atraer cartas de Visitante a tu pr\u00f3spera ciudad.<\/p>\n<p data-start=\"344\" data-end=\"493\">Adem\u00e1s, incorpora el <strong data-start=\"365\" data-end=\"399\">tablero de la Estaci\u00f3n de Tren<\/strong>, <strong data-start=\"401\" data-end=\"420\">vagones de tren<\/strong> que entregan recursos, <strong data-start=\"444\" data-end=\"456\">billetes<\/strong> para viajar y <strong data-start=\"471\" data-end=\"492\">fichas de reserva<\/strong>.<\/p>\n<p data-start=\"344\" data-end=\"493\"><a href=\"https:\/\/boardgamegeek.com\/boardgame\/332390\/everdell-newleaf\">PAGINA BGG<\/a><\/p>\n<p><iframe title=\"EVERDELL NEWLEAF - C\u00f3mo se juega - TUTORIAL - Juego de Mesa - unna\" width=\"640\" height=\"360\" src=\"https:\/\/www.youtube.com\/embed\/TGiHPGeXSGM?feature=oembed\" frameborder=\"0\" allow=\"accelerometer; autoplay; clipboard-write; encrypted-media; gyroscope; picture-in-picture; web-share\" referrerpolicy=\"strict-origin-when-cross-origin\" allowfullscreen><\/iframe><\/p>\n","protected":false},"excerpt":{"rendered":"<p>La bulliciosa ciudad de Newleaf, en Everdell, acaba de inaugurar su primera estaci\u00f3n de tren, y con ella llegan muchas nuevas criaturas y grandes ideas. Newleaf introduce nuevas criaturas, construcciones y emocionantes eventos que permiten atraer cartas de Visitante a tu pr\u00f3spera ciudad. Adem\u00e1s, incorpora el tablero de la Estaci\u00f3n de Tren, vagones de tren que entregan recursos, billetes para viajar y fichas de reserva. PAGINA BGG<\/p>\n","protected":false},"featured_media":5806,"comment_status":"open","ping_status":"closed","template":"","meta":[],"product_brand":[],"product_cat":[84,141,88],"product_tag":[85],"class_list":{"0":"post-5804","1":"product","2":"type-product","3":"status-publish","4":"has-post-thumbnail","6":"product_cat-estrategia","7":"product_cat-expansion","8":"product_cat-familiar","9":"product_tag-animales","11":"first","12":"instock","13":"taxable","14":"shipping-taxable","15":"purchasable","16":"product-type-simple"},"jetpack_sharing_enabled":true,"_links":{"self":[{"href":"https:\/\/veneludica.com\/index.php?rest_route=\/wp\/v2\/product\/5804","targetHints":{"allow":["GET"]}}],"collection":[{"href":"https:\/\/veneludica.com\/index.php?rest_route=\/wp\/v2\/product"}],"about":[{"href":"https:\/\/veneludica.com\/index.php?rest_route=\/wp\/v2\/types\/product"}],"replies":[{"embeddable":true,"href":"https:\/\/veneludica.com\/index.php?rest_route=%2Fwp%2Fv2%2Fcomments&post=5804"}],"version-history":[{"count":1,"href":"https:\/\/veneludica.com\/index.php?rest_route=\/wp\/v2\/product\/5804\/revisions"}],"predecessor-version":[{"id":5808,"href":"https:\/\/veneludica.com\/index.php?rest_route=\/wp\/v2\/product\/5804\/revisions\/5808"}],"wp:featuredmedia":[{"embeddable":true,"href":"https:\/\/veneludica.com\/index.php?rest_route=\/wp\/v2\/media\/5806"}],"wp:attachment":[{"href":"https:\/\/veneludica.com\/index.php?rest_route=%2Fwp%2Fv2%2Fmedia&parent=5804"}],"wp:term":[{"taxonomy":"product_brand","embeddable":true,"href":"https:\/\/veneludica.com\/index.php?rest_route=%2Fwp%2Fv2%2Fproduct_brand&post=5804"},{"taxonomy":"product_cat","embeddable":true,"href":"https:\/\/veneludica.com\/index.php?rest_route=%2Fwp%2Fv2%2Fproduct_cat&post=5804"},{"taxonomy":"product_tag","embeddable":true,"href":"https:\/\/veneludica.com\/index.php?rest_route=%2Fwp%2Fv2%2Fproduct_tag&post=5804"}],"curies":[{"name":"wp","href":"https:\/\/api.w.org\/{rel}","templated":true}]}}