{"id":5809,"date":"2026-01-09T15:16:16","date_gmt":"2026-01-09T15:16:16","guid":{"rendered":"https:\/\/veneludica.com\/?post_type=product&#038;p=5809"},"modified":"2026-01-09T15:16:19","modified_gmt":"2026-01-09T15:16:19","slug":"excalibohn","status":"publish","type":"product","link":"https:\/\/veneludica.com\/?product=excalibohn","title":{"rendered":"Excalibohn"},"content":{"rendered":"<p data-start=\"44\" data-end=\"541\">En <strong>Excalibohn<\/strong>, plantas y luego cosechas cartas de jud\u00edas para ganar monedas. Cada jugador comienza con una mano de cartas de jud\u00edas al azar, y cada carta muestra un n\u00famero que indica cu\u00e1ntas cartas de ese tipo existen en el mazo. A diferencia de la mayor\u00eda de los juegos de cartas, <strong data-start=\"328\" data-end=\"387\">no puedes reorganizar el orden de las cartas en tu mano<\/strong>, por lo que debes usarlas en el orden en que las robas del mazo\u2026 a menos que puedas <strong data-start=\"472\" data-end=\"511\">intercambiarlas con otros jugadores<\/strong>, que es el coraz\u00f3n del juego.<\/p>\n<p data-start=\"543\" data-end=\"890\">En tu turno, debes plantar la primera una o dos cartas de tu mano en los \u201ccampos\u201d que tienes delante. Cada campo solo puede contener <strong data-start=\"676\" data-end=\"696\">un tipo de jud\u00eda<\/strong>, as\u00ed que si debes plantar una jud\u00eda que no coincide con ninguna de las que ya tienes, tendr\u00e1s que <strong data-start=\"795\" data-end=\"816\">cosechar un campo<\/strong> para hacer espacio al nuevo cultivo. \u00a1Y eso normalmente no es buena idea!<\/p>\n<p data-start=\"892\" data-end=\"1185\">A continuaci\u00f3n, revelas dos cartas del mazo y puedes intercambiarlas, as\u00ed como cualquier carta de tu mano, con otros jugadores. Incluso puedes hacer <strong data-start=\"1041\" data-end=\"1061\">promesas futuras<\/strong> a cambio de cartas que recibes en ese momento. Eso s\u00ed, todos los intercambios del turno deben involucrar al jugador activo.<\/p>\n<p data-start=\"1187\" data-end=\"1306\">Una vez finalizados los intercambios, terminas tu turno robando cartas del mazo y coloc\u00e1ndolas al <strong data-start=\"1285\" data-end=\"1305\">final de tu mano<\/strong>.<\/p>\n<p data-start=\"1308\" data-end=\"1620\">Cuando cosechas jud\u00edas, recibes monedas seg\u00fan el n\u00famero de cartas en ese campo y el <strong data-start=\"1392\" data-end=\"1408\">\u201cbean\u00f3metro\u201d<\/strong> de ese tipo de jud\u00eda. Gira de 1 a 4 cartas del campo para convertirlas en monedas y coloca el resto en la pila de descarte. Cuando el mazo se agota, se barajan los descartes y se juega el mazo <strong data-start=\"1602\" data-end=\"1619\">dos veces m\u00e1s<\/strong>.<\/p>\n<p data-start=\"1622\" data-end=\"1747\">Al final de la partida, todos los jugadores pueden cosechar sus campos, y <strong data-start=\"1696\" data-end=\"1746\">quien haya ganado m\u00e1s monedas ser\u00e1 el vencedor<\/strong>.<\/p>\n<p data-start=\"1622\" data-end=\"1747\"><a href=\"https:\/\/boardgamegeek.com\/boardgame\/313649\/excalibohn\">PAGINA BGG<\/a><\/p>\n<p><iframe title=\"C\u00f3mo se juega a Bohnanza\" width=\"640\" height=\"360\" src=\"https:\/\/www.youtube.com\/embed\/OtyIrlpgUvE?feature=oembed\" frameborder=\"0\" allow=\"accelerometer; autoplay; clipboard-write; encrypted-media; gyroscope; picture-in-picture; web-share\" referrerpolicy=\"strict-origin-when-cross-origin\" allowfullscreen><\/iframe><\/p>\n","protected":false},"excerpt":{"rendered":"<p>En Excalibohn, plantas y luego cosechas cartas de jud\u00edas para ganar monedas. Cada jugador comienza con una mano de cartas de jud\u00edas al azar, y cada carta muestra un n\u00famero que indica cu\u00e1ntas cartas de ese tipo existen en el mazo. A diferencia de la mayor\u00eda de los juegos de cartas, no puedes reorganizar el orden de las cartas en tu mano, por lo que debes usarlas en el orden&hellip;<\/p>\n","protected":false},"featured_media":5810,"comment_status":"open","ping_status":"closed","template":"","meta":[],"product_brand":[],"product_cat":[88],"product_tag":[155,249],"class_list":{"0":"post-5809","1":"product","2":"type-product","3":"status-publish","4":"has-post-thumbnail","6":"product_cat-familiar","7":"product_tag-cartas","8":"product_tag-negociacion","10":"first","11":"instock","12":"taxable","13":"shipping-taxable","14":"purchasable","15":"product-type-simple"},"jetpack_sharing_enabled":true,"_links":{"self":[{"href":"https:\/\/veneludica.com\/index.php?rest_route=\/wp\/v2\/product\/5809","targetHints":{"allow":["GET"]}}],"collection":[{"href":"https:\/\/veneludica.com\/index.php?rest_route=\/wp\/v2\/product"}],"about":[{"href":"https:\/\/veneludica.com\/index.php?rest_route=\/wp\/v2\/types\/product"}],"replies":[{"embeddable":true,"href":"https:\/\/veneludica.com\/index.php?rest_route=%2Fwp%2Fv2%2Fcomments&post=5809"}],"version-history":[{"count":1,"href":"https:\/\/veneludica.com\/index.php?rest_route=\/wp\/v2\/product\/5809\/revisions"}],"predecessor-version":[{"id":5813,"href":"https:\/\/veneludica.com\/index.php?rest_route=\/wp\/v2\/product\/5809\/revisions\/5813"}],"wp:featuredmedia":[{"embeddable":true,"href":"https:\/\/veneludica.com\/index.php?rest_route=\/wp\/v2\/media\/5810"}],"wp:attachment":[{"href":"https:\/\/veneludica.com\/index.php?rest_route=%2Fwp%2Fv2%2Fmedia&parent=5809"}],"wp:term":[{"taxonomy":"product_brand","embeddable":true,"href":"https:\/\/veneludica.com\/index.php?rest_route=%2Fwp%2Fv2%2Fproduct_brand&post=5809"},{"taxonomy":"product_cat","embeddable":true,"href":"https:\/\/veneludica.com\/index.php?rest_route=%2Fwp%2Fv2%2Fproduct_cat&post=5809"},{"taxonomy":"product_tag","embeddable":true,"href":"https:\/\/veneludica.com\/index.php?rest_route=%2Fwp%2Fv2%2Fproduct_tag&post=5809"}],"curies":[{"name":"wp","href":"https:\/\/api.w.org\/{rel}","templated":true}]}}