{"id":5822,"date":"2026-01-10T03:08:15","date_gmt":"2026-01-10T03:08:15","guid":{"rendered":"https:\/\/veneludica.com\/?post_type=product&#038;p=5822"},"modified":"2026-01-10T03:08:40","modified_gmt":"2026-01-10T03:08:40","slug":"fantasma-blitz-dados","status":"publish","type":"product","link":"https:\/\/veneludica.com\/?product=fantasma-blitz-dados","title":{"rendered":"Fantasma Blitz: dados"},"content":{"rendered":"<p data-start=\"48\" data-end=\"182\"><strong data-start=\"48\" data-end=\"76\">Geistesblitz W\u00fcrfelblitz<\/strong> es un juego ingenioso que pone a prueba los reflejos mentales de los amantes de los dados y la velocidad.<\/p>\n<p data-start=\"184\" data-end=\"525\">Los dados est\u00e1n lanzados. Los jugadores deben identificar en un instante si hay una figura que aparece <strong data-start=\"287\" data-end=\"314\">con especial frecuencia<\/strong> \u2014o <strong data-start=\"318\" data-end=\"340\">especialmente poco<\/strong>\u2014 en los dados. Siguiendo el color indicado, los observadores m\u00e1s r\u00e1pidos podr\u00e1n agarrar <strong data-start=\"429\" data-end=\"446\">el \u00fanico dado<\/strong> que se\u00f1ala cu\u00e1l de los <strong data-start=\"470\" data-end=\"487\">cinco objetos<\/strong> debe atraparse del centro de la mesa.<\/p>\n<p data-start=\"527\" data-end=\"665\">Si todos los dados muestran resultados diferentes, <strong data-start=\"578\" data-end=\"601\">el fantasma Balduin<\/strong> en persona revelar\u00e1 qu\u00e9 objeto se est\u00e1 buscando en ese momento.<\/p>\n<p data-start=\"527\" data-end=\"665\"><a href=\"https:\/\/boardgamegeek.com\/boardgame\/329533\/geistesblitz-wurfelblitz\">PAGINA BGG<\/a><\/p>\n<p><iframe title=\"Conociendo Fantasma Blitz Dados\" width=\"640\" height=\"360\" src=\"https:\/\/www.youtube.com\/embed\/BCQ1OTdzQ2s?feature=oembed\" frameborder=\"0\" allow=\"accelerometer; autoplay; clipboard-write; encrypted-media; gyroscope; picture-in-picture; web-share\" referrerpolicy=\"strict-origin-when-cross-origin\" allowfullscreen><\/iframe><\/p>\n","protected":false},"excerpt":{"rendered":"<p>Geistesblitz W\u00fcrfelblitz es un juego ingenioso que pone a prueba los reflejos mentales de los amantes de los dados y la velocidad. Los dados est\u00e1n lanzados. Los jugadores deben identificar en un instante si hay una figura que aparece con especial frecuencia \u2014o especialmente poco\u2014 en los dados. Siguiendo el color indicado, los observadores m\u00e1s r\u00e1pidos podr\u00e1n agarrar el \u00fanico dado que se\u00f1ala cu\u00e1l de los cinco objetos debe atraparse&hellip;<\/p>\n","protected":false},"featured_media":5823,"comment_status":"open","ping_status":"closed","template":"","meta":[],"product_brand":[],"product_cat":[258,88],"product_tag":[259],"class_list":{"0":"post-5822","1":"product","2":"type-product","3":"status-publish","4":"has-post-thumbnail","6":"product_cat-destreza","7":"product_cat-familiar","8":"product_tag-dadis","10":"first","11":"instock","12":"taxable","13":"shipping-taxable","14":"purchasable","15":"product-type-simple"},"jetpack_sharing_enabled":true,"_links":{"self":[{"href":"https:\/\/veneludica.com\/index.php?rest_route=\/wp\/v2\/product\/5822","targetHints":{"allow":["GET"]}}],"collection":[{"href":"https:\/\/veneludica.com\/index.php?rest_route=\/wp\/v2\/product"}],"about":[{"href":"https:\/\/veneludica.com\/index.php?rest_route=\/wp\/v2\/types\/product"}],"replies":[{"embeddable":true,"href":"https:\/\/veneludica.com\/index.php?rest_route=%2Fwp%2Fv2%2Fcomments&post=5822"}],"version-history":[{"count":2,"href":"https:\/\/veneludica.com\/index.php?rest_route=\/wp\/v2\/product\/5822\/revisions"}],"predecessor-version":[{"id":5828,"href":"https:\/\/veneludica.com\/index.php?rest_route=\/wp\/v2\/product\/5822\/revisions\/5828"}],"wp:featuredmedia":[{"embeddable":true,"href":"https:\/\/veneludica.com\/index.php?rest_route=\/wp\/v2\/media\/5823"}],"wp:attachment":[{"href":"https:\/\/veneludica.com\/index.php?rest_route=%2Fwp%2Fv2%2Fmedia&parent=5822"}],"wp:term":[{"taxonomy":"product_brand","embeddable":true,"href":"https:\/\/veneludica.com\/index.php?rest_route=%2Fwp%2Fv2%2Fproduct_brand&post=5822"},{"taxonomy":"product_cat","embeddable":true,"href":"https:\/\/veneludica.com\/index.php?rest_route=%2Fwp%2Fv2%2Fproduct_cat&post=5822"},{"taxonomy":"product_tag","embeddable":true,"href":"https:\/\/veneludica.com\/index.php?rest_route=%2Fwp%2Fv2%2Fproduct_tag&post=5822"}],"curies":[{"name":"wp","href":"https:\/\/api.w.org\/{rel}","templated":true}]}}