{"id":5829,"date":"2026-01-10T03:16:26","date_gmt":"2026-01-10T03:16:26","guid":{"rendered":"https:\/\/veneludica.com\/?post_type=product&#038;p=5829"},"modified":"2026-01-10T03:16:26","modified_gmt":"2026-01-10T03:16:26","slug":"faraway","status":"publish","type":"product","link":"https:\/\/veneludica.com\/?product=faraway","title":{"rendered":"Faraway"},"content":{"rendered":"<p data-start=\"48\" data-end=\"384\"><strong data-start=\"48\" data-end=\"70\">Bienvenido a Alula<\/strong>, un continente misterioso cuya geograf\u00eda cambia constantemente, moldeada por el ritmo de las estaciones. M\u00e1s all\u00e1 del Mar de las Brumas se extiende el enigm\u00e1tico continente de Alula. Recorre sus tierras en busca de secretos, conoce a sus habitantes y registra sus maravillas para ganar m\u00e1s fama que tus oponentes.<\/p>\n<p data-start=\"386\" data-end=\"1005\">A lo largo de una partida de <strong data-start=\"415\" data-end=\"426\">Faraway<\/strong>, jugar\u00e1s una fila de <strong data-start=\"448\" data-end=\"460\">8 cartas<\/strong> frente a ti, de izquierda a derecha. Estas cartas representan las regiones que atravesar\u00e1s durante tu exploraci\u00f3n. Los personajes de estas cartas te otorgar\u00e1n puntos de victoria si m\u00e1s adelante cumples las condiciones que exigen. Al final de la partida, recorrer\u00e1s el camino de regreso, puntuando las cartas en el <strong data-start=\"775\" data-end=\"792\">orden inverso<\/strong> al que fueron jugadas. Aqu\u00ed reside el n\u00facleo de la experiencia de juego. Durante la partida, las cartas que juegues servir\u00e1n tanto para establecer nuevos objetivos como para cumplir los que colocaste previamente.<\/p>\n<p data-start=\"1007\" data-end=\"1385\">En cada turno, juegas una carta de tu mano de <strong data-start=\"1053\" data-end=\"1058\">3<\/strong> y luego robas una nueva carta de un <strong data-start=\"1095\" data-end=\"1124\">r\u00edo de cartas boca arriba<\/strong>. Como el juego es simult\u00e1neo en <em data-start=\"1157\" data-end=\"1166\">Faraway<\/em>, deber\u00e1s tener en cuenta un ingenioso sistema de prioridad en todas tus decisiones: ser el \u00faltimo en elegir una carta te dejar\u00e1 con menos opciones y, a menudo, con elecciones menos rentables para los turnos siguientes.<\/p>\n<p data-start=\"1007\" data-end=\"1385\"><a href=\"https:\/\/boardgamegeek.com\/boardgame\/385761\/faraway\">PAGINA BGG<\/a><\/p>\n<p><iframe title=\"Conociendo Faraway\" width=\"640\" height=\"360\" src=\"https:\/\/www.youtube.com\/embed\/NJgSw3544hY?feature=oembed\" frameborder=\"0\" allow=\"accelerometer; autoplay; clipboard-write; encrypted-media; gyroscope; picture-in-picture; web-share\" referrerpolicy=\"strict-origin-when-cross-origin\" allowfullscreen><\/iframe><\/p>\n","protected":false},"excerpt":{"rendered":"<p>Bienvenido a Alula, un continente misterioso cuya geograf\u00eda cambia constantemente, moldeada por el ritmo de las estaciones. M\u00e1s all\u00e1 del Mar de las Brumas se extiende el enigm\u00e1tico continente de Alula. Recorre sus tierras en busca de secretos, conoce a sus habitantes y registra sus maravillas para ganar m\u00e1s fama que tus oponentes. A lo largo de una partida de Faraway, jugar\u00e1s una fila de 8 cartas frente a ti,&hellip;<\/p>\n","protected":false},"featured_media":5830,"comment_status":"open","ping_status":"closed","template":"","meta":[],"product_brand":[],"product_cat":[88],"product_tag":[90,221],"class_list":{"0":"post-5829","1":"product","2":"type-product","3":"status-publish","4":"has-post-thumbnail","6":"product_cat-familiar","7":"product_tag-fantasia","8":"product_tag-puzzle","10":"first","11":"instock","12":"taxable","13":"shipping-taxable","14":"purchasable","15":"product-type-simple"},"jetpack_sharing_enabled":true,"_links":{"self":[{"href":"https:\/\/veneludica.com\/index.php?rest_route=\/wp\/v2\/product\/5829","targetHints":{"allow":["GET"]}}],"collection":[{"href":"https:\/\/veneludica.com\/index.php?rest_route=\/wp\/v2\/product"}],"about":[{"href":"https:\/\/veneludica.com\/index.php?rest_route=\/wp\/v2\/types\/product"}],"replies":[{"embeddable":true,"href":"https:\/\/veneludica.com\/index.php?rest_route=%2Fwp%2Fv2%2Fcomments&post=5829"}],"version-history":[{"count":1,"href":"https:\/\/veneludica.com\/index.php?rest_route=\/wp\/v2\/product\/5829\/revisions"}],"predecessor-version":[{"id":5832,"href":"https:\/\/veneludica.com\/index.php?rest_route=\/wp\/v2\/product\/5829\/revisions\/5832"}],"wp:featuredmedia":[{"embeddable":true,"href":"https:\/\/veneludica.com\/index.php?rest_route=\/wp\/v2\/media\/5830"}],"wp:attachment":[{"href":"https:\/\/veneludica.com\/index.php?rest_route=%2Fwp%2Fv2%2Fmedia&parent=5829"}],"wp:term":[{"taxonomy":"product_brand","embeddable":true,"href":"https:\/\/veneludica.com\/index.php?rest_route=%2Fwp%2Fv2%2Fproduct_brand&post=5829"},{"taxonomy":"product_cat","embeddable":true,"href":"https:\/\/veneludica.com\/index.php?rest_route=%2Fwp%2Fv2%2Fproduct_cat&post=5829"},{"taxonomy":"product_tag","embeddable":true,"href":"https:\/\/veneludica.com\/index.php?rest_route=%2Fwp%2Fv2%2Fproduct_tag&post=5829"}],"curies":[{"name":"wp","href":"https:\/\/api.w.org\/{rel}","templated":true}]}}