{"id":5833,"date":"2026-01-10T03:20:00","date_gmt":"2026-01-10T03:20:00","guid":{"rendered":"https:\/\/veneludica.com\/?post_type=product&#038;p=5833"},"modified":"2026-01-10T03:20:00","modified_gmt":"2026-01-10T03:20:00","slug":"feed-the-kraken","status":"publish","type":"product","link":"https:\/\/veneludica.com\/?product=feed-the-kraken","title":{"rendered":"Feed the Kraken"},"content":{"rendered":"<p data-start=\"48\" data-end=\"619\"><strong data-start=\"48\" data-end=\"67\">Feed the Kraken<\/strong> es un juego de deducci\u00f3n de roles ocultos con <strong data-start=\"114\" data-end=\"144\">tres facciones asim\u00e9tricas<\/strong>. Aunque todos los jugadores viajan en el mismo barco, \u00a1cada uno quiere llevarlo en una direcci\u00f3n distinta!<br data-start=\"251\" data-end=\"254\" \/>Los <strong data-start=\"258\" data-end=\"278\">marineros leales<\/strong> deben conducir la nave a salvo hasta tierra firme; los <strong data-start=\"334\" data-end=\"345\">piratas<\/strong> ans\u00edan maniobrarla en secreto hacia el <strong data-start=\"385\" data-end=\"414\">Tri\u00e1ngulo de las Bermudas<\/strong>; mientras tanto, un <strong data-start=\"435\" data-end=\"459\">cultista enloquecido<\/strong> intenta convencer a parte de la tripulaci\u00f3n para ayudarle a invocar a su oscuro se\u00f1or \u2014el <strong data-start=\"550\" data-end=\"560\">Kraken<\/strong>\u2014 desde las profundidades del mar para \u201csalvarlos\u201d a todos.<\/p>\n<p data-start=\"621\" data-end=\"1260\">El objetivo del juego es dirigir el barco hasta tu destino final, algo que ser\u00eda sencillo si los jugadores no estuvieran divididos en <strong data-start=\"755\" data-end=\"784\">tres facciones diferentes<\/strong>. Cada facci\u00f3n secreta quiere llegar a una zona distinta del tablero. En cada turno, el barco navegar\u00e1 en una de <strong data-start=\"897\" data-end=\"926\">tres direcciones posibles<\/strong>\u2026 pero \u00bfcu\u00e1l ser\u00e1? El <strong data-start=\"948\" data-end=\"959\">capit\u00e1n<\/strong> actual y su <strong data-start=\"972\" data-end=\"984\">teniente<\/strong> elegido estudiar\u00e1n antiguos mapas marinos y transmitir\u00e1n sus \u00f3rdenes \u2014a menudo contradictorias\u2014 al <strong data-start=\"1084\" data-end=\"1097\">navegante<\/strong>, quien debe tomar la decisi\u00f3n final. Mientras tanto, el resto de la tripulaci\u00f3n se dedica a beber ron, apostar y contarse historias de antiguos monstruos marinos.<\/p>\n<p data-start=\"1262\" data-end=\"1924\">Tras cada navegaci\u00f3n, el teniente y el navegante dejan su puesto, y el capit\u00e1n debe encontrar a alguien lo bastante sobrio para reemplazarlos. Todos pueden debatir sobre qu\u00e9 tal fue la \u00faltima maniobra, qui\u00e9n es el culpable del rumbo actual y qui\u00e9n deber\u00eda estar al mando en el futuro. \u00a1Convence a tus enemigos de que lo mejor para ellos es convertirte en el pr\u00f3ximo teniente o navegante! Incluso puedes <strong data-start=\"1665\" data-end=\"1712\">desenfundar las pistolas y liderar un mot\u00edn<\/strong> para convertirte en el nuevo capit\u00e1n.<br data-start=\"1750\" data-end=\"1753\" \/>Pero \u00bfcu\u00e1nto tiempo lograr\u00e1s conservar la confianza de la tripulaci\u00f3n? El pr\u00f3ximo mot\u00edn podr\u00eda estar esper\u00e1ndote si tus decisiones no complacen a tus compa\u00f1eros marineros.<\/p>\n<p data-start=\"1262\" data-end=\"1924\"><a href=\"https:\/\/boardgamegeek.com\/boardgame\/271601\/feed-the-kraken\">PAGINA BGG<\/a><\/p>\n<p><iframe title=\"Conociendo Feed The Kraken\" width=\"640\" height=\"360\" src=\"https:\/\/www.youtube.com\/embed\/-dGQLcMRbZE?feature=oembed\" frameborder=\"0\" allow=\"accelerometer; autoplay; clipboard-write; encrypted-media; gyroscope; picture-in-picture; web-share\" referrerpolicy=\"strict-origin-when-cross-origin\" allowfullscreen><\/iframe><\/p>\n","protected":false},"excerpt":{"rendered":"<p>Feed the Kraken es un juego de deducci\u00f3n de roles ocultos con tres facciones asim\u00e9tricas. Aunque todos los jugadores viajan en el mismo barco, \u00a1cada uno quiere llevarlo en una direcci\u00f3n distinta!Los marineros leales deben conducir la nave a salvo hasta tierra firme; los piratas ans\u00edan maniobrarla en secreto hacia el Tri\u00e1ngulo de las Bermudas; mientras tanto, un cultista enloquecido intenta convencer a parte de la tripulaci\u00f3n para ayudarle a&hellip;<\/p>\n","protected":false},"featured_media":5834,"comment_status":"open","ping_status":"closed","template":"","meta":[],"product_brand":[],"product_cat":[88,82,203],"product_tag":[90],"class_list":{"0":"post-5833","1":"product","2":"type-product","3":"status-publish","4":"has-post-thumbnail","6":"product_cat-familiar","7":"product_cat-mentir-bluffing","8":"product_cat-tematico","9":"product_tag-fantasia","11":"first","12":"instock","13":"taxable","14":"shipping-taxable","15":"purchasable","16":"product-type-simple"},"jetpack_sharing_enabled":true,"_links":{"self":[{"href":"https:\/\/veneludica.com\/index.php?rest_route=\/wp\/v2\/product\/5833","targetHints":{"allow":["GET"]}}],"collection":[{"href":"https:\/\/veneludica.com\/index.php?rest_route=\/wp\/v2\/product"}],"about":[{"href":"https:\/\/veneludica.com\/index.php?rest_route=\/wp\/v2\/types\/product"}],"replies":[{"embeddable":true,"href":"https:\/\/veneludica.com\/index.php?rest_route=%2Fwp%2Fv2%2Fcomments&post=5833"}],"version-history":[{"count":1,"href":"https:\/\/veneludica.com\/index.php?rest_route=\/wp\/v2\/product\/5833\/revisions"}],"predecessor-version":[{"id":5835,"href":"https:\/\/veneludica.com\/index.php?rest_route=\/wp\/v2\/product\/5833\/revisions\/5835"}],"wp:featuredmedia":[{"embeddable":true,"href":"https:\/\/veneludica.com\/index.php?rest_route=\/wp\/v2\/media\/5834"}],"wp:attachment":[{"href":"https:\/\/veneludica.com\/index.php?rest_route=%2Fwp%2Fv2%2Fmedia&parent=5833"}],"wp:term":[{"taxonomy":"product_brand","embeddable":true,"href":"https:\/\/veneludica.com\/index.php?rest_route=%2Fwp%2Fv2%2Fproduct_brand&post=5833"},{"taxonomy":"product_cat","embeddable":true,"href":"https:\/\/veneludica.com\/index.php?rest_route=%2Fwp%2Fv2%2Fproduct_cat&post=5833"},{"taxonomy":"product_tag","embeddable":true,"href":"https:\/\/veneludica.com\/index.php?rest_route=%2Fwp%2Fv2%2Fproduct_tag&post=5833"}],"curies":[{"name":"wp","href":"https:\/\/api.w.org\/{rel}","templated":true}]}}