{"id":5836,"date":"2026-01-10T03:24:06","date_gmt":"2026-01-10T03:24:06","guid":{"rendered":"https:\/\/veneludica.com\/?post_type=product&#038;p=5836"},"modified":"2026-01-10T03:24:06","modified_gmt":"2026-01-10T03:24:06","slug":"flamme-rouge","status":"publish","type":"product","link":"https:\/\/veneludica.com\/?product=flamme-rouge","title":{"rendered":"Flamme Rouge"},"content":{"rendered":"<p data-start=\"48\" data-end=\"325\">La emoci\u00f3n se palpa en el ambiente mientras los l\u00edderes toman la \u00faltima curva y se lanzan hacia la l\u00ednea de meta. Cada equipo ha usado astucia y habilidad para colocar a su velocista en el momento decisivo, \u00a1pero solo uno habr\u00e1 hecho lo suficiente para alzarse con la victoria!<\/p>\n<p data-start=\"327\" data-end=\"515\">\u00bfLiderar\u00e1s desde el frente arriesg\u00e1ndote al agotamiento?<br data-start=\"383\" data-end=\"386\" \/>\u00bfJugar\u00e1s con cautela en el pelot\u00f3n?<br data-start=\"421\" data-end=\"424\" \/>\u00bfSorprender\u00e1s a todos atacando desde atr\u00e1s?<br data-start=\"467\" data-end=\"470\" \/>\u00bfSer\u00e1s capaz de calcular el momento perfecto?<\/p>\n<p data-start=\"517\" data-end=\"581\">\u00a1Cualquiera puede correr, pero pocos se convierten en campeones!<\/p>\n<p data-start=\"583\" data-end=\"1129\"><strong data-start=\"583\" data-end=\"599\">Flamme Rouge<\/strong> es un juego de carreras de ciclismo r\u00e1pido y t\u00e1ctico en el que cada jugador controla un equipo de <strong data-start=\"698\" data-end=\"715\">dos ciclistas<\/strong>: un <strong data-start=\"720\" data-end=\"741\">Rodador (Rouleur)<\/strong> y un <strong data-start=\"747\" data-end=\"772\">Velocista (Sprinteur)<\/strong>. El objetivo es ser el primero en cruzar la l\u00ednea de meta con uno de tus corredores.<br data-start=\"857\" data-end=\"860\" \/>Los jugadores avanzan a sus ciclistas robando y jugando cartas del mazo espec\u00edfico de cada uno, agot\u00e1ndolo progresivamente. Aprovecha los <strong data-start=\"998\" data-end=\"1009\">rebufos<\/strong> para evitar el cansancio y posiciona a tu equipo para lanzar un sprint final perfectamente calculado hacia la victoria.<\/p>\n<p data-start=\"583\" data-end=\"1129\"><a href=\"https:\/\/boardgamegeek.com\/boardgame\/199478\/flamme-rouge\">PAGINA BGG<\/a><\/p>\n<p><iframe title=\"Flamme Rouge - Comentarios y C\u00f3mo Jugar\" width=\"640\" height=\"360\" src=\"https:\/\/www.youtube.com\/embed\/ilpWxU6wlwc?feature=oembed\" frameborder=\"0\" allow=\"accelerometer; autoplay; clipboard-write; encrypted-media; gyroscope; picture-in-picture; web-share\" referrerpolicy=\"strict-origin-when-cross-origin\" allowfullscreen><\/iframe><\/p>\n","protected":false},"excerpt":{"rendered":"<p>La emoci\u00f3n se palpa en el ambiente mientras los l\u00edderes toman la \u00faltima curva y se lanzan hacia la l\u00ednea de meta. Cada equipo ha usado astucia y habilidad para colocar a su velocista en el momento decisivo, \u00a1pero solo uno habr\u00e1 hecho lo suficiente para alzarse con la victoria! \u00bfLiderar\u00e1s desde el frente arriesg\u00e1ndote al agotamiento?\u00bfJugar\u00e1s con cautela en el pelot\u00f3n?\u00bfSorprender\u00e1s a todos atacando desde atr\u00e1s?\u00bfSer\u00e1s capaz de calcular&hellip;<\/p>\n","protected":false},"featured_media":5837,"comment_status":"open","ping_status":"closed","template":"","meta":[],"product_brand":[],"product_cat":[71,88],"product_tag":[],"class_list":{"0":"post-5836","1":"product","2":"type-product","3":"status-publish","4":"has-post-thumbnail","6":"product_cat-carreras","7":"product_cat-familiar","9":"first","10":"instock","11":"taxable","12":"shipping-taxable","13":"purchasable","14":"product-type-simple"},"jetpack_sharing_enabled":true,"_links":{"self":[{"href":"https:\/\/veneludica.com\/index.php?rest_route=\/wp\/v2\/product\/5836","targetHints":{"allow":["GET"]}}],"collection":[{"href":"https:\/\/veneludica.com\/index.php?rest_route=\/wp\/v2\/product"}],"about":[{"href":"https:\/\/veneludica.com\/index.php?rest_route=\/wp\/v2\/types\/product"}],"replies":[{"embeddable":true,"href":"https:\/\/veneludica.com\/index.php?rest_route=%2Fwp%2Fv2%2Fcomments&post=5836"}],"version-history":[{"count":1,"href":"https:\/\/veneludica.com\/index.php?rest_route=\/wp\/v2\/product\/5836\/revisions"}],"predecessor-version":[{"id":5839,"href":"https:\/\/veneludica.com\/index.php?rest_route=\/wp\/v2\/product\/5836\/revisions\/5839"}],"wp:featuredmedia":[{"embeddable":true,"href":"https:\/\/veneludica.com\/index.php?rest_route=\/wp\/v2\/media\/5837"}],"wp:attachment":[{"href":"https:\/\/veneludica.com\/index.php?rest_route=%2Fwp%2Fv2%2Fmedia&parent=5836"}],"wp:term":[{"taxonomy":"product_brand","embeddable":true,"href":"https:\/\/veneludica.com\/index.php?rest_route=%2Fwp%2Fv2%2Fproduct_brand&post=5836"},{"taxonomy":"product_cat","embeddable":true,"href":"https:\/\/veneludica.com\/index.php?rest_route=%2Fwp%2Fv2%2Fproduct_cat&post=5836"},{"taxonomy":"product_tag","embeddable":true,"href":"https:\/\/veneludica.com\/index.php?rest_route=%2Fwp%2Fv2%2Fproduct_tag&post=5836"}],"curies":[{"name":"wp","href":"https:\/\/api.w.org\/{rel}","templated":true}]}}