{"id":5840,"date":"2026-01-10T03:28:41","date_gmt":"2026-01-10T03:28:41","guid":{"rendered":"https:\/\/veneludica.com\/?post_type=product&#038;p=5840"},"modified":"2026-01-10T03:28:41","modified_gmt":"2026-01-10T03:28:41","slug":"forest-shuffle","status":"publish","type":"product","link":"https:\/\/veneludica.com\/?product=forest-shuffle","title":{"rendered":"Forest Shuffle"},"content":{"rendered":"<p data-start=\"48\" data-end=\"264\">En <strong data-start=\"51\" data-end=\"69\">Forest Shuffle<\/strong>, los jugadores compiten por reunir los <strong data-start=\"109\" data-end=\"133\">\u00e1rboles m\u00e1s valiosos<\/strong> y, a continuaci\u00f3n, atraer <strong data-start=\"160\" data-end=\"172\">especies<\/strong> a esos \u00e1rboles, creando as\u00ed un h\u00e1bitat ecol\u00f3gicamente equilibrado para la flora y la fauna.<\/p>\n<p data-start=\"266\" data-end=\"585\">Al comienzo de la partida, cada jugador tiene <strong data-start=\"312\" data-end=\"338\">seis cartas en la mano<\/strong>. Las cartas representan <strong data-start=\"363\" data-end=\"392\">un tipo concreto de \u00e1rbol<\/strong> o <strong data-start=\"395\" data-end=\"424\">dos habitantes del bosque<\/strong> (animales, plantas, hongos, etc.). Estas \u00faltimas est\u00e1n divididas en dos mitades \u2014ya sea vertical u horizontalmente\u2014, con un habitante en cada mitad de la carta.<\/p>\n<p data-start=\"587\" data-end=\"620\">En tu turno, puedes elegir entre:<\/p>\n<ul data-start=\"621\" data-end=\"807\">\n<li data-start=\"621\" data-end=\"721\">\n<p data-start=\"623\" data-end=\"721\"><strong data-start=\"623\" data-end=\"643\">Robar dos cartas<\/strong>, ya sea boca abajo del mazo o boca arriba del claro, y a\u00f1adirlas a tu mano; o<\/p>\n<\/li>\n<li data-start=\"722\" data-end=\"807\">\n<p data-start=\"724\" data-end=\"807\"><strong data-start=\"724\" data-end=\"754\">Jugar una carta de tu mano<\/strong>, pagando su coste y coloc\u00e1ndola en tu \u00e1rea de juego.<\/p>\n<\/li>\n<\/ul>\n<p data-start=\"809\" data-end=\"1137\">Durante la preparaci\u00f3n de la partida, se colocan <strong data-start=\"858\" data-end=\"885\">tres cartas de invierno<\/strong> en el tercio inferior del mazo. Cuando se roba la <strong data-start=\"936\" data-end=\"965\">tercera carta de invierno<\/strong>, la partida termina inmediatamente y los jugadores <strong data-start=\"1017\" data-end=\"1028\">punt\u00faan<\/strong> en funci\u00f3n de los \u00e1rboles y habitantes que haya en su bosque.<br data-start=\"1090\" data-end=\"1093\" \/>El jugador con <strong data-start=\"1108\" data-end=\"1122\">m\u00e1s puntos<\/strong> es el ganador.<\/p>\n<p data-start=\"809\" data-end=\"1137\"><a href=\"https:\/\/boardgamegeek.com\/boardgame\/391163\/forest-shuffle\">PAGINA BGG<\/a><\/p>\n<p><iframe title=\"Conociendo Forest Shuffle\" width=\"640\" height=\"360\" src=\"https:\/\/www.youtube.com\/embed\/vgRd2hKbHPE?feature=oembed\" frameborder=\"0\" allow=\"accelerometer; autoplay; clipboard-write; encrypted-media; gyroscope; picture-in-picture; web-share\" referrerpolicy=\"strict-origin-when-cross-origin\" allowfullscreen><\/iframe><\/p>\n","protected":false},"excerpt":{"rendered":"<p>En Forest Shuffle, los jugadores compiten por reunir los \u00e1rboles m\u00e1s valiosos y, a continuaci\u00f3n, atraer especies a esos \u00e1rboles, creando as\u00ed un h\u00e1bitat ecol\u00f3gicamente equilibrado para la flora y la fauna. Al comienzo de la partida, cada jugador tiene seis cartas en la mano. Las cartas representan un tipo concreto de \u00e1rbol o dos habitantes del bosque (animales, plantas, hongos, etc.). Estas \u00faltimas est\u00e1n divididas en dos mitades \u2014ya&hellip;<\/p>\n","protected":false},"featured_media":5841,"comment_status":"open","ping_status":"closed","template":"","meta":[],"product_brand":[],"product_cat":[84,88],"product_tag":[85,155],"class_list":{"0":"post-5840","1":"product","2":"type-product","3":"status-publish","4":"has-post-thumbnail","6":"product_cat-estrategia","7":"product_cat-familiar","8":"product_tag-animales","9":"product_tag-cartas","11":"first","12":"instock","13":"taxable","14":"shipping-taxable","15":"purchasable","16":"product-type-simple"},"jetpack_sharing_enabled":true,"_links":{"self":[{"href":"https:\/\/veneludica.com\/index.php?rest_route=\/wp\/v2\/product\/5840","targetHints":{"allow":["GET"]}}],"collection":[{"href":"https:\/\/veneludica.com\/index.php?rest_route=\/wp\/v2\/product"}],"about":[{"href":"https:\/\/veneludica.com\/index.php?rest_route=\/wp\/v2\/types\/product"}],"replies":[{"embeddable":true,"href":"https:\/\/veneludica.com\/index.php?rest_route=%2Fwp%2Fv2%2Fcomments&post=5840"}],"version-history":[{"count":1,"href":"https:\/\/veneludica.com\/index.php?rest_route=\/wp\/v2\/product\/5840\/revisions"}],"predecessor-version":[{"id":5844,"href":"https:\/\/veneludica.com\/index.php?rest_route=\/wp\/v2\/product\/5840\/revisions\/5844"}],"wp:featuredmedia":[{"embeddable":true,"href":"https:\/\/veneludica.com\/index.php?rest_route=\/wp\/v2\/media\/5841"}],"wp:attachment":[{"href":"https:\/\/veneludica.com\/index.php?rest_route=%2Fwp%2Fv2%2Fmedia&parent=5840"}],"wp:term":[{"taxonomy":"product_brand","embeddable":true,"href":"https:\/\/veneludica.com\/index.php?rest_route=%2Fwp%2Fv2%2Fproduct_brand&post=5840"},{"taxonomy":"product_cat","embeddable":true,"href":"https:\/\/veneludica.com\/index.php?rest_route=%2Fwp%2Fv2%2Fproduct_cat&post=5840"},{"taxonomy":"product_tag","embeddable":true,"href":"https:\/\/veneludica.com\/index.php?rest_route=%2Fwp%2Fv2%2Fproduct_tag&post=5840"}],"curies":[{"name":"wp","href":"https:\/\/api.w.org\/{rel}","templated":true}]}}