{"id":5852,"date":"2026-01-10T03:36:57","date_gmt":"2026-01-10T03:36:57","guid":{"rendered":"https:\/\/veneludica.com\/?post_type=product&#038;p=5852"},"modified":"2026-01-10T03:36:57","modified_gmt":"2026-01-10T03:36:57","slug":"5852","status":"publish","type":"product","link":"https:\/\/veneludica.com\/?product=5852","title":{"rendered":""},"content":{"rendered":"<p data-start=\"48\" data-end=\"143\">\u00a1Has suplicado y rogado a tus padres y por fin\u2026 <strong data-start=\"96\" data-end=\"142\">ha llegado el momento de tener una mascota<\/strong>!<\/p>\n<p data-start=\"145\" data-end=\"310\"><strong data-start=\"145\" data-end=\"166\">Fort: Cats &amp; Dogs<\/strong> es una expansi\u00f3n que a\u00f1ade <strong data-start=\"194\" data-end=\"209\">dos m\u00f3dulos<\/strong> al juego base <em data-start=\"224\" data-end=\"230\">Fort<\/em>: <strong data-start=\"232\" data-end=\"242\">perros<\/strong> y <strong data-start=\"245\" data-end=\"254\">gatos<\/strong>. Puedes usar <strong data-start=\"268\" data-end=\"292\">uno, ambos o ninguno<\/strong>, seg\u00fan prefieras.<\/p>\n<p data-start=\"312\" data-end=\"593\"><strong data-start=\"312\" data-end=\"326\">Los perros<\/strong> son leales. Cuando juegas uno, normalmente ir\u00e1 a tu <strong data-start=\"379\" data-end=\"389\">caseta<\/strong>, pero son exigentes: solo puedes jugar un perro si <strong data-start=\"441\" data-end=\"468\">cumples sus necesidades<\/strong>. Si descuidas a un perro, <strong data-start=\"495\" data-end=\"510\">se escapar\u00e1<\/strong>. Al final de la partida, <strong data-start=\"536\" data-end=\"592\">quien tenga m\u00e1s perros en su caseta obtiene 7 puntos<\/strong>.<\/p>\n<p data-start=\"595\" data-end=\"932\"><strong data-start=\"595\" data-end=\"608\">Los gatos<\/strong> son caprichosos. Sus acciones se activan en <strong data-start=\"653\" data-end=\"675\">momentos concretos<\/strong> y se mueven mucho. Los gatos se <strong data-start=\"708\" data-end=\"746\">sentir\u00e1n atra\u00eddos por otro jugador<\/strong> si su patio tiene cartas de <strong data-start=\"775\" data-end=\"796\">palos espec\u00edficos<\/strong>, incluso aunque el due\u00f1o actual tambi\u00e9n los tenga. Eso s\u00ed, <strong data-start=\"856\" data-end=\"931\">cuantos m\u00e1s gatos tengas al final de la partida, m\u00e1s puntos conseguir\u00e1s<\/strong>.<\/p>\n<p data-start=\"595\" data-end=\"932\"><a href=\"https:\/\/boardgamegeek.com\/boardgame\/341066\/fort-cats-and-dogs-expansion\">PAGINA BGG<\/a><\/p>\n<p><iframe title=\"FORT EXPANSI\u00d3N: PERROS Y GATOS - COMO SE JUEGA\" width=\"640\" height=\"360\" src=\"https:\/\/www.youtube.com\/embed\/-dFseBEQkZQ?feature=oembed\" frameborder=\"0\" allow=\"accelerometer; autoplay; clipboard-write; encrypted-media; gyroscope; picture-in-picture; web-share\" referrerpolicy=\"strict-origin-when-cross-origin\" allowfullscreen><\/iframe><\/p>\n","protected":false},"excerpt":{"rendered":"<p>\u00a1Has suplicado y rogado a tus padres y por fin\u2026 ha llegado el momento de tener una mascota! Fort: Cats &amp; Dogs es una expansi\u00f3n que a\u00f1ade dos m\u00f3dulos al juego base Fort: perros y gatos. Puedes usar uno, ambos o ninguno, seg\u00fan prefieras. Los perros son leales. Cuando juegas uno, normalmente ir\u00e1 a tu caseta, pero son exigentes: solo puedes jugar un perro si cumples sus necesidades. Si descuidas&hellip;<\/p>\n","protected":false},"featured_media":5853,"comment_status":"open","ping_status":"closed","template":"","meta":[],"product_brand":[],"product_cat":[84,141],"product_tag":[144],"class_list":{"0":"post-5852","1":"product","2":"type-product","3":"status-publish","4":"has-post-thumbnail","6":"product_cat-estrategia","7":"product_cat-expansion","8":"product_tag-expansion","10":"first","11":"instock","12":"taxable","13":"shipping-taxable","14":"purchasable","15":"product-type-simple"},"jetpack_sharing_enabled":true,"_links":{"self":[{"href":"https:\/\/veneludica.com\/index.php?rest_route=\/wp\/v2\/product\/5852","targetHints":{"allow":["GET"]}}],"collection":[{"href":"https:\/\/veneludica.com\/index.php?rest_route=\/wp\/v2\/product"}],"about":[{"href":"https:\/\/veneludica.com\/index.php?rest_route=\/wp\/v2\/types\/product"}],"replies":[{"embeddable":true,"href":"https:\/\/veneludica.com\/index.php?rest_route=%2Fwp%2Fv2%2Fcomments&post=5852"}],"version-history":[{"count":1,"href":"https:\/\/veneludica.com\/index.php?rest_route=\/wp\/v2\/product\/5852\/revisions"}],"predecessor-version":[{"id":5855,"href":"https:\/\/veneludica.com\/index.php?rest_route=\/wp\/v2\/product\/5852\/revisions\/5855"}],"wp:featuredmedia":[{"embeddable":true,"href":"https:\/\/veneludica.com\/index.php?rest_route=\/wp\/v2\/media\/5853"}],"wp:attachment":[{"href":"https:\/\/veneludica.com\/index.php?rest_route=%2Fwp%2Fv2%2Fmedia&parent=5852"}],"wp:term":[{"taxonomy":"product_brand","embeddable":true,"href":"https:\/\/veneludica.com\/index.php?rest_route=%2Fwp%2Fv2%2Fproduct_brand&post=5852"},{"taxonomy":"product_cat","embeddable":true,"href":"https:\/\/veneludica.com\/index.php?rest_route=%2Fwp%2Fv2%2Fproduct_cat&post=5852"},{"taxonomy":"product_tag","embeddable":true,"href":"https:\/\/veneludica.com\/index.php?rest_route=%2Fwp%2Fv2%2Fproduct_tag&post=5852"}],"curies":[{"name":"wp","href":"https:\/\/api.w.org\/{rel}","templated":true}]}}