{"id":5863,"date":"2026-01-10T03:46:50","date_gmt":"2026-01-10T03:46:50","guid":{"rendered":"https:\/\/veneludica.com\/?post_type=product&#038;p=5863"},"modified":"2026-01-10T03:47:31","modified_gmt":"2026-01-10T03:47:31","slug":"5863","status":"publish","type":"product","link":"https:\/\/veneludica.com\/?product=5863","title":{"rendered":"Fuji Koro"},"content":{"rendered":"<p data-start=\"83\" data-end=\"200\"><strong data-start=\"83\" data-end=\"96\">Fuji Koro<\/strong> se puede jugar en <strong data-start=\"115\" data-end=\"135\">modo competitivo<\/strong> de 2 a 6 jugadores o en <strong data-start=\"160\" data-end=\"180\">modo cooperativo<\/strong> de 1 a 6 jugadores.<\/p>\n<p data-start=\"202\" data-end=\"597\">Los jugadores intentar\u00e1n <strong data-start=\"227\" data-end=\"283\">reunir pergaminos sagrados y planos de armas m\u00e1gicas<\/strong>, recolectar recursos, <strong data-start=\"306\" data-end=\"342\">fabricar el mejor equipo posible<\/strong> y <strong data-start=\"345\" data-end=\"396\">salir del volc\u00e1n antes de que entre en erupci\u00f3n<\/strong>. Para complicar las cosas, los jugadores se encontrar\u00e1n con <strong data-start=\"457\" data-end=\"481\">fant\u00e1sticos dragones<\/strong> durante su recorrido por el volc\u00e1n, a los que deber\u00e1n <strong data-start=\"536\" data-end=\"596\">derrotar por s\u00ed mismos o con la ayuda de otros jugadores<\/strong>.<\/p>\n<p data-start=\"599\" data-end=\"813\">La partida contin\u00faa hasta la <strong data-start=\"628\" data-end=\"652\">fase final del juego<\/strong>, que se activa cuando un jugador alcanza <strong data-start=\"694\" data-end=\"719\">30 puntos de victoria<\/strong>. Una vez que esto ocurre, los jugadores tendr\u00e1n <strong data-start=\"768\" data-end=\"812\">8 turnos finales para escapar del volc\u00e1n<\/strong>.<\/p>\n<p data-start=\"815\" data-end=\"1071\">Para ganar, un jugador deber\u00e1 obtener la <strong data-start=\"856\" data-end=\"896\">mayor cantidad de puntos de victoria<\/strong> derrotando dragones, explorando la cueva, fabricando las armas correctas y llevando equipo m\u00e1gico, <strong data-start=\"996\" data-end=\"1038\">colmillos de drag\u00f3n y monjes al Sh\u014dgun<\/strong> durante la fase final del juego.<\/p>\n<p data-start=\"815\" data-end=\"1071\"><a href=\"https:\/\/boardgamegeek.com\/boardgame\/253743\/fuji-koro\">PAGINA BGG<\/a><\/p>\n<p><iframe title=\"Conociendo Fuji Koro\" width=\"640\" height=\"360\" src=\"https:\/\/www.youtube.com\/embed\/VhnwmwyDKrc?feature=oembed\" frameborder=\"0\" allow=\"accelerometer; autoplay; clipboard-write; encrypted-media; gyroscope; picture-in-picture; web-share\" referrerpolicy=\"strict-origin-when-cross-origin\" allowfullscreen><\/iframe><\/p>\n","protected":false},"excerpt":{"rendered":"<p>Fuji Koro se puede jugar en modo competitivo de 2 a 6 jugadores o en modo cooperativo de 1 a 6 jugadores. Los jugadores intentar\u00e1n reunir pergaminos sagrados y planos de armas m\u00e1gicas, recolectar recursos, fabricar el mejor equipo posible y salir del volc\u00e1n antes de que entre en erupci\u00f3n. Para complicar las cosas, los jugadores se encontrar\u00e1n con fant\u00e1sticos dragones durante su recorrido por el volc\u00e1n, a los que&hellip;<\/p>\n","protected":false},"featured_media":5864,"comment_status":"open","ping_status":"closed","template":"","meta":[],"product_brand":[],"product_cat":[84],"product_tag":[93,87,90],"class_list":{"0":"post-5863","1":"product","2":"type-product","3":"status-publish","4":"has-post-thumbnail","6":"product_cat-estrategia","7":"product_tag-dados","8":"product_tag-explorar","9":"product_tag-fantasia","11":"first","12":"instock","13":"taxable","14":"shipping-taxable","15":"purchasable","16":"product-type-simple"},"jetpack_sharing_enabled":true,"_links":{"self":[{"href":"https:\/\/veneludica.com\/index.php?rest_route=\/wp\/v2\/product\/5863","targetHints":{"allow":["GET"]}}],"collection":[{"href":"https:\/\/veneludica.com\/index.php?rest_route=\/wp\/v2\/product"}],"about":[{"href":"https:\/\/veneludica.com\/index.php?rest_route=\/wp\/v2\/types\/product"}],"replies":[{"embeddable":true,"href":"https:\/\/veneludica.com\/index.php?rest_route=%2Fwp%2Fv2%2Fcomments&post=5863"}],"version-history":[{"count":2,"href":"https:\/\/veneludica.com\/index.php?rest_route=\/wp\/v2\/product\/5863\/revisions"}],"predecessor-version":[{"id":5866,"href":"https:\/\/veneludica.com\/index.php?rest_route=\/wp\/v2\/product\/5863\/revisions\/5866"}],"wp:featuredmedia":[{"embeddable":true,"href":"https:\/\/veneludica.com\/index.php?rest_route=\/wp\/v2\/media\/5864"}],"wp:attachment":[{"href":"https:\/\/veneludica.com\/index.php?rest_route=%2Fwp%2Fv2%2Fmedia&parent=5863"}],"wp:term":[{"taxonomy":"product_brand","embeddable":true,"href":"https:\/\/veneludica.com\/index.php?rest_route=%2Fwp%2Fv2%2Fproduct_brand&post=5863"},{"taxonomy":"product_cat","embeddable":true,"href":"https:\/\/veneludica.com\/index.php?rest_route=%2Fwp%2Fv2%2Fproduct_cat&post=5863"},{"taxonomy":"product_tag","embeddable":true,"href":"https:\/\/veneludica.com\/index.php?rest_route=%2Fwp%2Fv2%2Fproduct_tag&post=5863"}],"curies":[{"name":"wp","href":"https:\/\/api.w.org\/{rel}","templated":true}]}}