{"id":5867,"date":"2026-01-10T03:52:46","date_gmt":"2026-01-10T03:52:46","guid":{"rendered":"https:\/\/veneludica.com\/?post_type=product&#038;p=5867"},"modified":"2026-01-10T03:52:46","modified_gmt":"2026-01-10T03:52:46","slug":"funko-godzilla-tokyo-clash","status":"publish","type":"product","link":"https:\/\/veneludica.com\/?product=funko-godzilla-tokyo-clash","title":{"rendered":"Funko Godzilla Tokyo Clash"},"content":{"rendered":"<p data-start=\"91\" data-end=\"439\">En <strong data-start=\"94\" data-end=\"119\">Godzilla: Tokyo Clash<\/strong>, juegas como los Kaiju m\u00e1s temibles de la Tierra \u2014<strong data-start=\"170\" data-end=\"215\">Godzilla, Mothra, King Ghidorah y Megalon<\/strong>\u2014 compitiendo por ser el monstruo m\u00e1s aterrador de Jap\u00f3n. Con <strong data-start=\"277\" data-end=\"302\">miniaturas detalladas<\/strong> de los legendarios monstruos y un <strong data-start=\"337\" data-end=\"369\">paisaje urbano modular en 3D<\/strong> lleno de edificios para destruir, \u00a1cada partida es una batalla \u00e9pica!<\/p>\n<p data-start=\"441\" data-end=\"858\">M\u00e1s en detalle, <strong data-start=\"457\" data-end=\"504\">cada jugador tiene su propio mazo de cartas<\/strong>, \u00fanico para el kaiju que controla. Mientras lanzas trenes y tanques contra tus oponentes y los atacas directamente para causarles da\u00f1o, puedes <strong data-start=\"648\" data-end=\"679\">descartar cartas de su mazo<\/strong>, reduciendo sus opciones en los siguientes turnos. A medida que aplastas la ciudad, puedes <strong data-start=\"771\" data-end=\"788\">ganar energ\u00eda<\/strong>, que te permite <strong data-start=\"805\" data-end=\"836\">colocar mejoras permanentes<\/strong> en tus habilidades.<\/p>\n<p data-start=\"441\" data-end=\"858\"><a href=\"https:\/\/boardgamegeek.com\/boardgame\/303051\/godzilla-tokyo-clash\">PAGINA BGG<\/a><\/p>\n<p><iframe title=\"GODZILLA Tokyo Clash. C\u00f3mo jugar, en espa\u00f1ol.\" width=\"640\" height=\"360\" src=\"https:\/\/www.youtube.com\/embed\/60H1Fxpq4jk?feature=oembed\" frameborder=\"0\" allow=\"accelerometer; autoplay; clipboard-write; encrypted-media; gyroscope; picture-in-picture; web-share\" referrerpolicy=\"strict-origin-when-cross-origin\" allowfullscreen><\/iframe><\/p>\n","protected":false},"excerpt":{"rendered":"<p>En Godzilla: Tokyo Clash, juegas como los Kaiju m\u00e1s temibles de la Tierra \u2014Godzilla, Mothra, King Ghidorah y Megalon\u2014 compitiendo por ser el monstruo m\u00e1s aterrador de Jap\u00f3n. Con miniaturas detalladas de los legendarios monstruos y un paisaje urbano modular en 3D lleno de edificios para destruir, \u00a1cada partida es una batalla \u00e9pica! M\u00e1s en detalle, cada jugador tiene su propio mazo de cartas, \u00fanico para el kaiju que controla.&hellip;<\/p>\n","protected":false},"featured_media":5868,"comment_status":"open","ping_status":"closed","template":"","meta":[],"product_brand":[],"product_cat":[203,229],"product_tag":[155],"class_list":{"0":"post-5867","1":"product","2":"type-product","3":"status-publish","4":"has-post-thumbnail","6":"product_cat-tematico","7":"product_cat-wargames","8":"product_tag-cartas","10":"first","11":"instock","12":"taxable","13":"shipping-taxable","14":"purchasable","15":"product-type-simple"},"jetpack_sharing_enabled":true,"_links":{"self":[{"href":"https:\/\/veneludica.com\/index.php?rest_route=\/wp\/v2\/product\/5867","targetHints":{"allow":["GET"]}}],"collection":[{"href":"https:\/\/veneludica.com\/index.php?rest_route=\/wp\/v2\/product"}],"about":[{"href":"https:\/\/veneludica.com\/index.php?rest_route=\/wp\/v2\/types\/product"}],"replies":[{"embeddable":true,"href":"https:\/\/veneludica.com\/index.php?rest_route=%2Fwp%2Fv2%2Fcomments&post=5867"}],"version-history":[{"count":1,"href":"https:\/\/veneludica.com\/index.php?rest_route=\/wp\/v2\/product\/5867\/revisions"}],"predecessor-version":[{"id":5871,"href":"https:\/\/veneludica.com\/index.php?rest_route=\/wp\/v2\/product\/5867\/revisions\/5871"}],"wp:featuredmedia":[{"embeddable":true,"href":"https:\/\/veneludica.com\/index.php?rest_route=\/wp\/v2\/media\/5868"}],"wp:attachment":[{"href":"https:\/\/veneludica.com\/index.php?rest_route=%2Fwp%2Fv2%2Fmedia&parent=5867"}],"wp:term":[{"taxonomy":"product_brand","embeddable":true,"href":"https:\/\/veneludica.com\/index.php?rest_route=%2Fwp%2Fv2%2Fproduct_brand&post=5867"},{"taxonomy":"product_cat","embeddable":true,"href":"https:\/\/veneludica.com\/index.php?rest_route=%2Fwp%2Fv2%2Fproduct_cat&post=5867"},{"taxonomy":"product_tag","embeddable":true,"href":"https:\/\/veneludica.com\/index.php?rest_route=%2Fwp%2Fv2%2Fproduct_tag&post=5867"}],"curies":[{"name":"wp","href":"https:\/\/api.w.org\/{rel}","templated":true}]}}