{"id":5873,"date":"2026-01-10T03:57:25","date_gmt":"2026-01-10T03:57:25","guid":{"rendered":"https:\/\/veneludica.com\/?post_type=product&#038;p=5873"},"modified":"2026-01-10T03:57:25","modified_gmt":"2026-01-10T03:57:25","slug":"future-inc","status":"publish","type":"product","link":"https:\/\/veneludica.com\/?product=future-inc","title":{"rendered":"Future Inc."},"content":{"rendered":"<div class=\"flex flex-col text-sm pb-25\">\n<article class=\"text-token-text-primary w-full focus:outline-none [--shadow-height:45px] has-data-writing-block:pointer-events-none has-data-writing-block:-mt-(--shadow-height) has-data-writing-block:pt-(--shadow-height) [&amp;:has([data-writing-block])&gt;*]:pointer-events-auto scroll-mt-[calc(var(--header-height)+min(200px,max(70px,20svh)))]\" dir=\"auto\" tabindex=\"-1\" data-turn-id=\"request-695dbbb7-fe08-832b-93b8-6f9eb3451912-87\" data-testid=\"conversation-turn-206\" data-scroll-anchor=\"true\" data-turn=\"assistant\">\n<div class=\"text-base my-auto mx-auto pb-10 [--thread-content-margin:--spacing(4)] @w-sm\/main:[--thread-content-margin:--spacing(6)] @w-lg\/main:[--thread-content-margin:--spacing(16)] px-(--thread-content-margin)\">\n<div class=\"[--thread-content-max-width:40rem] @w-lg\/main:[--thread-content-max-width:48rem] mx-auto max-w-(--thread-content-max-width) flex-1 group\/turn-messages focus-visible:outline-hidden relative flex w-full min-w-0 flex-col agent-turn\" tabindex=\"-1\">\n<div class=\"flex max-w-full flex-col grow\">\n<div class=\"min-h-8 text-message relative flex w-full flex-col items-end gap-2 text-start break-words whitespace-normal [.text-message+&amp;]:mt-1\" dir=\"auto\" data-message-author-role=\"assistant\" data-message-id=\"e20ace6b-62f1-4502-a233-cc15cfd2eed5\" data-message-model-slug=\"gpt-5-mini\">\n<div class=\"flex w-full flex-col gap-1 empty:hidden first:pt-[1px]\">\n<div class=\"markdown prose dark:prose-invert w-full break-words dark markdown-new-styling\">\n<p data-start=\"81\" data-end=\"333\">\u00a1Bienvenido a <strong data-start=\"95\" data-end=\"111\">Future Inc.!<\/strong> Invierte en las mejores f\u00e1bricas para producir y vender tus productos, mantente atento a la competencia y reacciona a la demanda del mercado, con el objetivo de convertirte en el empresario m\u00e1s exitoso del futuro cercano.<\/p>\n<p data-start=\"335\" data-end=\"500\"><strong data-start=\"335\" data-end=\"350\">Future Inc.<\/strong> es un juego de cartas econ\u00f3mico que se juega a lo largo de <strong data-start=\"410\" data-end=\"426\">cinco rondas<\/strong>, cada una dividida en <strong data-start=\"449\" data-end=\"473\">tres fases de acci\u00f3n<\/strong> y <strong data-start=\"476\" data-end=\"499\">una fase de mercado<\/strong>.<\/p>\n<p data-start=\"502\" data-end=\"732\">Durante las fases de acci\u00f3n, los jugadores se turnan para comprar f\u00e1bricas y promocionar los productos que m\u00e1s les interesan. Luego, en la fase de mercado, los jugadores compiten para vender la mayor cantidad de productos posible.<\/p>\n<p data-start=\"734\" data-end=\"976\" data-is-last-node=\"\" data-is-only-node=\"\">Tras la fase de mercado de la \u00faltima ronda, el juego termina. Cada jugador suma las ganancias obtenidas hasta ese momento al valor total de sus f\u00e1bricas, determinando as\u00ed su puntuaci\u00f3n. <strong data-start=\"920\" data-end=\"976\" data-is-last-node=\"\">El jugador con la puntuaci\u00f3n m\u00e1s alta es el ganador.<\/strong><\/p>\n<\/div>\n<\/div>\n<\/div>\n<\/div>\n<div class=\"z-0 flex min-h-[46px] justify-start\"><a href=\"https:\/\/boardgamegeek.com\/boardgame\/387305\/future-inc\">PAGINA BGG<\/a><\/div>\n<div class=\"text-center\">\n<p><iframe title=\"Conociendo Future, Inc.\" width=\"640\" height=\"360\" src=\"https:\/\/www.youtube.com\/embed\/myRkOh3k0q0?feature=oembed\" frameborder=\"0\" allow=\"accelerometer; autoplay; clipboard-write; encrypted-media; gyroscope; picture-in-picture; web-share\" referrerpolicy=\"strict-origin-when-cross-origin\" allowfullscreen><\/iframe><\/p>\n<\/div>\n<\/div>\n<\/div>\n<\/article>\n<\/div>\n<div class=\"pointer-events-none h-px w-px absolute bottom-0\" aria-hidden=\"true\" data-edge=\"true\"><\/div>\n","protected":false},"excerpt":{"rendered":"<p>\u00a1Bienvenido a Future Inc.! Invierte en las mejores f\u00e1bricas para producir y vender tus productos, mantente atento a la competencia y reacciona a la demanda del mercado, con el objetivo de convertirte en el empresario m\u00e1s exitoso del futuro cercano. Future Inc. es un juego de cartas econ\u00f3mico que se juega a lo largo de cinco rondas, cada una dividida en tres fases de acci\u00f3n y una fase de mercado.&hellip;<\/p>\n","protected":false},"featured_media":5874,"comment_status":"open","ping_status":"closed","template":"","meta":[],"product_brand":[],"product_cat":[84],"product_tag":[155,265],"class_list":{"0":"post-5873","1":"product","2":"type-product","3":"status-publish","4":"has-post-thumbnail","6":"product_cat-estrategia","7":"product_tag-cartas","8":"product_tag-econmia","10":"first","11":"instock","12":"taxable","13":"shipping-taxable","14":"purchasable","15":"product-type-simple"},"jetpack_sharing_enabled":true,"_links":{"self":[{"href":"https:\/\/veneludica.com\/index.php?rest_route=\/wp\/v2\/product\/5873","targetHints":{"allow":["GET"]}}],"collection":[{"href":"https:\/\/veneludica.com\/index.php?rest_route=\/wp\/v2\/product"}],"about":[{"href":"https:\/\/veneludica.com\/index.php?rest_route=\/wp\/v2\/types\/product"}],"replies":[{"embeddable":true,"href":"https:\/\/veneludica.com\/index.php?rest_route=%2Fwp%2Fv2%2Fcomments&post=5873"}],"version-history":[{"count":1,"href":"https:\/\/veneludica.com\/index.php?rest_route=\/wp\/v2\/product\/5873\/revisions"}],"predecessor-version":[{"id":5876,"href":"https:\/\/veneludica.com\/index.php?rest_route=\/wp\/v2\/product\/5873\/revisions\/5876"}],"wp:featuredmedia":[{"embeddable":true,"href":"https:\/\/veneludica.com\/index.php?rest_route=\/wp\/v2\/media\/5874"}],"wp:attachment":[{"href":"https:\/\/veneludica.com\/index.php?rest_route=%2Fwp%2Fv2%2Fmedia&parent=5873"}],"wp:term":[{"taxonomy":"product_brand","embeddable":true,"href":"https:\/\/veneludica.com\/index.php?rest_route=%2Fwp%2Fv2%2Fproduct_brand&post=5873"},{"taxonomy":"product_cat","embeddable":true,"href":"https:\/\/veneludica.com\/index.php?rest_route=%2Fwp%2Fv2%2Fproduct_cat&post=5873"},{"taxonomy":"product_tag","embeddable":true,"href":"https:\/\/veneludica.com\/index.php?rest_route=%2Fwp%2Fv2%2Fproduct_tag&post=5873"}],"curies":[{"name":"wp","href":"https:\/\/api.w.org\/{rel}","templated":true}]}}