{"id":5884,"date":"2026-01-12T02:27:48","date_gmt":"2026-01-12T02:27:48","guid":{"rendered":"https:\/\/veneludica.com\/?post_type=product&#038;p=5884"},"modified":"2026-01-12T02:27:48","modified_gmt":"2026-01-12T02:27:48","slug":"ganymede","status":"publish","type":"product","link":"https:\/\/veneludica.com\/?product=ganymede","title":{"rendered":"Ganymede"},"content":{"rendered":"<p data-start=\"120\" data-end=\"479\"><em data-start=\"120\" data-end=\"130\">Ganymede<\/em> es un juego de desarrollo y creaci\u00f3n de tableau en el que los jugadores encarnan corporaciones especializadas en enviar colonos para colonizar el universo. Para lograrlo, reclutar\u00e1s colonos en la Tierra, utilizar\u00e1s lanzaderas para transportarlos a Marte y, despu\u00e9s, a Gan\u00edmedes, donde se encuentra la base de lanzamiento de las naves colonizadoras.<\/p>\n<p data-start=\"481\" data-end=\"677\">La partida termina cuando un jugador ha lanzado cuatro naves de colonos al espacio. Los jugadores obtienen puntos de victoria por las naves lanzadas y por su posici\u00f3n en el marcador de reputaci\u00f3n.<\/p>\n<p data-start=\"481\" data-end=\"677\"><a href=\"https:\/\/boardgamegeek.com\/boardgame\/248005\/ganymede\">PAGINA BGG<\/a><\/p>\n<p><iframe title=\"Conociendo Gan\u00edmedes\" width=\"640\" height=\"360\" src=\"https:\/\/www.youtube.com\/embed\/nN00dwLTU5o?feature=oembed\" frameborder=\"0\" allow=\"accelerometer; autoplay; clipboard-write; encrypted-media; gyroscope; picture-in-picture; web-share\" referrerpolicy=\"strict-origin-when-cross-origin\" allowfullscreen><\/iframe><\/p>\n","protected":false},"excerpt":{"rendered":"<p>Ganymede es un juego de desarrollo y creaci\u00f3n de tableau en el que los jugadores encarnan corporaciones especializadas en enviar colonos para colonizar el universo. Para lograrlo, reclutar\u00e1s colonos en la Tierra, utilizar\u00e1s lanzaderas para transportarlos a Marte y, despu\u00e9s, a Gan\u00edmedes, donde se encuentra la base de lanzamiento de las naves colonizadoras. La partida termina cuando un jugador ha lanzado cuatro naves de colonos al espacio. Los jugadores obtienen&hellip;<\/p>\n","protected":false},"featured_media":5885,"comment_status":"open","ping_status":"closed","template":"","meta":[],"product_brand":[],"product_cat":[84],"product_tag":[155],"class_list":{"0":"post-5884","1":"product","2":"type-product","3":"status-publish","4":"has-post-thumbnail","6":"product_cat-estrategia","7":"product_tag-cartas","9":"first","10":"instock","11":"taxable","12":"shipping-taxable","13":"purchasable","14":"product-type-simple"},"jetpack_sharing_enabled":true,"_links":{"self":[{"href":"https:\/\/veneludica.com\/index.php?rest_route=\/wp\/v2\/product\/5884","targetHints":{"allow":["GET"]}}],"collection":[{"href":"https:\/\/veneludica.com\/index.php?rest_route=\/wp\/v2\/product"}],"about":[{"href":"https:\/\/veneludica.com\/index.php?rest_route=\/wp\/v2\/types\/product"}],"replies":[{"embeddable":true,"href":"https:\/\/veneludica.com\/index.php?rest_route=%2Fwp%2Fv2%2Fcomments&post=5884"}],"version-history":[{"count":1,"href":"https:\/\/veneludica.com\/index.php?rest_route=\/wp\/v2\/product\/5884\/revisions"}],"predecessor-version":[{"id":5887,"href":"https:\/\/veneludica.com\/index.php?rest_route=\/wp\/v2\/product\/5884\/revisions\/5887"}],"wp:featuredmedia":[{"embeddable":true,"href":"https:\/\/veneludica.com\/index.php?rest_route=\/wp\/v2\/media\/5885"}],"wp:attachment":[{"href":"https:\/\/veneludica.com\/index.php?rest_route=%2Fwp%2Fv2%2Fmedia&parent=5884"}],"wp:term":[{"taxonomy":"product_brand","embeddable":true,"href":"https:\/\/veneludica.com\/index.php?rest_route=%2Fwp%2Fv2%2Fproduct_brand&post=5884"},{"taxonomy":"product_cat","embeddable":true,"href":"https:\/\/veneludica.com\/index.php?rest_route=%2Fwp%2Fv2%2Fproduct_cat&post=5884"},{"taxonomy":"product_tag","embeddable":true,"href":"https:\/\/veneludica.com\/index.php?rest_route=%2Fwp%2Fv2%2Fproduct_tag&post=5884"}],"curies":[{"name":"wp","href":"https:\/\/api.w.org\/{rel}","templated":true}]}}