{"id":5888,"date":"2026-01-12T02:31:23","date_gmt":"2026-01-12T02:31:23","guid":{"rendered":"https:\/\/veneludica.com\/?post_type=product&#038;p=5888"},"modified":"2026-01-12T02:31:23","modified_gmt":"2026-01-12T02:31:23","slug":"garabatos-y-mazmorras","status":"publish","type":"product","link":"https:\/\/veneludica.com\/?product=garabatos-y-mazmorras","title":{"rendered":"Garabatos y Mazmorras"},"content":{"rendered":"<p data-start=\"126\" data-end=\"532\">Visitar una mazmorra puede ser una experiencia bastante tormentosa desde el punto de vista del h\u00e9roe, as\u00ed que \u00bfpor qu\u00e9 no cambiar de bando y convertirte en un arquitecto de mazmorras titulado? En <em data-start=\"322\" data-end=\"338\">Doodle Dungeon<\/em>, cada jugador trabaja en el plano de su propia mazmorra. Las cartas seleccionadas mediante draft determinan qu\u00e9 elementos \u2014monstruos, trampas y tesoros\u2014 deben a\u00f1adirse inmediatamente al dise\u00f1o.<\/p>\n<p data-start=\"534\" data-end=\"1098\">Tras draftear catorce cartas, los planos se pasan al siguiente jugador, que dibuja el recorrido que seguir\u00e1 un h\u00e9roe de pruebas antropom\u00f3rfico, porque hoy en d\u00eda, incluso en el negocio de las mazmorras, nada funciona sin un control de calidad. Luego, los jugadores recuperan sus propios planos e intentan evitar que el h\u00e9roe de prueba mate a sus monstruos, robe sus tesoros y \u2014por supuesto\u2014 logre salir con vida. Para ello, pueden usar las cartas drafteadas tanto para enfrentarse al h\u00e9roe como para ayudar a los h\u00e9roes que recorren las mazmorras de sus oponentes.<\/p>\n<p data-start=\"1100\" data-end=\"1181\">Al final, solo el creador de la mazmorra m\u00e1s retorcida se alzar\u00e1 con la victoria.<\/p>\n<p data-start=\"1183\" data-end=\"1324\"><em data-start=\"1183\" data-end=\"1199\">Doodle Dungeon<\/em> combina la satisfacci\u00f3n de crear y defender tu propia mazmorra con una din\u00e1mica de juego atractiva basada en draft y dibujo.<\/p>\n<p data-start=\"1183\" data-end=\"1324\"><a href=\"https:\/\/boardgamegeek.com\/boardgame\/299939\/doodle-dungeon\">PAGINA BGG<\/a><\/p>\n<p><iframe title=\"Conociendo Garabatos y Mazmorras\" width=\"640\" height=\"360\" src=\"https:\/\/www.youtube.com\/embed\/qkIYUEXCp8s?feature=oembed\" frameborder=\"0\" allow=\"accelerometer; autoplay; clipboard-write; encrypted-media; gyroscope; picture-in-picture; web-share\" referrerpolicy=\"strict-origin-when-cross-origin\" allowfullscreen><\/iframe><\/p>\n","protected":false},"excerpt":{"rendered":"<p>Visitar una mazmorra puede ser una experiencia bastante tormentosa desde el punto de vista del h\u00e9roe, as\u00ed que \u00bfpor qu\u00e9 no cambiar de bando y convertirte en un arquitecto de mazmorras titulado? En Doodle Dungeon, cada jugador trabaja en el plano de su propia mazmorra. Las cartas seleccionadas mediante draft determinan qu\u00e9 elementos \u2014monstruos, trampas y tesoros\u2014 deben a\u00f1adirse inmediatamente al dise\u00f1o. Tras draftear catorce cartas, los planos se pasan&hellip;<\/p>\n","protected":false},"featured_media":5889,"comment_status":"open","ping_status":"closed","template":"","meta":[],"product_brand":[],"product_cat":[88],"product_tag":[90,268],"class_list":{"0":"post-5888","1":"product","2":"type-product","3":"status-publish","4":"has-post-thumbnail","6":"product_cat-familiar","7":"product_tag-fantasia","8":"product_tag-humor","10":"first","11":"instock","12":"taxable","13":"shipping-taxable","14":"purchasable","15":"product-type-simple"},"jetpack_sharing_enabled":true,"_links":{"self":[{"href":"https:\/\/veneludica.com\/index.php?rest_route=\/wp\/v2\/product\/5888","targetHints":{"allow":["GET"]}}],"collection":[{"href":"https:\/\/veneludica.com\/index.php?rest_route=\/wp\/v2\/product"}],"about":[{"href":"https:\/\/veneludica.com\/index.php?rest_route=\/wp\/v2\/types\/product"}],"replies":[{"embeddable":true,"href":"https:\/\/veneludica.com\/index.php?rest_route=%2Fwp%2Fv2%2Fcomments&post=5888"}],"version-history":[{"count":1,"href":"https:\/\/veneludica.com\/index.php?rest_route=\/wp\/v2\/product\/5888\/revisions"}],"predecessor-version":[{"id":5890,"href":"https:\/\/veneludica.com\/index.php?rest_route=\/wp\/v2\/product\/5888\/revisions\/5890"}],"wp:featuredmedia":[{"embeddable":true,"href":"https:\/\/veneludica.com\/index.php?rest_route=\/wp\/v2\/media\/5889"}],"wp:attachment":[{"href":"https:\/\/veneludica.com\/index.php?rest_route=%2Fwp%2Fv2%2Fmedia&parent=5888"}],"wp:term":[{"taxonomy":"product_brand","embeddable":true,"href":"https:\/\/veneludica.com\/index.php?rest_route=%2Fwp%2Fv2%2Fproduct_brand&post=5888"},{"taxonomy":"product_cat","embeddable":true,"href":"https:\/\/veneludica.com\/index.php?rest_route=%2Fwp%2Fv2%2Fproduct_cat&post=5888"},{"taxonomy":"product_tag","embeddable":true,"href":"https:\/\/veneludica.com\/index.php?rest_route=%2Fwp%2Fv2%2Fproduct_tag&post=5888"}],"curies":[{"name":"wp","href":"https:\/\/api.w.org\/{rel}","templated":true}]}}