{"id":5891,"date":"2026-01-12T02:37:42","date_gmt":"2026-01-12T02:37:42","guid":{"rendered":"https:\/\/veneludica.com\/?post_type=product&#038;p=5891"},"modified":"2026-01-12T02:37:42","modified_gmt":"2026-01-12T02:37:42","slug":"ghost-blaster","status":"publish","type":"product","link":"https:\/\/veneludica.com\/?product=ghost-blaster","title":{"rendered":"Ghost Blaster"},"content":{"rendered":"<p data-start=\"104\" data-end=\"326\">\u00a1La vieja torre del reloj da la medianoche! Los tres cazafantasmas recargan r\u00e1pidamente su munici\u00f3n de baba verde en sus pistolas de energ\u00eda hechas a mano y se adentran en el castillo. \u00a1Que comience la caza de fantasmas!<\/p>\n<p data-start=\"328\" data-end=\"634\">En <em data-start=\"331\" data-end=\"346\">Ghost Blaster<\/em>, los jugadores intentan golpear y atrapar a los fantasmas con la cantidad justa de baba. Deben lanzar los dados en secuencia y revelar a los fantasmas usando las cartas de los cazafantasmas. Cuando se muestran tres cartas del mismo fantasma, \u00a1este queda atrapado y ya no puede escapar!<\/p>\n<p data-start=\"636\" data-end=\"945\">\u00a1Pero ojo! Si los jugadores descubren por accidente una carta de cerradura, el cazafantasmas queda atrapado en la trampa y debe ir al calabozo. Otros jugadores pueden liberarlo, pero eso les hace perder un tiempo valioso. El objetivo es capturar a todos los fantasmas antes de que termine la hora fantasmal.<\/p>\n<p data-start=\"636\" data-end=\"945\"><a href=\"https:\/\/boardgamegeek.com\/boardgame\/166931\/ghost-blaster\">PAGINA BGG<\/a><\/p>\n<p><iframe title=\"HABA Ghost Blaster\" width=\"640\" height=\"360\" src=\"https:\/\/www.youtube.com\/embed\/X0WdCguX85M?feature=oembed\" frameborder=\"0\" allow=\"accelerometer; autoplay; clipboard-write; encrypted-media; gyroscope; picture-in-picture; web-share\" referrerpolicy=\"strict-origin-when-cross-origin\" allowfullscreen><\/iframe><\/p>\n","protected":false},"excerpt":{"rendered":"<p>\u00a1La vieja torre del reloj da la medianoche! Los tres cazafantasmas recargan r\u00e1pidamente su munici\u00f3n de baba verde en sus pistolas de energ\u00eda hechas a mano y se adentran en el castillo. \u00a1Que comience la caza de fantasmas! En Ghost Blaster, los jugadores intentan golpear y atrapar a los fantasmas con la cantidad justa de baba. Deben lanzar los dados en secuencia y revelar a los fantasmas usando las cartas&hellip;<\/p>\n","protected":false},"featured_media":5892,"comment_status":"open","ping_status":"closed","template":"","meta":[],"product_brand":[],"product_cat":[269],"product_tag":[270,271],"class_list":{"0":"post-5891","1":"product","2":"type-product","3":"status-publish","4":"has-post-thumbnail","6":"product_cat-juegos-infantiles","7":"product_tag-deduccion","8":"product_tag-memoria","10":"first","11":"instock","12":"taxable","13":"shipping-taxable","14":"purchasable","15":"product-type-simple"},"jetpack_sharing_enabled":true,"_links":{"self":[{"href":"https:\/\/veneludica.com\/index.php?rest_route=\/wp\/v2\/product\/5891","targetHints":{"allow":["GET"]}}],"collection":[{"href":"https:\/\/veneludica.com\/index.php?rest_route=\/wp\/v2\/product"}],"about":[{"href":"https:\/\/veneludica.com\/index.php?rest_route=\/wp\/v2\/types\/product"}],"replies":[{"embeddable":true,"href":"https:\/\/veneludica.com\/index.php?rest_route=%2Fwp%2Fv2%2Fcomments&post=5891"}],"version-history":[{"count":1,"href":"https:\/\/veneludica.com\/index.php?rest_route=\/wp\/v2\/product\/5891\/revisions"}],"predecessor-version":[{"id":5893,"href":"https:\/\/veneludica.com\/index.php?rest_route=\/wp\/v2\/product\/5891\/revisions\/5893"}],"wp:featuredmedia":[{"embeddable":true,"href":"https:\/\/veneludica.com\/index.php?rest_route=\/wp\/v2\/media\/5892"}],"wp:attachment":[{"href":"https:\/\/veneludica.com\/index.php?rest_route=%2Fwp%2Fv2%2Fmedia&parent=5891"}],"wp:term":[{"taxonomy":"product_brand","embeddable":true,"href":"https:\/\/veneludica.com\/index.php?rest_route=%2Fwp%2Fv2%2Fproduct_brand&post=5891"},{"taxonomy":"product_cat","embeddable":true,"href":"https:\/\/veneludica.com\/index.php?rest_route=%2Fwp%2Fv2%2Fproduct_cat&post=5891"},{"taxonomy":"product_tag","embeddable":true,"href":"https:\/\/veneludica.com\/index.php?rest_route=%2Fwp%2Fv2%2Fproduct_tag&post=5891"}],"curies":[{"name":"wp","href":"https:\/\/api.w.org\/{rel}","templated":true}]}}