{"id":5895,"date":"2026-01-12T02:43:33","date_gmt":"2026-01-12T02:43:33","guid":{"rendered":"https:\/\/veneludica.com\/?post_type=product&#038;p=5895"},"modified":"2026-01-12T02:43:33","modified_gmt":"2026-01-12T02:43:33","slug":"ghost-blitz-2","status":"publish","type":"product","link":"https:\/\/veneludica.com\/?product=ghost-blitz-2","title":{"rendered":"Ghost Blitz 2"},"content":{"rendered":"<p data-start=\"50\" data-end=\"585\"><strong data-start=\"50\" data-end=\"69\">Ghost Blitz 2.0<\/strong> \u2013 La nueva versi\u00f3n de <em data-start=\"92\" data-end=\"105\">Ghost Blitz<\/em> con diferentes objetos \u2013 cinco objetos de madera est\u00e1n sobre la mesa esperando a ser atrapados: un fantasma femenino blanco, una rana verde, una ba\u00f1era gris, un cepillo de pelo azul y una toalla de ba\u00f1o roja. Cada carta del mazo muestra im\u00e1genes de dos objetos, con uno o ambos objetos pintados del color incorrecto. Todos los jugadores juegan al mismo tiempo: alguien revela una carta y luego los jugadores deben agarrar el objeto &#8220;correcto&#8221;, pero \u00bfcu\u00e1l es el objeto correcto?<\/p>\n<ul data-start=\"587\" data-end=\"1062\">\n<li data-start=\"587\" data-end=\"752\">\n<p data-start=\"589\" data-end=\"752\">Si un objeto tiene el color correcto \u2013 por ejemplo, una ba\u00f1era verde y una alfombra roja \u2013 entonces los jugadores deben agarrar ese objeto con el color correcto.<\/p>\n<\/li>\n<li data-start=\"753\" data-end=\"1062\">\n<p data-start=\"755\" data-end=\"1062\">Si ambos objetos est\u00e1n pintados del color incorrecto \u2013 por ejemplo, una ba\u00f1era verde y un fantasma rojo \u2013 entonces se busca el objeto y color que no est\u00e9 representado entre los cuatro detalles mostrados. En este caso ves verde, rojo, fantasma y ba\u00f1era, as\u00ed que los jugadores deben agarrar el cepillo azul.<\/p>\n<\/li>\n<\/ul>\n<p data-start=\"1064\" data-end=\"1188\">La nueva versi\u00f3n de <em data-start=\"1084\" data-end=\"1097\">Ghost Blitz<\/em> funciona de manera similar al juego original, pero incluye las siguientes reglas nuevas:<\/p>\n<ul data-start=\"1189\" data-end=\"1481\">\n<li data-start=\"1189\" data-end=\"1258\">\n<p data-start=\"1191\" data-end=\"1258\">Si aparece la rana, debes decir el nombre del objeto en voz alta.<\/p>\n<\/li>\n<li data-start=\"1259\" data-end=\"1384\">\n<p data-start=\"1261\" data-end=\"1384\">Si la rana o cualquier otro objeto aparece con su color original, debes decir el objeto correcto en un idioma extranjero.<\/p>\n<\/li>\n<li data-start=\"1385\" data-end=\"1481\">\n<p data-start=\"1387\" data-end=\"1481\">Si aparece la toalla en una carta, el objeto del color de la toalla es el que debes agarrar.<\/p>\n<\/li>\n<\/ul>\n<p data-start=\"1483\" data-end=\"1790\">El primer jugador que agarre el objeto correcto se queda con la carta y revela la siguiente carta del mazo. Si un jugador agarra el objeto incorrecto, debe descartar una carta que haya recogido previamente. Una vez que se acaben las cartas del mazo, el juego termina y gana quien haya recogido m\u00e1s cartas.<\/p>\n<p data-start=\"1483\" data-end=\"1790\"><a href=\"https:\/\/boardgamegeek.com\/boardgame\/118705\/ghost-blitz-2\">PAGINA BGG<\/a><\/p>\n<p><iframe title=\"Fantasma Blitz \ud83d\udc7b | C\u00f3mo Jugar + Rese\u00f1a\" width=\"640\" height=\"360\" src=\"https:\/\/www.youtube.com\/embed\/rCG6BGmVqcc?feature=oembed\" frameborder=\"0\" allow=\"accelerometer; autoplay; clipboard-write; encrypted-media; gyroscope; picture-in-picture; web-share\" referrerpolicy=\"strict-origin-when-cross-origin\" allowfullscreen><\/iframe><\/p>\n","protected":false},"excerpt":{"rendered":"<p>Ghost Blitz 2.0 \u2013 La nueva versi\u00f3n de Ghost Blitz con diferentes objetos \u2013 cinco objetos de madera est\u00e1n sobre la mesa esperando a ser atrapados: un fantasma femenino blanco, una rana verde, una ba\u00f1era gris, un cepillo de pelo azul y una toalla de ba\u00f1o roja. Cada carta del mazo muestra im\u00e1genes de dos objetos, con uno o ambos objetos pintados del color incorrecto. Todos los jugadores juegan al&hellip;<\/p>\n","protected":false},"featured_media":5896,"comment_status":"open","ping_status":"closed","template":"","meta":[],"product_brand":[],"product_cat":[88,269,65],"product_tag":[155],"class_list":{"0":"post-5895","1":"product","2":"type-product","3":"status-publish","4":"has-post-thumbnail","6":"product_cat-familiar","7":"product_cat-juegos-infantiles","8":"product_cat-party-games","9":"product_tag-cartas","11":"first","12":"instock","13":"taxable","14":"shipping-taxable","15":"purchasable","16":"product-type-simple"},"jetpack_sharing_enabled":true,"_links":{"self":[{"href":"https:\/\/veneludica.com\/index.php?rest_route=\/wp\/v2\/product\/5895","targetHints":{"allow":["GET"]}}],"collection":[{"href":"https:\/\/veneludica.com\/index.php?rest_route=\/wp\/v2\/product"}],"about":[{"href":"https:\/\/veneludica.com\/index.php?rest_route=\/wp\/v2\/types\/product"}],"replies":[{"embeddable":true,"href":"https:\/\/veneludica.com\/index.php?rest_route=%2Fwp%2Fv2%2Fcomments&post=5895"}],"version-history":[{"count":1,"href":"https:\/\/veneludica.com\/index.php?rest_route=\/wp\/v2\/product\/5895\/revisions"}],"predecessor-version":[{"id":5899,"href":"https:\/\/veneludica.com\/index.php?rest_route=\/wp\/v2\/product\/5895\/revisions\/5899"}],"wp:featuredmedia":[{"embeddable":true,"href":"https:\/\/veneludica.com\/index.php?rest_route=\/wp\/v2\/media\/5896"}],"wp:attachment":[{"href":"https:\/\/veneludica.com\/index.php?rest_route=%2Fwp%2Fv2%2Fmedia&parent=5895"}],"wp:term":[{"taxonomy":"product_brand","embeddable":true,"href":"https:\/\/veneludica.com\/index.php?rest_route=%2Fwp%2Fv2%2Fproduct_brand&post=5895"},{"taxonomy":"product_cat","embeddable":true,"href":"https:\/\/veneludica.com\/index.php?rest_route=%2Fwp%2Fv2%2Fproduct_cat&post=5895"},{"taxonomy":"product_tag","embeddable":true,"href":"https:\/\/veneludica.com\/index.php?rest_route=%2Fwp%2Fv2%2Fproduct_tag&post=5895"}],"curies":[{"name":"wp","href":"https:\/\/api.w.org\/{rel}","templated":true}]}}